{"id":12997,"date":"2024-07-29T08:33:35","date_gmt":"2024-07-29T06:33:35","guid":{"rendered":"https:\/\/www.stw-saarland.de\/pinboard-new-entry\/"},"modified":"2026-04-23T19:57:19","modified_gmt":"2026-04-23T17:57:19","slug":"pinboard-new-entry","status":"publish","type":"page","link":"https:\/\/www.stw-saarland.de\/en\/pinboard-new-entry\/","title":{"rendered":"Pinboard &#8211; New entry"},"content":{"rendered":"    <div class=\"stw-pinnwand-form-wrap\">\n\n        \n        <form method=\"post\"\n              enctype=\"multipart\/form-data\"\n              class=\"stw-pinnwand-form\"\n              novalidate>\n\n            <input type=\"hidden\" id=\"stw_pinnwand_form_nonce\" name=\"stw_pinnwand_form_nonce\" value=\"01c7a08166\" \/><input type=\"hidden\" name=\"_wp_http_referer\" value=\"\/en\/wp-json\/wp\/v2\/pages\/12997\" \/>\n            <!-- Honeypot -->\n            <div style=\"display:none\" aria-hidden=\"true\">\n                <label for=\"stw_website\">Website leer lassen<\/label>\n                <input type=\"text\" id=\"stw_website\" name=\"stw_website\" tabindex=\"-1\" autocomplete=\"off\">\n            <\/div>\n\n            <!-- Titel -->\n            <div class=\"stw-field \">\n                <label for=\"stw_titel\">Titel <span aria-hidden=\"true\">*<\/span><\/label>\n                <input type=\"text\"\n                       id=\"stw_titel\"\n                       name=\"stw_titel\"\n                       value=\"\"\n                       required\n                       aria-required=\"true\"\n                       >\n                            <\/div>\n\n            <!-- Kategorie -->\n            <div class=\"stw-field \">\n                <label for=\"stw_kategorie\">Kategorie <span aria-hidden=\"true\">*<\/span><\/label>\n                <select id=\"stw_kategorie\"\n                        name=\"stw_kategorie\"\n                        required\n                        aria-required=\"true\"\n                        >\n                    <option value=\"\">\u2014 bitte w\u00e4hlen \u2014<\/option>\n                                                                        <option value=\"65\"\n                                >\n                                Abschlussarbeiten                            <\/option>\n                                                    <option value=\"61\"\n                                >\n                                Biete                            <\/option>\n                                                    <option value=\"66\"\n                                >\n                                Freizeit\/Party\/Kultur                            <\/option>\n                                                    <option value=\"67\"\n                                >\n                                Jobs                            <\/option>\n                                                    <option value=\"68\"\n                                >\n                                Kurse\/Studium                            <\/option>\n                                                    <option value=\"69\"\n                                >\n                                Mitbewohner*in gesucht (WG)                            <\/option>\n                                                    <option value=\"64\"\n                                >\n                                Sonstiges                            <\/option>\n                                                    <option value=\"62\"\n                                >\n                                Suche                            <\/option>\n                                                    <option value=\"63\"\n                                >\n                                Veranstaltungen                            <\/option>\n                                                    <option value=\"70\"\n                                >\n                                Wohnungsangebote                            <\/option>\n                                                    <option value=\"71\"\n                                >\n                                Wohnungssuche                            <\/option>\n                                                    <option value=\"72\"\n                                >\n                                Wohnungssuche                            <\/option>\n                                                    <option value=\"73\"\n                                >\n                                Zu verkaufen                            <\/option>\n                                                    <option value=\"74\"\n                                >\n                                Zu verkaufen                            <\/option>\n                                                    <option value=\"75\"\n                                >\n                                Zu verschenken                            <\/option>\n                                                    <option value=\"76\"\n                                >\n                                Zu verschenken                            <\/option>\n                                                            <\/select>\n                            <\/div>\n\n            <!-- E-Mail -->\n            <div class=\"stw-field \">\n                <label for=\"stw_email\">E-Mail <span aria-hidden=\"true\">*<\/span><\/label>\n                <input type=\"email\"\n                       id=\"stw_email\"\n                       name=\"stw_email\"\n                       value=\"\"\n                       required\n                       aria-required=\"true\"\n                       >\n                <span class=\"stw-field-hint\">Wird nur f\u00fcr den L\u00f6sch-Link verwendet und nicht ver\u00f6ffentlicht.<\/span>\n                            <\/div>\n\n            <!-- Ver\u00f6ffentlichungsdatum -->\n            <div class=\"stw-field \">\n                <label for=\"stw_datum\">Ver\u00f6ffentlichung ab <span aria-hidden=\"true\">*<\/span><\/label>\n                <input type=\"date\"\n                       id=\"stw_datum\"\n                       name=\"stw_datum\"\n                       value=\"2026-04-30\"\n                       min=\"2026-04-30\"\n                       required\n                       aria-required=\"true\"\n                       >\n                <span class=\"stw-field-hint\">Eintrag ist ab diesem Datum f\u00fcr 4 Wochen sichtbar.<\/span>\n                            <\/div>\n\n            <!-- Bild -->\n            <div class=\"stw-field \">\n                <label for=\"stw_bild\">Bild <span class=\"stw-optional\">(optional)<\/span><\/label>\n                <input type=\"file\"\n                       id=\"stw_bild\"\n                       name=\"stw_bild\"\n                       accept=\"image\/jpeg,image\/png,image\/gif\"\n                       >\n                <span class=\"stw-field-hint\">JPG, PNG oder GIF, max. 5 MB.<\/span>\n                            <\/div>\n\n            <!-- Beschreibung -->\n            <div class=\"stw-field \">\n                <label for=\"stw_beschreibung\">Beschreibung <span aria-hidden=\"true\">*<\/span><\/label>\n                <div id=\"wp-stw_beschreibung-wrap\" class=\"wp-core-ui wp-editor-wrap tmce-active\"><link rel='stylesheet' id='dashicons-css' href='https:\/\/www.stw-saarland.de\/wp-includes\/css\/dashicons.min.css?ver=6.9.4' media='all' \/>\n<link rel='stylesheet' id='editor-buttons-css' href='https:\/\/www.stw-saarland.de\/wp-includes\/css\/editor.min.css?ver=6.9.4' media='all' \/>\n<div id=\"wp-stw_beschreibung-editor-tools\" class=\"wp-editor-tools hide-if-no-js\"><div class=\"wp-editor-tabs\"><button type=\"button\" id=\"stw_beschreibung-tmce\" aria-pressed=\"true\" class=\"wp-switch-editor switch-tmce\" data-wp-editor-id=\"stw_beschreibung\">Visual<\/button>\n<button type=\"button\" id=\"stw_beschreibung-html\" class=\"wp-switch-editor switch-html\" data-wp-editor-id=\"stw_beschreibung\">Code<\/button>\n<\/div>\n<\/div>\n<div id=\"wp-stw_beschreibung-editor-container\" class=\"wp-editor-container\"><div id=\"qt_stw_beschreibung_toolbar\" class=\"quicktags-toolbar hide-if-no-js\"><\/div><textarea class=\"wp-editor-area\" rows=\"8\" autocomplete=\"off\" cols=\"40\" name=\"stw_beschreibung\" id=\"stw_beschreibung\"><\/textarea><\/div>\n<\/div>\n\n                            <\/div>\n\n            <!-- Nutzungsbedingungen -->\n            <div class=\"stw-field stw-field--checkbox \">\n                <label>\n                    <input type=\"checkbox\"\n                           name=\"stw_nutzung\"\n                           value=\"1\"\n                                                      required\n                           aria-required=\"true\"\n                           >\n                    Ich habe die <a href=\"https:\/\/www.stw-saarland.de\/agb-pinnwand\/\" target=\"_blank\" rel=\"noopener\">Nutzungsbedingungen<\/a> gelesen und akzeptiere sie. <span aria-hidden=\"true\">*<\/span>\n                <\/label>\n                            <\/div>\n\n            <p class=\"stw-required-note\"><span aria-hidden=\"true\">*<\/span> Pflichtfelder<\/p>\n\n            <button type=\"submit\" name=\"stw_pinnwand_submit\" class=\"stw-pinnwand-submit\">\n                Einsenden\n            <\/button>\n\n        <\/form>\n    <\/div>\n\n    <style>\n    .stw-pinnwand-form-wrap {\n        max-width: 700px;\n    }\n    .stw-pinnwand-success {\n        padding: 20px 25px;\n        background: #e8f5e9;\n        border-left: 4px solid #2FAE70;\n        border-radius: 4px;\n        margin-bottom: 20px;\n    }\n    .stw-pinnwand-error-general {\n        padding: 15px 20px;\n        background: #fdecea;\n        border-left: 4px solid #c00;\n        border-radius: 4px;\n        margin-bottom: 20px;\n    }\n    .stw-field {\n        margin-bottom: 20px;\n    }\n    .stw-field label {\n        display: block;\n        font-weight: 600;\n        margin-bottom: 6px;\n    }\n    .stw-field input[type=\"text\"],\n    .stw-field input[type=\"email\"],\n    .stw-field input[type=\"date\"],\n    .stw-field select {\n        width: 100%;\n        max-width: 500px;\n        padding: 10px 12px;\n        border: 1px solid #ccc;\n        border-radius: 4px;\n        font-size: 16px;\n        box-sizing: border-box;\n    }\n    .stw-field--error input,\n    .stw-field--error select,\n    .stw-field--error textarea {\n        border-color: #c00;\n    }\n    .stw-field-error {\n        display: block;\n        color: #c00;\n        font-size: 14px;\n        margin-top: 4px;\n    }\n    .stw-field-hint {\n        display: block;\n        color: #666;\n        font-size: 14px;\n        margin-top: 4px;\n    }\n    .stw-optional {\n        font-weight: 400;\n        color: #666;\n    }\n    .stw-field--checkbox label {\n        font-weight: 400;\n        display: flex;\n        align-items: flex-start;\n        gap: 10px;\n    }\n    .stw-field--checkbox input[type=\"checkbox\"] {\n        margin-top: 3px;\n        flex-shrink: 0;\n    }\n    .stw-required-note {\n        color: #666;\n        font-size: 14px;\n        margin-bottom: 20px;\n    }\n    .stw-pinnwand-submit {\n        background: #003066;\n        color: #fff;\n        border: none;\n        padding: 14px 32px;\n        font-size: 16px;\n        font-weight: 600;\n        border-radius: 4px;\n        cursor: pointer;\n        transition: background 0.2s;\n    }\n    .stw-pinnwand-submit:hover {\n        background: #004995;\n    }\n    <\/style>\n    \n","protected":false},"excerpt":{"rendered":"","protected":false},"author":1,"featured_media":0,"parent":0,"menu_order":0,"comment_status":"closed","ping_status":"closed","template":"","meta":{"_acf_changed":false,"inline_featured_image":false,"_uag_custom_page_level_css":"","footnotes":""},"class_list":["post-12997","page","type-page","status-publish"],"acf":[],"uagb_featured_image_src":{"full":false,"thumbnail":false,"medium":false,"medium_large":false,"large":false,"1536x1536":false,"2048x2048":false,"gform-image-choice-sm":false,"gform-image-choice-md":false,"gform-image-choice-lg":false},"uagb_author_info":{"display_name":"pixelarbeiter","author_link":"https:\/\/www.stw-saarland.de\/en\/author\/pixelarbeiter\/"},"uagb_comment_info":0,"uagb_excerpt":null,"_links":{"self":[{"href":"https:\/\/www.stw-saarland.de\/en\/wp-json\/wp\/v2\/pages\/12997","targetHints":{"allow":["GET"]}}],"collection":[{"href":"https:\/\/www.stw-saarland.de\/en\/wp-json\/wp\/v2\/pages"}],"about":[{"href":"https:\/\/www.stw-saarland.de\/en\/wp-json\/wp\/v2\/types\/page"}],"author":[{"embeddable":true,"href":"https:\/\/www.stw-saarland.de\/en\/wp-json\/wp\/v2\/users\/1"}],"replies":[{"embeddable":true,"href":"https:\/\/www.stw-saarland.de\/en\/wp-json\/wp\/v2\/comments?post=12997"}],"version-history":[{"count":1,"href":"https:\/\/www.stw-saarland.de\/en\/wp-json\/wp\/v2\/pages\/12997\/revisions"}],"predecessor-version":[{"id":12999,"href":"https:\/\/www.stw-saarland.de\/en\/wp-json\/wp\/v2\/pages\/12997\/revisions\/12999"}],"wp:attachment":[{"href":"https:\/\/www.stw-saarland.de\/en\/wp-json\/wp\/v2\/media?parent=12997"}],"curies":[{"name":"wp","href":"https:\/\/api.w.org\/{rel}","templated":true}]}}