{"id":1994,"date":"2024-06-01T10:01:22","date_gmt":"2024-06-01T08:01:22","guid":{"rendered":"https:\/\/www.stw-saarland.de\/gastro\/"},"modified":"2025-10-12T16:42:35","modified_gmt":"2025-10-12T14:42:35","slug":"gastro","status":"publish","type":"page","link":"https:\/\/www.stw-saarland.de\/en\/gastro\/","title":{"rendered":"Gastro"},"content":{"rendered":"\n<div class=\"titelcontainer\">\n        <div class=\"text-container\">\n            <h1>Does your <span>stomach<\/span><br\/>\n  <span>growl?<\/span>\n<\/h1>\n            <p>Then you&#8217;ve come to the right place.<br\/>Choose your <strong>LOCATION!<\/strong><\/p>\n        <\/div>\n        <div class=\"image-container\">\n            <a href=\"https:\/\/www.youtube.com\/@studierendenwerksaarland6909\/videos\" target=\"_blank\" rel=\"noopener\"><img decoding=\"async\" src=\"https:\/\/www.stw-saarland.de\/wp-content\/uploads\/2024\/10\/gatroimg.svg\" alt=\"Videos and more\"\/><\/a>\n        <\/div>\n    <\/div>\n\n<div class=\"wp-block-columns is-layout-flex wp-container-core-columns-is-layout-9d6595d7 wp-block-columns-is-layout-flex\">\n<div class=\"wp-block-column is-layout-flow wp-block-column-is-layout-flow\">\n<a href=\"#\" class=\"box standortsb\">\n    <img decoding=\"async\" src=\"https:\/\/www.stw-saarland.de\/wp-content\/uploads\/2024\/10\/mensasb_weiss.svg\" alt=\"Canteens in Saarbr\u00fccken\"\/>\n    <div class=\"box-title\">SAARBR\u00dcCKEN<\/div>\n<\/a>\n<\/div>\n\n\n\n<div class=\"wp-block-column is-layout-flow wp-block-column-is-layout-flow\">\n<a href=\"#\" class=\"box standorthomburg\">\n    <img decoding=\"async\" src=\"https:\/\/www.stw-saarland.de\/wp-content\/uploads\/2024\/10\/homburg_weiss.svg\" alt=\"Canteens in Homburg\"\/>\n    <div class=\"box-title\">HOMBURG<\/div>\n<\/a>\n<\/div>\n\n\n\n<div class=\"wp-block-column is-layout-flow wp-block-column-is-layout-flow\">\n<a href=\"https:\/\/www.stw-saarland.de\/en\/gastro\/htw-saar-goettelborn-campus\/\" class=\"box standortgoettelborn\">\n    <img decoding=\"async\" src=\"https:\/\/www.stw-saarland.de\/wp-content\/uploads\/2024\/10\/goettelborn_weiss.svg\" alt=\"Canteens in G\u00f6ttelborn\"\/>\n    <div class=\"box-title\">G\u00d6TTELBORN<\/div>\n<\/a>\n<\/div>\n<\/div>\n\n<p class=\"has-text-align-center homburgwahl has-medium-font-size\">Choose your LOCATION in HOMBURG !<\/p>\n\n<div class=\"wp-block-columns homburgwahl is-layout-flex wp-container-core-columns-is-layout-9d6595d7 wp-block-columns-is-layout-flex\">\n<div class=\"wp-block-column is-layout-flow wp-block-column-is-layout-flow\">\n<a href=\"https:\/\/www.stw-saarland.de\/en\/gastro\/homburg-canteen\/\" class=\"box mensahombox\">\n    <img decoding=\"async\" class=\"mensa\" src=\"https:\/\/www.stw-saarland.de\/wp-content\/uploads\/2024\/10\/homburg_weiss.svg\" alt=\"Homburg canteen\"\/>\n    <div class=\"box-title\">MENSA<br\/>Homburg<\/div>\n<\/a>\n<\/div>\n\n\n\n<div class=\"wp-block-column is-layout-flow wp-block-column-is-layout-flow\">\n<a href=\"https:\/\/www.stw-saarland.de\/en\/gastro\/cafete-homburg\/\" class=\"box cafetebox\">\n    <img decoding=\"async\" src=\"https:\/\/www.stw-saarland.de\/wp-content\/uploads\/2024\/10\/cafete_weiss.svg\" alt=\"Cafete\"\/>\n    <div class=\"box-title\">CAFETE<\/div>\n<\/a>\n<\/div>\n<\/div>\n\n<p class=\"has-text-align-center sbwahl has-medium-font-size\">Choose your LOCATION in SAARBR\u00dcCKEN!<\/p>\n\n<div class=\"wp-block-columns sbwahl is-layout-flex wp-container-core-columns-is-layout-9d6595d7 wp-block-columns-is-layout-flex\">\n<div class=\"wp-block-column is-layout-flow wp-block-column-is-layout-flow\">\n<a href=\"https:\/\/www.stw-saarland.de\/en\/gastro\/mensa-saarland-university\/\" class=\"box mensabox\">\n    <img decoding=\"async\" class=\"mensa\" src=\"https:\/\/www.stw-saarland.de\/wp-content\/uploads\/2024\/10\/mensa_sb_weiss.svg\" alt=\"Canteen Saarbr\u00fccken\"\/>\n    <div class=\"box-title\">MENSA<br\/> Saarbr\u00fccken<\/div>\n<\/a>\n<\/div>\n\n\n\n<div class=\"wp-block-column is-layout-flow wp-block-column-is-layout-flow\">\n<a href=\"https:\/\/www.stw-saarland.de\/en\/gastro\/canteen-garden\/\" class=\"box mensagartenbox\">\n    <img decoding=\"async\" src=\"https:\/\/www.stw-saarland.de\/wp-content\/uploads\/2024\/10\/mensagarten_weiss.svg\" alt=\"Canteen garden\"\/>\n    <div class=\"box-title\">MENSAGARDEN<\/div>\n<\/a>\n<\/div>\n\n\n\n<div class=\"wp-block-column is-layout-flow wp-block-column-is-layout-flow\">\n<a href=\"https:\/\/www.stw-saarland.de\/en\/gastro\/cafe-b4r1sta\/\" class=\"box baristabox\">\n    <img decoding=\"async\" src=\"https:\/\/www.stw-saarland.de\/wp-content\/uploads\/2024\/10\/barista_weiss.svg\" alt=\"B4RISTA\"\/>\n    <div class=\"box-title\">B4RISTA<\/div>\n<\/a>\n<\/div>\n<\/div>\n\n<div class=\"wp-block-columns sbwahl is-layout-flex wp-container-core-columns-is-layout-9d6595d7 wp-block-columns-is-layout-flex\">\n<div class=\"wp-block-column is-layout-flow wp-block-column-is-layout-flow\">\n<a href=\"https:\/\/www.stw-saarland.de\/en\/gastro\/cafe-books-and-beans\/\" class=\"box bnbbox\">\n    <img decoding=\"async\" class=\"mensa\" src=\"https:\/\/www.stw-saarland.de\/wp-content\/uploads\/2024\/10\/bnb_weiss.svg\" alt=\"Canteen\"\/>\n    <div class=\"box-title\">BOOKS AND BEANS<\/div>\n<\/a>\n<\/div>\n\n\n\n<div class=\"wp-block-column is-layout-flow wp-block-column-is-layout-flow\">\n<a href=\"https:\/\/www.stw-saarland.de\/en\/gastro\/htw-saar-campus-alt-saarbruecken\/\" class=\"box htwaltbox\">\n    <img decoding=\"async\" src=\"https:\/\/www.stw-saarland.de\/wp-content\/uploads\/2024\/10\/altsb_weiss.svg\" alt=\"htw ALT-SAARBR\u00dcCKEN\"\/>\n    <div class=\"box-title\">  htw saar<br\/>Campus Alt-SB<\/div>\n<\/a>\n<\/div>\n\n\n\n<div class=\"wp-block-column is-layout-flow wp-block-column-is-layout-flow\">\n<a href=\"https:\/\/www.stw-saarland.de\/en\/gastro\/htw-saar-campus-rotenbuehl\/\" class=\"box htwrotenbbox\">\n    <img decoding=\"async\" src=\"https:\/\/www.stw-saarland.de\/wp-content\/uploads\/2024\/10\/rotenbuehl_weiss.svg\" alt=\"htw ROTENB\u00dcHL\"\/>\n    <div class=\"box-title\">htw saar<br\/>Campus Rotenb\u00fchl<\/div>\n<\/a>\n<\/div>\n<\/div>\n\n<div class=\"wp-block-columns sbwahl is-layout-flex wp-container-core-columns-is-layout-9d6595d7 wp-block-columns-is-layout-flex\">\n<div class=\"wp-block-column is-layout-flow wp-block-column-is-layout-flow\">\n<a href=\"https:\/\/www.stw-saarland.de\/en\/gastro\/canteen-university-of-music\/\" class=\"box hfmbox\">\n    <img decoding=\"async\" src=\"https:\/\/www.stw-saarland.de\/wp-content\/uploads\/2024\/10\/hfm_weiss.svg\" alt=\"HfM\"\/>\n    <div class=\"box-title\">HfM<\/div>\n<\/a>\n<\/div>\n\n\n\n<div class=\"wp-block-column is-layout-flow wp-block-column-is-layout-flow\">\n<a href=\"https:\/\/www.stw-saarland.de\/en\/gastro\/canteen-university-of-fine-arts-hbk\/\" class=\"box hbkbox\">\n    <img decoding=\"async\" src=\"https:\/\/www.stw-saarland.de\/wp-content\/uploads\/2024\/10\/hbk_weiss.svg\" alt=\"HBK\"\/>\n    <div class=\"box-title\">HBK<\/div>\n<\/a>\n<\/div>\n\n\n\n<div class=\"wp-block-column is-layout-flow wp-block-column-is-layout-flow\"><\/div>\n<\/div>\n<div class=\"lightweight-accordion\"><details><summary class=\"lightweight-accordion-title\"><span>SERVICE<\/span><\/summary><div class=\"lightweight-accordion-body\">\n\n<p><strong>Money back: UdS-Card\/htw saar-Card:<\/strong><\/p>\n\n\n\n<p>If you have any questions about rebooking or refunding credit on your UdS card or htw saar-card, or if you lose your card or have problems with loading and unloading, please contact our ticket office:  <\/p>\n\n\n\n<p><strong>Autoload:<\/strong><\/p>\n\n\n\n<p>The autoload system offers a convenient way of automatically topping up the credit on the university card. This function ensures that the credit balance is always monitored and topped up in good time so that there are always sufficient funds available for catering. To use the autoload system, users simply register with their university card and bank details at the cashier&#8217;s office. An individual minimum credit balance and a top-up amount are set. As a thank you, users receive 10% of the top-up amount as a gift when they top up for the first time.    <\/p>\n\n\n\n<p><strong>Mensabons<\/strong><\/p>\n\n\n\n<p>The Studierendenwerk offers a practical solution for catering for participants at conferences and school class visits with its canteen vouchers in various designs. These vouchers enable an uncomplicated and flexible catering solution that meets the needs and preferences of groups. The use of the Mensa vouchers is very simple: The organizers can purchase the vouchers in advance from the Studierendenwerk and distribute them to the participants. They can then redeem the vouchers in the Studierendenwerk canteens.<\/p>\n\n\n\n<p><strong>The Mensa (gift) voucher:<\/strong><\/p>\n\n\n\n<p>An ideal gift for canteen guests: Our beautifully designed canteen voucher can be issued for any amount from \u20ac10.00 and can be redeemed in all Studierendenwerk caf\u00e9s and canteens.<\/p>\n\n\n\n<p><strong>Kiko card: Kids eat for free<\/strong><\/p>\n\n\n\n<p>The Studierendenwerk Saarland offers students with children a free children&#8217;s plate (Kiko) in its canteens. Here is the most important information about the offer:<br\/>The Kiko card entitles children of students to a free meal in the canteens if one parent also eats there. <\/p>\n\n\n\n<p>Application:<br\/>Documents required: Certificate of enrollment of one parent and birth certificate or child ID of the child<\/p>\n\n\n\n<p>Validity:<br\/>One semester<\/p>\n\n\n\n<p>Issuing points:<br\/>Saarland University: Ticket office in Saarbr\u00fccken (Building D4.1) or ticket office in Homburg (Building 74), University of Applied Sciences: Family Office (G\u00f6benstra\u00dfe 40, Building 8)<\/p>\n\n\n\n<p>Usage:<br\/>Valid in all Studierendenwerk canteens (not in cafeterias)<br\/>For all hot meals on a special children&#8217;s plate<br\/>KIKO card must be shown at issue and checkout<\/p>\n\n\n\n<p>This family-friendly offer supports students with children and promotes a balanced diet for their<strong> offspring<\/strong>.<\/p>\n\n\n\n<p><strong>Feel free to contact us on any of these topics:<\/strong><\/p>\n\n\n\n<p>Eisenberger Sandra<br\/>Tel. 0681\/302 2823<br\/><a href=\"mailto:s.eisenberger@stw-saarland.de\">s.eisenberger@stw-saarland.de<\/a><\/p>\n\n\n\n<p>Julia Neumann<br\/>Tel. 0681\/302 3132<br\/><a href=\"mailto:j.neumann@stw-saarland.de\">j.neumann@stw-saarland.de<\/a><\/p>\n\n\n\n<p>Mensa building D4.1<br\/>Cashier&#8217;s office, basement, room 003<br\/>directly next to the Service Point<\/p>\n\n\n\n<p><strong>Opening hours:<\/strong><br\/><strong>Mon. &#8211; Fri. 10:00 a.m. &#8211; 12:30 p.m.  <\/strong><\/p>\n\n<\/div><\/details><\/div>","protected":false},"excerpt":{"rendered":"<p>Does your stomach growl? Then you&#8217;ve come to the right place.Choose your LOCATION! SAARBR\u00dcCKEN HOMBURG G\u00d6TTELBORN Choose your LOCATION in HOMBURG ! MENSAHomburg CAFETE Choose your LOCATION in SAARBR\u00dcCKEN! MENSA Saarbr\u00fccken MENSAGARDEN B4RISTA BOOKS AND BEANS htw saarCampus Alt-SB htw saarCampus Rotenb\u00fchl HfM HBK<\/p>\n","protected":false},"author":1,"featured_media":0,"parent":0,"menu_order":0,"comment_status":"closed","ping_status":"closed","template":"","meta":{"_acf_changed":false,"inline_featured_image":false,"_uag_custom_page_level_css":"","footnotes":""},"class_list":["post-1994","page","type-page","status-publish"],"acf":[],"uagb_featured_image_src":{"full":false,"thumbnail":false,"medium":false,"medium_large":false,"large":false,"1536x1536":false,"2048x2048":false},"uagb_author_info":{"display_name":"pixelarbeiter","author_link":"https:\/\/www.stw-saarland.de\/en\/author\/pixelarbeiter\/"},"uagb_comment_info":0,"uagb_excerpt":"Does your stomach growl? Then you&#8217;ve come to the right place.Choose your LOCATION! SAARBR\u00dcCKEN HOMBURG G\u00d6TTELBORN Choose your LOCATION in HOMBURG ! MENSAHomburg CAFETE Choose your LOCATION in SAARBR\u00dcCKEN! MENSA Saarbr\u00fccken MENSAGARDEN B4RISTA BOOKS AND BEANS htw saarCampus Alt-SB htw saarCampus Rotenb\u00fchl HfM HBK","_links":{"self":[{"href":"https:\/\/www.stw-saarland.de\/en\/wp-json\/wp\/v2\/pages\/1994","targetHints":{"allow":["GET"]}}],"collection":[{"href":"https:\/\/www.stw-saarland.de\/en\/wp-json\/wp\/v2\/pages"}],"about":[{"href":"https:\/\/www.stw-saarland.de\/en\/wp-json\/wp\/v2\/types\/page"}],"author":[{"embeddable":true,"href":"https:\/\/www.stw-saarland.de\/en\/wp-json\/wp\/v2\/users\/1"}],"replies":[{"embeddable":true,"href":"https:\/\/www.stw-saarland.de\/en\/wp-json\/wp\/v2\/comments?post=1994"}],"version-history":[{"count":5,"href":"https:\/\/www.stw-saarland.de\/en\/wp-json\/wp\/v2\/pages\/1994\/revisions"}],"predecessor-version":[{"id":9050,"href":"https:\/\/www.stw-saarland.de\/en\/wp-json\/wp\/v2\/pages\/1994\/revisions\/9050"}],"wp:attachment":[{"href":"https:\/\/www.stw-saarland.de\/en\/wp-json\/wp\/v2\/media?parent=1994"}],"curies":[{"name":"wp","href":"https:\/\/api.w.org\/{rel}","templated":true}]}}