{"id":10022,"date":"2026-01-15T08:52:37","date_gmt":"2026-01-15T07:52:37","guid":{"rendered":"https:\/\/www.stw-saarland.de\/?page_id=10022"},"modified":"2026-02-11T15:01:02","modified_gmt":"2026-02-11T14:01:02","slug":"woge-immeubles-dhabitation-uni-campus","status":"publish","type":"page","link":"https:\/\/www.stw-saarland.de\/fr\/habiter\/woge-immeubles-dhabitation-uni-campus\/","title":{"rendered":"WOGE Immeubles d&rsquo;habitation Uni-Campus"},"content":{"rendered":"\n<div class=\"titelcontainer\">\n        <div class=\"text-container\">\n            <h1>WOGE Immeubles d&rsquo;habitation<br\/><span>Uni-Campus<\/span><\/h1>\n        <\/div>\n        <div class=\"image-container\">\n            <img decoding=\"async\" src=\"https:\/\/www.stw-saarland.de\/wp-content\/uploads\/2024\/10\/icon_wohnen.svg\" alt=\"Maison Icon\"\/>\n        <\/div>\n    <\/div>\n\n<div style=\"height:70px\" aria-hidden=\"true\" class=\"wp-block-spacer wohnspace\"><\/div>\n\n<div class=\"wp-block-columns is-layout-flex wp-container-core-columns-is-layout-9d6595d7 wp-block-columns-is-layout-flex\">\n<div class=\"wp-block-column is-layout-flow wp-block-column-is-layout-flow\" style=\"flex-basis:70%\">\n<h3 class=\"wp-block-heading\">Appartements<\/h3>\n\n\n\n<table id=\"tablepress-10\" class=\"tablepress tablepress-id-10\">\n<thead>\n<tr class=\"row-1\">\n\t<th class=\"column-1\">Zimmertyp<\/th><th class=\"column-2\">Anzahl<\/th><th class=\"column-3\">Personen<\/th><th class=\"column-4\">Wohnfl\u00e4che<\/th><th class=\"column-5\">Mietpreis<\/th>\n<\/tr>\n<\/thead>\n<tbody class=\"row-striping row-hover\">\n<tr class=\"row-2\">\n\t<td class=\"column-1\">Einzelapartment<\/td><td class=\"column-2\">197<\/td><td class=\"column-3\">1<\/td><td class=\"column-4\">21 \u2013 23 m\u00b2<\/td><td class=\"column-5\">400 \u20ac<\/td>\n<\/tr>\n<tr class=\"row-3\">\n\t<td class=\"column-1\">Einzelapartment<br \/>\nbarrierearm<\/td><td class=\"column-2\">18<\/td><td class=\"column-3\">1<\/td><td class=\"column-4\">21 m\u00b2<\/td><td class=\"column-5\">400 \u20ac<\/td>\n<\/tr>\n<tr class=\"row-4\">\n\t<td class=\"column-1\">Einzelapartment<br \/>\nrollstuhlgerecht<\/td><td class=\"column-2\">3<\/td><td class=\"column-3\">1<\/td><td class=\"column-4\">23 m\u00b2<\/td><td class=\"column-5\">400 \u20ac<\/td>\n<\/tr>\n<tr class=\"row-5\">\n\t<td class=\"column-1\">Doppelapartment<\/td><td class=\"column-2\">8<\/td><td class=\"column-3\">2 (nicht WG geeignet)<\/td><td class=\"column-4\">36 \u2013 39 m\u00b2<\/td><td class=\"column-5\">800 \u20ac<\/td>\n<\/tr>\n<tr class=\"row-6\">\n\t<td class=\"column-1\"><strong>Gesamt<\/strong><\/td><td class=\"column-2\"><strong>226<\/strong><\/td><td class=\"column-3\"><\/td><td class=\"column-4\"><\/td><td class=\"column-5\"><\/td>\n<\/tr>\n<\/tbody>\n<\/table>\n<!-- #tablepress-10 from cache -->\n\n\n<p><strong>IMPORTANT &#8211; Les candidatures sont limit\u00e9es \u00e0 la p\u00e9riode d&rsquo;utilisation interm\u00e9diaire du 01.03. au 30.09.2026 ! <\/strong><\/p>\n\n\n\n<p>Autres \u00e9quipements de la r\u00e9sidence : <br\/>Les trois immeubles modernes situ\u00e9s directement sur le campus universitaire de la Sarre disposent chacun d&rsquo;une salle commune avec cuisine enti\u00e8rement \u00e9quip\u00e9e, d&rsquo;une buanderie et d&rsquo;un ascenseur pour chaque \u00e9tage. Dans deux r\u00e9sidences, il y a en outre des caves \u00e0 v\u00e9los avec suffisamment de places de stationnement. <\/p>\n\n\n\n<p><strong>Appartement individuel<\/strong><br\/>Les appartements individuels sont meubl\u00e9s et \u00e9quip\u00e9s de deux armoires, d&rsquo;un lit avec sommier (sans matelas), d&rsquo;une table et d&rsquo;une kitchenette avec r\u00e9frig\u00e9rateur, plaques de cuisson, \u00e9vier et placards. De plus, chaque appartement dispose d&rsquo;une salle de bain priv\u00e9e avec douche et toilettes. <\/p>\n\n\n\n<p><strong>Appartement individuel accessible<\/strong><br\/>Les appartements individuels accessibles sont meubl\u00e9s avec deux armoires, un lit avec sommier (sans matelas), une table et une kitchenette avec r\u00e9frig\u00e9rateur, plaques de cuisson, \u00e9vier et placards. De plus, chaque appartement dispose d&rsquo;une salle de bain priv\u00e9e avec douche et toilettes. <\/p>\n\n\n\n<p><strong>Appartement individuel accessible en fauteuil roulant<\/strong><br\/>Les appartements individuels accessibles en fauteuil roulant sont meubl\u00e9s et \u00e9quip\u00e9s d&rsquo;un conteneur \u00e0 v\u00eatements, d&rsquo;une table et d&rsquo;une kitchenette avec r\u00e9frig\u00e9rateur, plaques de cuisson, \u00e9vier et placards. De plus, chaque appartement dispose d&rsquo;une salle de bain priv\u00e9e avec douche et WC.<br\/>Remarque : en raison de besoins diff\u00e9rents, les appartements individuels accessibles en fauteuil roulant sont \u00e9quip\u00e9s sans lits. <\/p>\n\n\n\n<p><strong>Appartements doubles<\/strong><br\/>Les appartements doubles (deux chambres) sont meubl\u00e9s et \u00e9quip\u00e9s de deux armoires, d&rsquo;un lit double avec sommier (sans matelas), d&rsquo;une table et d&rsquo;une kitchenette avec r\u00e9frig\u00e9rateur, plaques de cuisson, \u00e9vier et placards. En outre, chaque appartement dispose d&rsquo;une salle de bain priv\u00e9e avec douche et WC.<br\/>Remarque : les appartements doubles ne sont pas adapt\u00e9s \u00e0 la colocation. <\/p>\n<\/div>\n\n\n\n<div class=\"wp-block-column is-layout-flow wp-block-column-is-layout-flow\" style=\"flex-basis:30%\">\n<div class=\"wp-block-uagb-image uagb-block-915f8b6a wp-block-uagb-image--layout-default wp-block-uagb-image--effect-static wp-block-uagb-image--align-none\"><figure class=\"wp-block-uagb-image__figure\"><img decoding=\"async\" srcset=\"https:\/\/www.stw-saarland.de\/wp-content\/uploads\/2026\/01\/StuWohn_WOGE_Ill-002.jpg ,https:\/\/www.stw-saarland.de\/wp-content\/uploads\/2026\/01\/StuWohn_WOGE_Ill-002.jpg 780w, https:\/\/www.stw-saarland.de\/wp-content\/uploads\/2026\/01\/StuWohn_WOGE_Ill-002.jpg 360w\" sizes=\"auto, (max-width: 480px) 150px\" src=\"https:\/\/www.stw-saarland.de\/wp-content\/uploads\/2026\/01\/StuWohn_WOGE_Ill-002.jpg\" alt=\"\" class=\"uag-image-11085\" width=\"281\" height=\"208\" title=\"StuWohn_WOGE_Ill (002)\" loading=\"lazy\" role=\"img\"><\/figure><\/div>\n\n\n\n<div style=\"height:10px\" aria-hidden=\"true\" class=\"wp-block-spacer\"><\/div>\n\n\n\n<div class=\"wp-block-uagb-info-box uagb-block-2efff286 uagb-infobox__content-wrap  uagb-infobox-icon-left uagb-infobox-left uagb-infobox-stacked-tablet uagb-infobox-image-valign-top wp-block-uagb-info-box--has-margin\"><div class=\"uagb-infobox-margin-wrapper\"><div class=\"uagb-ifb-icon-wrap\"><svg xmlns=\"https:\/\/www.w3.org\/2000\/svg\" viewbox=\"0 0 576 512\"><path d=\"M384 476.1L192 421.2V35.93L384 90.79V476.1zM416 88.37L543.1 37.53C558.9 31.23 576 42.84 576 59.82V394.6C576 404.4 570 413.2 560.9 416.9L416 474.8V88.37zM15.09 95.13L160 37.17V423.6L32.91 474.5C17.15 480.8 0 469.2 0 452.2V117.4C0 107.6 5.975 98.78 15.09 95.13V95.13z\"><\/path><\/svg><\/div><div class=\"uagb-ifb-content\"><div class=\"uagb-ifb-title-wrap\"><h4 class=\"uagb-ifb-title\">O\u00f9 ?<\/h4><\/div><p class=\"uagb-ifb-desc\"><a href=\"https:\/\/maps.app.goo.gl\/PBCNt3hjMx2ktNrx8\" target=\"_blank\" rel=\"noopener\">WOGE Wohnh\u00e4user Uni-Campus<br\/>Directement sur le campus universitaire de la Sarre<br\/>Maison 1 (B7.2)<br\/>Maison 2 (B7.3)<br\/>Maison 3 (B7.4)<\/a><\/p><\/div><\/div><\/div>\n\n\n\n<div class=\"wp-block-uagb-info-box uagb-block-62c0fc10 uagb-infobox__content-wrap  uagb-infobox-icon-left uagb-infobox-left uagb-infobox-stacked-tablet uagb-infobox-image-valign-top\"><div class=\"uagb-ifb-icon-wrap\"><svg xmlns=\"https:\/\/www.w3.org\/2000\/svg\" viewbox=\"0 0 512 512\"><path d=\"M511.2 387l-23.25 100.8c-3.266 14.25-15.79 24.22-30.46 24.22C205.2 512 0 306.8 0 54.5c0-14.66 9.969-27.2 24.22-30.45l100.8-23.25C139.7-2.602 154.7 5.018 160.8 18.92l46.52 108.5c5.438 12.78 1.77 27.67-8.98 36.45L144.5 207.1c33.98 69.22 90.26 125.5 159.5 159.5l44.08-53.8c8.688-10.78 23.69-14.51 36.47-8.975l108.5 46.51C506.1 357.2 514.6 372.4 511.2 387z\"><\/path><\/svg><\/div><div class=\"uagb-ifb-content\"><div class=\"uagb-ifb-title-wrap\"><h4 class=\"uagb-ifb-title\">Personne \u00e0 contacter<\/h4><\/div><p class=\"uagb-ifb-desc\">Mme Jana Bies<br\/><a href=\"mailto:campus@woge-saar.de\">campus@woge-saar.de<\/a><br\/><br\/>Heures de bureau :<br\/>Lu. &#8211; Ve. 08:00 &#8211; 10:00<br\/>Lu. &#8211; Je. 13:00 &#8211; 15:00    <br\/><\/p><\/div><\/div>\n\n\n\n<div class=\"wp-block-uagb-info-box uagb-block-088a3302 uagb-infobox__content-wrap  uagb-infobox-icon-left uagb-infobox-left uagb-infobox-stacked-tablet uagb-infobox-image-valign-top\"><div class=\"uagb-ifb-icon-wrap\"><svg xmlns=\"https:\/\/www.w3.org\/2000\/svg\" viewbox=\"0 0 512 512\"><path d=\"M331.8 224.1c28.29 0 54.88 10.99 74.86 30.97l19.59 19.59c40.01-17.74 71.25-53.3 81.62-96.65c5.725-23.92 5.34-47.08 .2148-68.4c-2.613-10.88-16.43-14.51-24.34-6.604l-68.9 68.9h-75.6V97.2l68.9-68.9c7.912-7.912 4.275-21.73-6.604-24.34c-21.32-5.125-44.48-5.51-68.4 .2148c-55.3 13.23-98.39 60.22-107.2 116.4C224.5 128.9 224.2 137 224.3 145l82.78 82.86C315.2 225.1 323.5 224.1 331.8 224.1zM384 278.6c-23.16-23.16-57.57-27.57-85.39-13.9L191.1 158L191.1 95.99l-127.1-95.99L0 63.1l96 127.1l62.04 .0077l106.7 106.6c-13.67 27.82-9.251 62.23 13.91 85.39l117 117.1c14.62 14.5 38.21 14.5 52.71-.0016l52.75-52.75c14.5-14.5 14.5-38.08-.0016-52.71L384 278.6zM227.9 307L168.7 247.9l-148.9 148.9c-26.37 26.37-26.37 69.08 0 95.45C32.96 505.4 50.21 512 67.5 512s34.54-6.592 47.72-19.78l119.1-119.1C225.5 352.3 222.6 329.4 227.9 307zM64 472c-13.25 0-24-10.75-24-24c0-13.26 10.75-24 24-24S88 434.7 88 448C88 461.3 77.25 472 64 472z\"><\/path><\/svg><\/div><div class=\"uagb-ifb-content\"><div class=\"uagb-ifb-title-wrap\"><h4 class=\"uagb-ifb-title\">Concierge<\/h4><\/div><p class=\"uagb-ifb-desc\"><br\/><br\/><\/p><\/div><\/div>\n<\/div>\n<\/div>\n\n<p class=\"has-text-align-center\"><a href=\"https:\/\/www.stw-saarland.de\/fr\/habiter\/\" data-type=\"page\" data-id=\"353\">Retour \u00e0 l&rsquo;aper\u00e7u<\/a><\/p>\n\n<p><\/p>\n","protected":false},"excerpt":{"rendered":"<p>WOGE Immeubles d&rsquo;habitationUni-Campus Appartements IMPORTANT &#8211; Les candidatures sont limit\u00e9es \u00e0 la p\u00e9riode d&rsquo;utilisation interm\u00e9diaire du 01.03. au 30.09.2026 ! Autres \u00e9quipements de la r\u00e9sidence : Les trois immeubles modernes situ\u00e9s directement sur le campus universitaire de la Sarre disposent chacun d&rsquo;une salle commune avec cuisine enti\u00e8rement \u00e9quip\u00e9e, d&rsquo;une buanderie et d&rsquo;un ascenseur pour chaque &#8230; <a title=\"WOGE Immeubles d&rsquo;habitation Uni-Campus\" class=\"read-more\" href=\"https:\/\/www.stw-saarland.de\/fr\/habiter\/woge-immeubles-dhabitation-uni-campus\/\" aria-label=\"En savoir plus sur WOGE Immeubles d&rsquo;habitation Uni-Campus\">Lire plus<\/a><\/p>\n","protected":false},"author":3,"featured_media":0,"parent":2034,"menu_order":0,"comment_status":"closed","ping_status":"closed","template":"","meta":{"_acf_changed":false,"inline_featured_image":false,"_uag_custom_page_level_css":"","footnotes":""},"class_list":["post-10022","page","type-page","status-publish"],"acf":[],"uagb_featured_image_src":{"full":false,"thumbnail":false,"medium":false,"medium_large":false,"large":false,"1536x1536":false,"2048x2048":false},"uagb_author_info":{"display_name":"t.molitor","author_link":"https:\/\/www.stw-saarland.de\/fr\/author\/t-molitor\/"},"uagb_comment_info":0,"uagb_excerpt":"WOGE Immeubles d&rsquo;habitationUni-Campus Appartements IMPORTANT &#8211; Les candidatures sont limit\u00e9es \u00e0 la p\u00e9riode d&rsquo;utilisation interm\u00e9diaire du 01.03. au 30.09.2026 ! Autres \u00e9quipements de la r\u00e9sidence : Les trois immeubles modernes situ\u00e9s directement sur le campus universitaire de la Sarre disposent chacun d&rsquo;une salle commune avec cuisine enti\u00e8rement \u00e9quip\u00e9e, d&rsquo;une buanderie et d&rsquo;un ascenseur pour chaque\u2026","_links":{"self":[{"href":"https:\/\/www.stw-saarland.de\/fr\/wp-json\/wp\/v2\/pages\/10022","targetHints":{"allow":["GET"]}}],"collection":[{"href":"https:\/\/www.stw-saarland.de\/fr\/wp-json\/wp\/v2\/pages"}],"about":[{"href":"https:\/\/www.stw-saarland.de\/fr\/wp-json\/wp\/v2\/types\/page"}],"author":[{"embeddable":true,"href":"https:\/\/www.stw-saarland.de\/fr\/wp-json\/wp\/v2\/users\/3"}],"replies":[{"embeddable":true,"href":"https:\/\/www.stw-saarland.de\/fr\/wp-json\/wp\/v2\/comments?post=10022"}],"version-history":[{"count":6,"href":"https:\/\/www.stw-saarland.de\/fr\/wp-json\/wp\/v2\/pages\/10022\/revisions"}],"predecessor-version":[{"id":11670,"href":"https:\/\/www.stw-saarland.de\/fr\/wp-json\/wp\/v2\/pages\/10022\/revisions\/11670"}],"up":[{"embeddable":true,"href":"https:\/\/www.stw-saarland.de\/fr\/wp-json\/wp\/v2\/pages\/2034"}],"wp:attachment":[{"href":"https:\/\/www.stw-saarland.de\/fr\/wp-json\/wp\/v2\/media?parent=10022"}],"curies":[{"name":"wp","href":"https:\/\/api.w.org\/{rel}","templated":true}]}}