{"id":1984,"date":"2024-02-16T21:24:46","date_gmt":"2024-02-16T20:24:46","guid":{"rendered":"https:\/\/www.stw-saarland.de\/enfants\/"},"modified":"2024-11-29T09:47:47","modified_gmt":"2024-11-29T08:47:47","slug":"enfants","status":"publish","type":"page","link":"https:\/\/www.stw-saarland.de\/fr\/enfants\/","title":{"rendered":"Enfants"},"content":{"rendered":"\n<div class=\"titelcontainer\">\n        <div class=\"text-container\">\n            <h1>Bonjour chers<span>parents<\/span> <br\/><span><\/span><\/h1>\n          \n        <\/div>\n        <div class=\"image-container\">\n            <img decoding=\"async\" src=\"https:\/\/www.stw-saarland.de\/wp-content\/uploads\/2024\/03\/hallo_kinder.png\" class=\"hallokinder\" alt=\"Bonjour les enfants !\"\/>\n        <\/div>\n    <\/div>\n\n\n\n<div style=\"height:30px\" aria-hidden=\"true\" class=\"wp-block-spacer\"><\/div>\n\n\n\n<div><div class=\"wp-block-aab-accordion-block aab__accordion_container separate-accordion  no-pro-plan has-border-color\" style=\"border-color:#CFCABE;border-style:dash;border-width:1px;border-radius:3px\"><div class=\"aab__accordion_head aab_right_icon  \" data-active=\"false\" style=\"color:#333333;background-color:transparent\"><div class=\"aab__accordion_heading aab_right_icon aab_right_link\"><h4 class=\"aab__accordion_title\" style=\"margin:0;color:#333333\" itemprop=\"name\">\u00c0 propos de notre cr\u00e8che <\/h4><\/div><div class=\"aab__accordion_icon\" style=\"color:#333333;background-color:transparent\"><span class=\"aab__icon dashicons dashicons-plus-alt2\" style=\"font-size:25px\"><\/span><\/div><\/div><div class=\"aab__accordion_body \" role=\"region\" style=\"background-color:transparent\"><div itemprop=\"text\">\n<p>Notre \u00e9tablissement peut accueillir jusqu&rsquo;\u00e0 63 enfants. Nous avons deux groupes de maternelle et deux groupes de cr\u00e8che. Les enfants plus grands sont r\u00e9partis en deux groupes :  <\/p>\n\n\n\n<p>Le groupe Corbeau avec des enfants \u00e2g\u00e9s de 3 \u00e0 6 ans, effectif maximum de 25 enfants. <\/p>\n\n\n\n<p>Le groupe des chauves-souris avec des enfants \u00e2g\u00e9s de 18 mois \u00e0 6 ans avec un maximum de 18 enfants, dont un maximum de 5 enfants de moins de 3 ans.  <\/p>\n\n\n\n<p>Nos petits h\u00f4tes sont r\u00e9partis dans les groupes suivants :  <\/p>\n\n\n\n<p>Le groupe H\u00e9risson accueille des enfants de 8 semaines <em> \u00e0 3 <\/em>ans, 10 enfants maximum. <\/p>\n\n\n\n<p>Le groupe des Chouettes accueille \u00e9galement des enfants de 8 semaines \u00e0 3 ans, l\u00e0 aussi avec un maximum de 10 enfants.<\/p>\n\n\n\n<p>Nous travaillons selon l&rsquo;approche situationnelle. Cela signifie que la situation de vie des enfants et de leurs familles constitue la base du travail p\u00e9dagogique. Nous axons notre p\u00e9dagogie sur le programme \u00e9ducatif sarrois.  <\/p>\n<\/div><\/div><\/div><\/div>\n\n\n\n<div><div class=\"wp-block-aab-accordion-block aab__accordion_container separate-accordion  no-pro-plan has-border-color\" style=\"border-color:#CFCABE;border-style:dash;border-width:1px;border-radius:3px\"><div class=\"aab__accordion_head aab_right_icon  \" data-active=\"false\" style=\"color:#333333;background-color:transparent\"><div class=\"aab__accordion_heading aab_right_icon aab_right_link\"><h4 class=\"aab__accordion_title\" style=\"margin:0;color:#333333\" itemprop=\"name\">Ouvert &amp; Ferm\u00e9<\/h4><\/div><div class=\"aab__accordion_icon\" style=\"color:#333333;background-color:transparent\"><span class=\"aab__icon dashicons dashicons-plus-alt2\" style=\"font-size:25px\"><\/span><\/div><\/div><div class=\"aab__accordion_body \" role=\"region\" style=\"background-color:transparent\"><div itemprop=\"text\">\n<p>Lundi-jeudi : 7h30 &#8211; 17h00<\/p>\n\n\n\n<p>Ve : 7h30 &#8211; 16h00<\/p>\n\n\n\n<p>Pour conna\u00eetre les jours de fermeture, veuillez consulter le calendrier actuel :<\/p>\n\n\n\n<div class=\"wp-block-button\" style=\"text-transform:uppercase\"><a class=\"wp-block-button__link has-base-3-color has-text-color has-background has-link-color wp-element-button\" href=\"https:\/\/www.stw-saarland.de\/wp-content\/uploads\/2024\/11\/kalender-2024.pdf\" style=\"border-radius:24px;background-color:#eb6a4b\">Calendrier de la cr\u00e8che 2024<\/a><\/div>\n<\/div><\/div><\/div><\/div>\n\n\n\n<div><div class=\"wp-block-aab-accordion-block aab__accordion_container separate-accordion  no-pro-plan has-border-color\" style=\"border-color:#CFCABE;border-style:dash;border-width:1px;border-radius:3px\"><div class=\"aab__accordion_head aab_right_icon  \" data-active=\"false\" style=\"color:#333333;background-color:transparent\"><div class=\"aab__accordion_heading aab_right_icon aab_right_link\"><h4 class=\"aab__accordion_title\" style=\"margin:0;color:#333333\" itemprop=\"name\">Atmosph\u00e8re familiale<\/h4><\/div><div class=\"aab__accordion_icon\" style=\"color:#333333;background-color:transparent\"><span class=\"aab__icon dashicons dashicons-plus-alt2\" style=\"font-size:25px\"><\/span><\/div><\/div><div class=\"aab__accordion_body \" role=\"region\" style=\"background-color:transparent\"><div itemprop=\"text\">\n<p>En tant qu&rsquo;\u00e9tablissement multiculturel, nous accordons une grande importance \u00e0 la tol\u00e9rance, au respect et \u00e0 l&rsquo;ouverture.\nNous nous distinguons par la diversit\u00e9 de notre cr\u00e8che.\nNous cr\u00e9ons avec amour un lieu de \u00ab\u00a0bien-\u00eatre\u00a0\u00bb et de \u00ab\u00a0bienvenue\u00a0\u00bb pour toute la famille, avec beaucoup de chaleur et d&rsquo;acceptation.  <\/p>\n<\/div><\/div><\/div><\/div>\n\n\n\n<div><div class=\"wp-block-aab-accordion-block aab__accordion_container separate-accordion  no-pro-plan has-border-color\" style=\"border-color:#CFCABE;border-style:dash;border-width:1px;border-radius:3px\"><div class=\"aab__accordion_head aab_right_icon  \" data-active=\"false\" style=\"color:#333333;background-color:transparent\"><div class=\"aab__accordion_heading aab_right_icon aab_right_link\"><h4 class=\"aab__accordion_title\" style=\"margin:0;color:#333333\" itemprop=\"name\">Nature et environnement<\/h4><\/div><div class=\"aab__accordion_icon\" style=\"color:#333333;background-color:transparent\"><span class=\"aab__icon dashicons dashicons-plus-alt2\" style=\"font-size:25px\"><\/span><\/div><\/div><div class=\"aab__accordion_body \" role=\"region\" style=\"background-color:transparent\"><div itemprop=\"text\">\n<p>En tant que \u00ab\u00a0Faire Kita\u00a0\u00bb, nous accordons une grande importance \u00e0 l&rsquo;\u00e9ducation environnementale durable et \u00e0 l&rsquo;enseignement du respect de la nature. Gr\u00e2ce \u00e0 des matin\u00e9es r\u00e9guli\u00e8res dans la for\u00eat voisine, \u00e0 la culture de nos propres l\u00e9gumes et \u00e0 notre aire de jeux en for\u00eat, nous cr\u00e9ons une proximit\u00e9 particuli\u00e8re avec la nature pour les enfants. Le commerce \u00e9quitable, l&rsquo;upcycling et l&rsquo;utilisation durable des ressources naturelles font partie int\u00e9grante de notre quotidien.  <\/p>\n<\/div><\/div><\/div><\/div>\n\n\n\n<div><div class=\"wp-block-aab-accordion-block aab__accordion_container separate-accordion  no-pro-plan has-border-color\" style=\"border-color:#CFCABE;border-style:dash;border-width:1px;border-radius:3px\"><div class=\"aab__accordion_head aab_right_icon  \" data-active=\"false\" style=\"color:#333333;background-color:transparent\"><div class=\"aab__accordion_heading aab_right_icon aab_right_link\"><h4 class=\"aab__accordion_title\" style=\"margin:0;color:#333333\" itemprop=\"name\">Langue<\/h4><\/div><div class=\"aab__accordion_icon\" style=\"color:#333333;background-color:transparent\"><span class=\"aab__icon dashicons dashicons-plus-alt2\" style=\"font-size:25px\"><\/span><\/div><\/div><div class=\"aab__accordion_body \" role=\"region\" style=\"background-color:transparent\"><div itemprop=\"text\">\n<p>L&rsquo;apprentissage de la langue est \u00e9galement une grande priorit\u00e9 de notre travail quotidien. Nous enseignons aux enfants le vocabulaire et les structures de la langue allemande de mani\u00e8re cibl\u00e9e et ludique. Nous profitons de la diversit\u00e9 linguistique de notre cr\u00e8che pour \u00e9veiller l&rsquo;int\u00e9r\u00eat et la curiosit\u00e9 des enfants pour les langues les plus diverses.  <\/p>\n<\/div><\/div><\/div><\/div>\n\n\n\n<div><div class=\"wp-block-aab-accordion-block aab__accordion_container separate-accordion  no-pro-plan has-border-color\" style=\"border-color:#CFCABE;border-style:dash;border-width:1px;border-radius:3px\"><div class=\"aab__accordion_head aab_right_icon  \" data-active=\"false\" style=\"color:#333333;background-color:transparent\"><div class=\"aab__accordion_heading aab_right_icon aab_right_link\"><h4 class=\"aab__accordion_title\" style=\"margin:0;color:#333333\" itemprop=\"name\">Informations pour les parents<\/h4><\/div><div class=\"aab__accordion_icon\" style=\"color:#333333;background-color:transparent\"><span class=\"aab__icon dashicons dashicons-plus-alt2\" style=\"font-size:25px\"><\/span><\/div><\/div><div class=\"aab__accordion_body \" role=\"region\" style=\"background-color:transparent\"><div itemprop=\"text\">\n<p>Les choses importantes \u00e0 savoir en tant que parents :<\/p>\n\n\n\n<ul class=\"wp-block-list\">\n<li><a href=\"https:\/\/www.stw-saarland.de\/wp-content\/uploads\/2024\/11\/Informationen-Eingewoehnung-Krippe.pdf\">Comment l&rsquo;enfant s&rsquo;adapte-t-il \u00e0 la cr\u00e8che ?<\/a><\/li>\n\n\n\n<li><a href=\"https:\/\/www.stw-saarland.de\/wp-content\/uploads\/2024\/11\/Informationen-Eingewoehnung-Kindergarten.pdf\">Comment l&rsquo;enfant s&rsquo;adapte-t-il \u00e0 la cr\u00e8che ?<\/a><\/li>\n\n\n\n<li><a href=\"https:\/\/www.stw-saarland.de\/wp-content\/uploads\/2024\/11\/Kita-STW-AoeR-Beitraege-und-Oeffnungszeiten-ab-2024-08-01.pdf\">Quels sont les frais \u00e0 votre charge ?<\/a><\/li>\n\n\n\n<li><a href=\"https:\/\/www.stw-saarland.de\/wp-content\/uploads\/2024\/11\/Masernschutzgesetz-Bescheinigung-zur-Vorlage-mit-Erlaeuterungen.pdf\">Protection contre la rougeole : la vaccination contre la rougeole comme condition d&rsquo;admission \u00e0 la cr\u00e8che\/au jardin d&rsquo;enfants<\/a><\/li>\n<\/ul>\n<\/div><\/div><\/div><\/div>\n\n\n\n<div><div class=\"wp-block-aab-accordion-block aab__accordion_container separate-accordion  no-pro-plan has-border-color\" style=\"border-color:#CFCABE;border-style:dash;border-width:1px;border-radius:3px\"><div class=\"aab__accordion_head aab_right_icon  \" data-active=\"false\" style=\"color:#333333;background-color:transparent\"><div class=\"aab__accordion_heading aab_right_icon aab_right_link\"><h4 class=\"aab__accordion_title\" style=\"margin:0;color:#333333\" itemprop=\"name\">Contact et inscription<\/h4><\/div><div class=\"aab__accordion_icon\" style=\"color:#333333;background-color:transparent\"><span class=\"aab__icon dashicons dashicons-plus-alt2\" style=\"font-size:25px\"><\/span><\/div><\/div><div class=\"aab__accordion_body \" role=\"region\" style=\"background-color:transparent\"><div itemprop=\"text\">\n<p><strong>Administration et inscription<\/strong><\/p>\n\n\n\n<p>Christoph Michely<br>T\u00e9l\u00e9phone : 0681\/302-2808<br>Fax : 0681\/302-2890<br>Email : <a href=\"mailto:c.michely@stw-saarland.de\">c.michely(at)stw-saarland.de<\/a><\/p>\n\n\n\n<p><strong>Direction du centre de jour<\/strong><\/p>\n\n\n\n<p>Cornelia Merg<br>T\u00e9l\u00e9phone : 0681\/302-2840<br>Fax : 0681\/302-2890<br>Email : <a href=\"mailto:c.merg(@stw-saarland.de\" data-type=\"link\" data-id=\"c.merg(at)stw-saarland.de\">c.merg(at)stw-saarland.de<\/a><\/p>\n\n\n\n<p>Vous pouvez t\u00e9l\u00e9charger la demande d&rsquo;adh\u00e9sion ici.<\/p>\n\n\n\n<ul class=\"wp-block-list\">\n<li><a href=\"https:\/\/www.stw-saarland.de\/wp-content\/uploads\/2024\/11\/Application-for-Admission-2024_03.pdf\" target=\"_blank\" data-type=\"link\" data-id=\"https:\/\/www.stw-saarland.de\/wp-content\/uploads\/2024\/11\/Application-for-Admission-2024_03.pdf\" rel=\"noreferrer noopener\">Demande d&rsquo;admission<\/a><\/li>\n<\/ul>\n<\/div><\/div><\/div><\/div>\n\n\n\n<div style=\"height:43px\" aria-hidden=\"true\" class=\"wp-block-spacer\"><\/div>\n\n\n\t\t\t\t\t<div\n\t\t\t\t\t\tclass=\"wp-block-uagb-image-gallery uagb-block-ac6e6073     \"\n\t\t\t\t\t\tstyle=\"\"\n\t\t\t\t\t>\n\t\t\t\t\t\t\t\t\t\t\t<div class=\"spectra-image-gallery spectra-image-gallery__layout--carousel\">\n\t\t\t\t\t\t\t\t<div class=\"uagb-slick-carousel uagb-block-ac6e6073\">\n\t\t\t\t\t\t\t\t\t\t\t\t<div class='spectra-image-gallery__media-wrapper' data-spectra-gallery-image-id='212'>\n\t\t\t\t\t\t\t<div class=\"spectra-image-gallery__media spectra-image-gallery__media--carousel\">\n\t\t\t\t<picture>\n\t\t\t\t\t<source media=\"(min-width: 1024px)\" srcset=\"https:\/\/www.stw-saarland.de\/wp-content\/uploads\/2024\/03\/k4.jpg\">\n\t\t\t\t\t<source media=\"(min-width: 768px)\" srcset=\"https:\/\/www.stw-saarland.de\/wp-content\/uploads\/2024\/03\/k4.jpg\">\n\t\t\t\t\t<img decoding=\"async\" class=\"spectra-image-gallery__media-thumbnail spectra-image-gallery__media-thumbnail--carousel\" src=\"https:\/\/www.stw-saarland.de\/wp-content\/uploads\/2024\/03\/k4-300x197.jpg\" alt=\"\" loading=\"lazy\" \/>\n\t\t\t\t<\/picture>\n\t\t\t\t<div class=\"spectra-image-gallery__media-thumbnail-blurrer\"><\/div>\n\t\t\t\t\t\t\t\t\t\t\t<div class=\"spectra-image-gallery__media-thumbnail-caption-wrapper spectra-image-gallery__media-thumbnail-caption-wrapper--overlay\"><\/div>\n\t\t\t\t\t\t\t\t<\/div>\n\t\t\t\t\t\t<\/div>\n\t\t\t\t\t\t<div class='spectra-image-gallery__media-wrapper' data-spectra-gallery-image-id='211'>\n\t\t\t\t\t\t\t<div class=\"spectra-image-gallery__media spectra-image-gallery__media--carousel\">\n\t\t\t\t<picture>\n\t\t\t\t\t<source media=\"(min-width: 1024px)\" srcset=\"https:\/\/www.stw-saarland.de\/wp-content\/uploads\/2024\/03\/k3.jpg\">\n\t\t\t\t\t<source media=\"(min-width: 768px)\" srcset=\"https:\/\/www.stw-saarland.de\/wp-content\/uploads\/2024\/03\/k3.jpg\">\n\t\t\t\t\t<img decoding=\"async\" class=\"spectra-image-gallery__media-thumbnail spectra-image-gallery__media-thumbnail--carousel\" src=\"https:\/\/www.stw-saarland.de\/wp-content\/uploads\/2024\/03\/k3-300x197.jpg\" alt=\"\" loading=\"lazy\" \/>\n\t\t\t\t<\/picture>\n\t\t\t\t<div class=\"spectra-image-gallery__media-thumbnail-blurrer\"><\/div>\n\t\t\t\t\t\t\t\t\t\t\t<div class=\"spectra-image-gallery__media-thumbnail-caption-wrapper spectra-image-gallery__media-thumbnail-caption-wrapper--overlay\"><\/div>\n\t\t\t\t\t\t\t\t<\/div>\n\t\t\t\t\t\t<\/div>\n\t\t\t\t\t\t<div class='spectra-image-gallery__media-wrapper' data-spectra-gallery-image-id='210'>\n\t\t\t\t\t\t\t<div class=\"spectra-image-gallery__media spectra-image-gallery__media--carousel\">\n\t\t\t\t<picture>\n\t\t\t\t\t<source media=\"(min-width: 1024px)\" srcset=\"https:\/\/www.stw-saarland.de\/wp-content\/uploads\/2024\/03\/k2.jpg\">\n\t\t\t\t\t<source media=\"(min-width: 768px)\" srcset=\"https:\/\/www.stw-saarland.de\/wp-content\/uploads\/2024\/03\/k2.jpg\">\n\t\t\t\t\t<img decoding=\"async\" class=\"spectra-image-gallery__media-thumbnail spectra-image-gallery__media-thumbnail--carousel\" src=\"https:\/\/www.stw-saarland.de\/wp-content\/uploads\/2024\/03\/k2-300x197.jpg\" alt=\"\" loading=\"lazy\" \/>\n\t\t\t\t<\/picture>\n\t\t\t\t<div class=\"spectra-image-gallery__media-thumbnail-blurrer\"><\/div>\n\t\t\t\t\t\t\t\t\t\t\t<div class=\"spectra-image-gallery__media-thumbnail-caption-wrapper spectra-image-gallery__media-thumbnail-caption-wrapper--overlay\"><\/div>\n\t\t\t\t\t\t\t\t<\/div>\n\t\t\t\t\t\t<\/div>\n\t\t\t\t\t\t<div class='spectra-image-gallery__media-wrapper' data-spectra-gallery-image-id='208'>\n\t\t\t\t\t\t\t<div class=\"spectra-image-gallery__media spectra-image-gallery__media--carousel\">\n\t\t\t\t<picture>\n\t\t\t\t\t<source media=\"(min-width: 1024px)\" srcset=\"https:\/\/www.stw-saarland.de\/wp-content\/uploads\/2024\/03\/k5.jpg\">\n\t\t\t\t\t<source media=\"(min-width: 768px)\" srcset=\"https:\/\/www.stw-saarland.de\/wp-content\/uploads\/2024\/03\/k5.jpg\">\n\t\t\t\t\t<img decoding=\"async\" class=\"spectra-image-gallery__media-thumbnail spectra-image-gallery__media-thumbnail--carousel\" src=\"https:\/\/www.stw-saarland.de\/wp-content\/uploads\/2024\/03\/k5-300x197.jpg\" alt=\"\" loading=\"lazy\" \/>\n\t\t\t\t<\/picture>\n\t\t\t\t<div class=\"spectra-image-gallery__media-thumbnail-blurrer\"><\/div>\n\t\t\t\t\t\t\t\t\t\t\t<div class=\"spectra-image-gallery__media-thumbnail-caption-wrapper spectra-image-gallery__media-thumbnail-caption-wrapper--overlay\"><\/div>\n\t\t\t\t\t\t\t\t<\/div>\n\t\t\t\t\t\t<\/div>\n\t\t\t\t\t\t<div class='spectra-image-gallery__media-wrapper' data-spectra-gallery-image-id='209'>\n\t\t\t\t\t\t\t<div class=\"spectra-image-gallery__media spectra-image-gallery__media--carousel\">\n\t\t\t\t<picture>\n\t\t\t\t\t<source media=\"(min-width: 1024px)\" srcset=\"https:\/\/www.stw-saarland.de\/wp-content\/uploads\/2024\/03\/k1.jpg\">\n\t\t\t\t\t<source media=\"(min-width: 768px)\" srcset=\"https:\/\/www.stw-saarland.de\/wp-content\/uploads\/2024\/03\/k1.jpg\">\n\t\t\t\t\t<img decoding=\"async\" class=\"spectra-image-gallery__media-thumbnail spectra-image-gallery__media-thumbnail--carousel\" src=\"https:\/\/www.stw-saarland.de\/wp-content\/uploads\/2024\/03\/k1-300x197.jpg\" alt=\"\" loading=\"lazy\" \/>\n\t\t\t\t<\/picture>\n\t\t\t\t<div class=\"spectra-image-gallery__media-thumbnail-blurrer\"><\/div>\n\t\t\t\t\t\t\t\t\t\t\t<div class=\"spectra-image-gallery__media-thumbnail-caption-wrapper spectra-image-gallery__media-thumbnail-caption-wrapper--overlay\"><\/div>\n\t\t\t\t\t\t\t\t<\/div>\n\t\t\t\t\t\t<\/div>\n\t\t\t\t\t\t\t\t\t\t\t<\/div>\n\t\t\t\t\t\t\t<\/div>\n\t\t\t\t\t\t\t\t\t\t\t<\/div>\n\t\t\t\t\t\t\t\t\t","protected":false},"excerpt":{"rendered":"<p>Bonjour chersparents<\/p>\n","protected":false},"author":1,"featured_media":0,"parent":0,"menu_order":0,"comment_status":"closed","ping_status":"closed","template":"","meta":{"_acf_changed":false,"inline_featured_image":false,"_uag_custom_page_level_css":"","footnotes":""},"class_list":["post-1984","page","type-page","status-publish"],"acf":[],"uagb_featured_image_src":{"full":false,"thumbnail":false,"medium":false,"medium_large":false,"large":false,"1536x1536":false,"2048x2048":false,"gform-image-choice-sm":false,"gform-image-choice-md":false,"gform-image-choice-lg":false},"uagb_author_info":{"display_name":"pixelarbeiter","author_link":"https:\/\/www.stw-saarland.de\/fr\/author\/pixelarbeiter\/"},"uagb_comment_info":0,"uagb_excerpt":"Bonjour chersparents","_links":{"self":[{"href":"https:\/\/www.stw-saarland.de\/fr\/wp-json\/wp\/v2\/pages\/1984","targetHints":{"allow":["GET"]}}],"collection":[{"href":"https:\/\/www.stw-saarland.de\/fr\/wp-json\/wp\/v2\/pages"}],"about":[{"href":"https:\/\/www.stw-saarland.de\/fr\/wp-json\/wp\/v2\/types\/page"}],"author":[{"embeddable":true,"href":"https:\/\/www.stw-saarland.de\/fr\/wp-json\/wp\/v2\/users\/1"}],"replies":[{"embeddable":true,"href":"https:\/\/www.stw-saarland.de\/fr\/wp-json\/wp\/v2\/comments?post=1984"}],"version-history":[{"count":5,"href":"https:\/\/www.stw-saarland.de\/fr\/wp-json\/wp\/v2\/pages\/1984\/revisions"}],"predecessor-version":[{"id":3349,"href":"https:\/\/www.stw-saarland.de\/fr\/wp-json\/wp\/v2\/pages\/1984\/revisions\/3349"}],"wp:attachment":[{"href":"https:\/\/www.stw-saarland.de\/fr\/wp-json\/wp\/v2\/media?parent=1984"}],"curies":[{"name":"wp","href":"https:\/\/api.w.org\/{rel}","templated":true}]}}