{"id":1998,"date":"2024-03-23T20:10:26","date_gmt":"2024-03-23T19:10:26","guid":{"rendered":"https:\/\/www.stw-saarland.de\/page-daccueil\/"},"modified":"2025-09-19T13:50:07","modified_gmt":"2025-09-19T11:50:07","slug":"page-daccueil","status":"publish","type":"page","link":"https:\/\/www.stw-saarland.de\/fr\/","title":{"rendered":"Page d&rsquo;accueil"},"content":{"rendered":"\n<div style=\"height:68px\" aria-hidden=\"true\" class=\"wp-block-spacer\"><\/div>\n\n\n\n<div class=\"wp-block-uagb-advanced-heading uagb-block-6b16eb12\"><h2 class=\"uagb-heading-text\">Bonjour chers<\/h2><\/div>\n\n\n\n<div id=\"greetings\">\n  <span id=\"text\"><\/span><span id=\"cursor\"><\/span>\n<\/div>\n  <script>\n    const words = [ \"Nouveaux \u00e9tudiants\", \"Parents\", \"\u00c9tudiants\", \"Enfants\", \"Chercheurs de logement\", \"Affam\u00e9s\", \"Amateurs de culture\", \"Demandeurs d'aide\"];\n    let wordIndex = 0;\n    let letterIndex = 0;\n    let isDeleting = false;\n    const typingSpeed = 150;\n    const pauseBetweenWords = 2000;\n\n    function type() {\n      const textElement = document.getElementById('text');\n      const currentWord = words[wordIndex];\n\n      if (isDeleting) {\n        letterIndex--;\n        textElement.textContent = currentWord.substring(0, letterIndex);\n        if (letterIndex === 0) {\n          isDeleting = false;\n          wordIndex = (wordIndex + 1) % words.length;\n        }\n      } else {\n        letterIndex++;\n        textElement.textContent = currentWord.substring(0, letterIndex);\n        if (letterIndex === currentWord.length) {\n          isDeleting = true;\n          setTimeout(type, pauseBetweenWords);\n          return;\n        }\n      }\n      setTimeout(type, isDeleting ? typingSpeed \/ 2 : typingSpeed);\n    }\n\n    document.addEventListener('DOMContentLoaded', () => {\n      type();\n    });\n  <\/script>\n\n\n<div class=\"lightweight-accordion\"><details><summary class=\"lightweight-accordion-title\"><h2>Bonjour<\/h2><\/summary><div class=\"lightweight-accordion-body\">\n\n<p>Nous sommes heureux de vous accueillir ! En tant que partenaire fiable pour vos \u00e9tudes, nous vous soutenons avec une multitude de services. Que vous soyez \u00e0 la recherche d&rsquo;une place en r\u00e9sidence universitaire, que vous souhaitiez vous restaurer dans nos restaurants universitaires et caf\u00e9t\u00e9rias, que vous ayez besoin d&rsquo;un conseil sur le BAf\u00f6G ou que vous ayez des questions sur les offres sociales et culturelles, nous sommes l\u00e0 pour vous aider \u00e0 faire de vos \u00e9tudes une exp\u00e9rience agr\u00e9able et r\u00e9ussie.  <\/p>\n\n\n\n<p>Jetez un coup d&rsquo;\u0153il et d\u00e9couvrez comment nous pouvons vous aider \u00e0 tirer le meilleur parti de vos \u00e9tudes. Vous \u00eates au centre de nos pr\u00e9occupations &#8211; car votre r\u00e9ussite est notre objectif ! <\/p>\n\n\n<form role=\"search\" method=\"get\" action=\"https:\/\/www.stw-saarland.de\/fr\/\" class=\"wp-block-search__button-outside wp-block-search__text-button wp-block-search\"    ><label class=\"wp-block-search__label\" for=\"wp-block-search__input-1\" >Vous cherchez quelque chose en particulier ? Alors ici :   <\/label><div class=\"wp-block-search__inside-wrapper\" ><input class=\"wp-block-search__input\" id=\"wp-block-search__input-1\" placeholder=\"\" value=\"\" type=\"search\" name=\"s\" required \/><button aria-label=\"Rechercher\" class=\"wp-block-search__button wp-element-button\" type=\"submit\" >Rechercher<\/button><\/div><\/form>\n<\/div><\/details><\/div>\n\n<div class=\"lightweight-accordion\"><details><summary class=\"lightweight-accordion-title\"><h2>La faim ?<\/h2><\/summary><div class=\"lightweight-accordion-body\">\n\n<p>Vous avez faim ou envie d&rsquo;un moment de d\u00e9tente ? Rendez-vous dans les restaurants universitaires et les caf\u00e9s du Studierendenwerk Saarland ! Vous y trouverez une offre vari\u00e9e qui r\u00e9pond \u00e0 tous les go\u00fbts &#8211; v\u00e9g\u00e9tarien, v\u00e9g\u00e9talien, avec de la viande ou tout simplement un snack l\u00e9ger. D\u00e9gustez des plats d\u00e9licieux et bon march\u00e9 dans une atmosph\u00e8re conviviale. Laissez-vous inspirer et accordez-vous une pause bienfaisante !     Pour consulter nos menus, <a href=\"https:\/\/www.stw-saarland.de\/fr\/gastro\/\">cliquez ici<\/a>.<\/p>\n\n<\/div><\/details><\/div>\n\n<div class=\"lightweight-accordion\"><details><summary class=\"lightweight-accordion-title\"><h2>Money Money<\/h2><\/summary><div class=\"lightweight-accordion-body\">\n\n<p>Nous vous aidons \u00e0 assurer la s\u00e9curit\u00e9 financi\u00e8re de vos \u00e9tudes. Qu&rsquo;il s&rsquo;agisse de l&rsquo;aide BAf\u00f6G, de pr\u00eats \u00e9tudiants ou de conseils personnalis\u00e9s, nous vous aidons \u00e0 trouver la solution la plus adapt\u00e9e au financement de vos \u00e9tudes. Profitez de notre expertise pour que vos \u00e9tudes se d\u00e9roulent sans souci et que vous puissiez vous concentrer pleinement sur votre carri\u00e8re universitaire. Renseignez-vous ici sur les nombreuses possibilit\u00e9s qui s&rsquo;offrent \u00e0 vous.   <\/p>\n\n<\/div><\/details><\/div>\n\n<div class=\"lightweight-accordion\"><details><summary class=\"lightweight-accordion-title\"><h2>Tableau d&rsquo;affichage<\/h2><\/summary><div class=\"lightweight-accordion-body\">\n<div class=\"wpv-view-output\" data-toolset-views-view-editor=\"8b30af3111e3631a53d74f540245fb3c\">\n<div class=\"wp-block-toolset-views-view-editor wpv-gutenberg-view-wrapper-687\">\n\n\n<div id=\"wpv-view-layout-687\" class=\"js-wpv-view-layout js-wpv-layout-responsive js-wpv-view-layout-687\" data-viewnumber=\"687\" data-pagination=\"{&quot;id&quot;:687,&quot;query&quot;:&quot;normal&quot;,&quot;type&quot;:&quot;disabled&quot;,&quot;effect&quot;:&quot;fade&quot;,&quot;duration&quot;:500,&quot;speed&quot;:5,&quot;pause_on_hover&quot;:&quot;enabled&quot;,&quot;stop_rollover&quot;:&quot;false&quot;,&quot;cache_pages&quot;:&quot;enabled&quot;,&quot;preload_images&quot;:&quot;enabled&quot;,&quot;preload_pages&quot;:&quot;enabled&quot;,&quot;preload_reach&quot;:1,&quot;spinner&quot;:&quot;builtin&quot;,&quot;spinner_image&quot;:&quot;https:\/\/www.stw-saarland.de\/wp-content\/plugins\/toolset-blocks\/embedded\/res\/img\/ajax-loader.gif&quot;,&quot;callback_next&quot;:&quot;&quot;,&quot;manage_history&quot;:&quot;enabled&quot;,&quot;has_controls_in_form&quot;:&quot;disabled&quot;,&quot;infinite_tolerance&quot;:&quot;0&quot;,&quot;max_pages&quot;:1,&quot;page&quot;:1,&quot;base_permalink&quot;:&quot;\/fr\/wp-json\/wp\/v2\/pages\/1998?wpv_view_count=687&amp;wpv_paged=WPV_PAGE_NUM&quot;,&quot;loop&quot;:{&quot;type&quot;:&quot;&quot;,&quot;name&quot;:&quot;&quot;,&quot;data&quot;:[],&quot;id&quot;:0}}\" data-permalink=\"\/fr\/wp-json\/wp\/v2\/pages\/1998?wpv_view_count=687\">\n\n\t\n\t\n\t<ul class=\"wpv-loop js-wpv-loop pinnwandausgabe\">\n\t\t\n\t\t\t<li><p class=\"pdate\">23 avril 2026<\/p>\n<a href=\"https:\/\/www.stw-saarland.de\/fr\/pinnwand-eintrag\/haushaltsaufloesung\/\">Haushaltsaufl\u00f6sung<\/a>\n<hr\/><\/li>\n\t\t\n\t\t\t<li><p class=\"pdate\">20 avril 2026<\/p>\n<a href=\"https:\/\/www.stw-saarland.de\/fr\/pinnwand-eintrag\/schoenes-helles-zimmer-in-3er-wg-in-central-homburg\/\">Sch\u00f6nes, helles Zimmer in 3er Wg in Central Homburg<\/a>\n<hr\/><\/li>\n\t\t\n\t\t\t<li><p class=\"pdate\">20 avril 2026<\/p>\n<a href=\"https:\/\/www.stw-saarland.de\/fr\/pinnwand-eintrag\/wohnungvermietung\/\">Wohnungvermietung<\/a>\n<hr\/><\/li>\n\t\t\n\t\t\t<li><p class=\"pdate\">20 avril 2026<\/p>\n<a href=\"https:\/\/www.stw-saarland.de\/fr\/pinnwand-eintrag\/termine-skatenight-saarbruecken-2026\/\">Termine Skatenight Saarbr\u00fccken 2026<\/a>\n<hr\/><\/li>\n\t\t\n\t\t\t<li><p class=\"pdate\">19 avril 2026<\/p>\n<a href=\"https:\/\/www.stw-saarland.de\/fr\/pinnwand-eintrag\/deutsch-als-fremdsprache-von-mehrsprachiger-lehrerin-15\/\">Deutsch als Fremdsprache von mehrsprachiger Lehrerin<\/a>\n<hr\/><\/li>\n\t\t\n\t<\/ul>\n\t\n\t\n\t\n<\/div>\n<\/div>\n<\/div>\n<\/div><\/details><\/div>\n\n\n<p><\/p>\n\n\n\t\t\t\t\t<div\n\t\t\t\t\t\tclass=\"wp-block-uagb-image-gallery uagb-block-ac6e6073     \"\n\t\t\t\t\t\tstyle=\"\"\n\t\t\t\t\t>\n\t\t\t\t\t\t\t\t\t\t\t<div class=\"spectra-image-gallery spectra-image-gallery__layout--carousel\">\n\t\t\t\t\t\t\t\t<div class=\"uagb-slick-carousel uagb-block-ac6e6073\">\n\t\t\t\t\t\t\t\t\t\t\t\t<div class='spectra-image-gallery__media-wrapper' data-spectra-gallery-image-id='2481'>\n\t\t\t\t\t\t\t<div class=\"spectra-image-gallery__media spectra-image-gallery__media--carousel\">\n\t\t\t\t<picture>\n\t\t\t\t\t<source media=\"(min-width: 1024px)\" srcset=\"https:\/\/www.stw-saarland.de\/wp-content\/uploads\/2024\/11\/mensa.webp\">\n\t\t\t\t\t<source media=\"(min-width: 768px)\" srcset=\"https:\/\/www.stw-saarland.de\/wp-content\/uploads\/2024\/11\/mensa.webp\">\n\t\t\t\t\t<img decoding=\"async\" class=\"spectra-image-gallery__media-thumbnail spectra-image-gallery__media-thumbnail--carousel\" src=\"https:\/\/www.stw-saarland.de\/wp-content\/uploads\/2024\/11\/mensa-300x197.webp\" alt=\"\" loading=\"lazy\" \/>\n\t\t\t\t<\/picture>\n\t\t\t\t<div class=\"spectra-image-gallery__media-thumbnail-blurrer\"><\/div>\n\t\t\t\t\t\t\t\t\t\t\t<div class=\"spectra-image-gallery__media-thumbnail-caption-wrapper spectra-image-gallery__media-thumbnail-caption-wrapper--overlay\"><\/div>\n\t\t\t\t\t\t\t\t<\/div>\n\t\t\t\t\t\t<\/div>\n\t\t\t\t\t\t<div class='spectra-image-gallery__media-wrapper' data-spectra-gallery-image-id='1180'>\n\t\t\t\t\t\t\t<div class=\"spectra-image-gallery__media spectra-image-gallery__media--carousel\">\n\t\t\t\t<picture>\n\t\t\t\t\t<source media=\"(min-width: 1024px)\" srcset=\"https:\/\/www.stw-saarland.de\/wp-content\/uploads\/2024\/10\/h2-1.webp\">\n\t\t\t\t\t<source media=\"(min-width: 768px)\" srcset=\"https:\/\/www.stw-saarland.de\/wp-content\/uploads\/2024\/10\/h2-1.webp\">\n\t\t\t\t\t<img decoding=\"async\" class=\"spectra-image-gallery__media-thumbnail spectra-image-gallery__media-thumbnail--carousel\" src=\"https:\/\/www.stw-saarland.de\/wp-content\/uploads\/2024\/10\/h2-1-300x197.webp\" alt=\"\" loading=\"lazy\" \/>\n\t\t\t\t<\/picture>\n\t\t\t\t<div class=\"spectra-image-gallery__media-thumbnail-blurrer\"><\/div>\n\t\t\t\t\t\t\t\t\t\t\t<div class=\"spectra-image-gallery__media-thumbnail-caption-wrapper spectra-image-gallery__media-thumbnail-caption-wrapper--overlay\"><\/div>\n\t\t\t\t\t\t\t\t<\/div>\n\t\t\t\t\t\t<\/div>\n\t\t\t\t\t\t<div class='spectra-image-gallery__media-wrapper' data-spectra-gallery-image-id='1189'>\n\t\t\t\t\t\t\t<div class=\"spectra-image-gallery__media spectra-image-gallery__media--carousel\">\n\t\t\t\t<picture>\n\t\t\t\t\t<source media=\"(min-width: 1024px)\" srcset=\"https:\/\/www.stw-saarland.de\/wp-content\/uploads\/2024\/10\/h5-1.webp\">\n\t\t\t\t\t<source media=\"(min-width: 768px)\" srcset=\"https:\/\/www.stw-saarland.de\/wp-content\/uploads\/2024\/10\/h5-1.webp\">\n\t\t\t\t\t<img decoding=\"async\" class=\"spectra-image-gallery__media-thumbnail spectra-image-gallery__media-thumbnail--carousel\" src=\"https:\/\/www.stw-saarland.de\/wp-content\/uploads\/2024\/10\/h5-1-300x197.webp\" alt=\"\" loading=\"lazy\" \/>\n\t\t\t\t<\/picture>\n\t\t\t\t<div class=\"spectra-image-gallery__media-thumbnail-blurrer\"><\/div>\n\t\t\t\t\t\t\t\t\t\t\t<div class=\"spectra-image-gallery__media-thumbnail-caption-wrapper spectra-image-gallery__media-thumbnail-caption-wrapper--overlay\"><\/div>\n\t\t\t\t\t\t\t\t<\/div>\n\t\t\t\t\t\t<\/div>\n\t\t\t\t\t\t<div class='spectra-image-gallery__media-wrapper' data-spectra-gallery-image-id='1629'>\n\t\t\t\t\t\t\t<div class=\"spectra-image-gallery__media spectra-image-gallery__media--carousel\">\n\t\t\t\t<picture>\n\t\t\t\t\t<source media=\"(min-width: 1024px)\" srcset=\"https:\/\/www.stw-saarland.de\/wp-content\/uploads\/2024\/10\/beratung.webp\">\n\t\t\t\t\t<source media=\"(min-width: 768px)\" srcset=\"https:\/\/www.stw-saarland.de\/wp-content\/uploads\/2024\/10\/beratung.webp\">\n\t\t\t\t\t<img decoding=\"async\" class=\"spectra-image-gallery__media-thumbnail spectra-image-gallery__media-thumbnail--carousel\" src=\"https:\/\/www.stw-saarland.de\/wp-content\/uploads\/2024\/10\/beratung-300x197.webp\" alt=\"\" loading=\"lazy\" \/>\n\t\t\t\t<\/picture>\n\t\t\t\t<div class=\"spectra-image-gallery__media-thumbnail-blurrer\"><\/div>\n\t\t\t\t\t\t\t\t\t\t\t<div class=\"spectra-image-gallery__media-thumbnail-caption-wrapper spectra-image-gallery__media-thumbnail-caption-wrapper--overlay\"><\/div>\n\t\t\t\t\t\t\t\t<\/div>\n\t\t\t\t\t\t<\/div>\n\t\t\t\t\t\t<div class='spectra-image-gallery__media-wrapper' data-spectra-gallery-image-id='2489'>\n\t\t\t\t\t\t\t<div class=\"spectra-image-gallery__media spectra-image-gallery__media--carousel\">\n\t\t\t\t<picture>\n\t\t\t\t\t<source media=\"(min-width: 1024px)\" srcset=\"https:\/\/www.stw-saarland.de\/wp-content\/uploads\/2024\/11\/wh.webp\">\n\t\t\t\t\t<source media=\"(min-width: 768px)\" srcset=\"https:\/\/www.stw-saarland.de\/wp-content\/uploads\/2024\/11\/wh.webp\">\n\t\t\t\t\t<img decoding=\"async\" class=\"spectra-image-gallery__media-thumbnail spectra-image-gallery__media-thumbnail--carousel\" src=\"https:\/\/www.stw-saarland.de\/wp-content\/uploads\/2024\/11\/wh-300x197.webp\" alt=\"\" loading=\"lazy\" \/>\n\t\t\t\t<\/picture>\n\t\t\t\t<div class=\"spectra-image-gallery__media-thumbnail-blurrer\"><\/div>\n\t\t\t\t\t\t\t\t\t\t\t<div class=\"spectra-image-gallery__media-thumbnail-caption-wrapper spectra-image-gallery__media-thumbnail-caption-wrapper--overlay\"><\/div>\n\t\t\t\t\t\t\t\t<\/div>\n\t\t\t\t\t\t<\/div>\n\t\t\t\t\t\t<div class='spectra-image-gallery__media-wrapper' data-spectra-gallery-image-id='6213'>\n\t\t\t\t\t\t\t<div class=\"spectra-image-gallery__media spectra-image-gallery__media--carousel\">\n\t\t\t\t<picture>\n\t\t\t\t\t<source media=\"(min-width: 1024px)\" srcset=\"https:\/\/www.stw-saarland.de\/wp-content\/uploads\/2025\/06\/home_5-1.webp\">\n\t\t\t\t\t<source media=\"(min-width: 768px)\" srcset=\"https:\/\/www.stw-saarland.de\/wp-content\/uploads\/2025\/06\/home_5-1.webp\">\n\t\t\t\t\t<img decoding=\"async\" class=\"spectra-image-gallery__media-thumbnail spectra-image-gallery__media-thumbnail--carousel\" src=\"https:\/\/www.stw-saarland.de\/wp-content\/uploads\/2025\/06\/home_5-1-300x197.webp\" alt=\"\" loading=\"lazy\" \/>\n\t\t\t\t<\/picture>\n\t\t\t\t<div class=\"spectra-image-gallery__media-thumbnail-blurrer\"><\/div>\n\t\t\t\t\t\t\t\t\t\t\t<div class=\"spectra-image-gallery__media-thumbnail-caption-wrapper spectra-image-gallery__media-thumbnail-caption-wrapper--overlay\"><\/div>\n\t\t\t\t\t\t\t\t<\/div>\n\t\t\t\t\t\t<\/div>\n\t\t\t\t\t\t\t\t\t\t\t<\/div>\n\t\t\t\t\t\t\t<\/div>\n\t\t\t\t\t\t\t\t\t\t\t<\/div>\n\t\t\t\t\t\t\t\t\t\n\n\n<p><\/p>\n\n\n\n<div class=\"wp-block-group social-icons is-content-justification-center is-nowrap is-layout-flex wp-container-core-group-is-layout-94bc23d7 wp-block-group-is-layout-flex\">\n<div class=\"wp-block-uagb-image aligncenter uagb-block-7e0f5d68 wp-block-uagb-image--layout-default wp-block-uagb-image--effect-static wp-block-uagb-image--align-center\"><figure class=\"wp-block-uagb-image__figure\"><a class=\"\" href=\"https:\/\/www.youtube.com\/channel\/UC-bUmAgABOYjtZ4KtATWVYA\" target=\"_blank\" rel=\"noreferrer noopener\"><img decoding=\"async\" srcset=\"https:\/\/www.stw-saarland.de\/wp-content\/uploads\/2024\/09\/Element-5.svg ,https:\/\/www.stw-saarland.de\/wp-content\/uploads\/2024\/09\/Element-5.svg 780w, https:\/\/www.stw-saarland.de\/wp-content\/uploads\/2024\/09\/Element-5.svg 360w\" sizes=\"auto, (max-width: 480px) 150px\" src=\"https:\/\/www.stw-saarland.de\/wp-content\/uploads\/2024\/09\/Element-5.svg\" alt=\"\" class=\"uag-image-849\" width=\"60\" height=\"60\" title=\"YoutTube\" loading=\"lazy\" role=\"img\"\/><\/a><\/figure><\/div>\n\n\n\n<div class=\"wp-block-uagb-image alignleft uagb-block-5fe0fe9b wp-block-uagb-image--layout-default wp-block-uagb-image--effect-static wp-block-uagb-image--align-left\"><figure class=\"wp-block-uagb-image__figure\"><a class=\"\" href=\"mailto:info@stw-saarland.de\" target=\"\" rel=\"noopener\"><img decoding=\"async\"  sizes=\"auto, (max-width: 480px) 150px\" src=\"https:\/\/www.stw-saarland.de\/wp-content\/uploads\/2024\/09\/Element-4.svg\" alt=\"\" width=\"60\" height=\"60\" title=\"E-Mail\" loading=\"lazy\" role=\"img\"\/><\/a><\/figure><\/div>\n\n\n\n<div class=\"wp-block-uagb-image alignright uagb-block-3c7cddf6 wp-block-uagb-image--layout-default wp-block-uagb-image--effect-static wp-block-uagb-image--align-right\"><figure class=\"wp-block-uagb-image__figure\"><a class=\"\" href=\"https:\/\/www.instagram.com\/studierendenwerksaarland\/?hl=de\" target=\"_blank\" rel=\"noreferrer noopener\"><img decoding=\"async\" srcset=\"https:\/\/www.stw-saarland.de\/wp-content\/uploads\/2024\/09\/Element-6.svg ,https:\/\/www.stw-saarland.de\/wp-content\/uploads\/2024\/09\/Element-6.svg 780w, https:\/\/www.stw-saarland.de\/wp-content\/uploads\/2024\/09\/Element-6.svg 360w\" sizes=\"auto, (max-width: 480px) 150px\" src=\"https:\/\/www.stw-saarland.de\/wp-content\/uploads\/2024\/09\/Element-6.svg\" alt=\"\" class=\"uag-image-852\" width=\"60\" height=\"60\" title=\"Instagram\" loading=\"lazy\" role=\"img\"\/><\/a><\/figure><\/div>\n<\/div>\n\n\n\n<div class=\"social-links\">\n    <p><a href=\"https:\/\/www.instagram.com\/studierendenwerksaarland\/?hl=de\" target=\"_blank\" rel=\"noopener noreferrer\">Instagram<\/a> | <a href=\"https:\/\/www.youtube.com\/channel\/UC-bUmAgABOYjtZ4KtATWVYA\" target=\"_blank\" rel=\"noopener noreferrer\">YouTube<\/a> | <a href=\"mailto:info@stw-saarland.de\">E-mail<\/a><\/p>\n  <\/div>\n","protected":false},"excerpt":{"rendered":"<p>Bonjour chers Instagram | YouTube | E-mail<\/p>\n","protected":false},"author":1,"featured_media":0,"parent":0,"menu_order":0,"comment_status":"closed","ping_status":"closed","template":"","meta":{"_acf_changed":false,"inline_featured_image":false,"_uag_custom_page_level_css":"","footnotes":""},"class_list":["post-1998","page","type-page","status-publish"],"acf":[],"uagb_featured_image_src":{"full":false,"thumbnail":false,"medium":false,"medium_large":false,"large":false,"1536x1536":false,"2048x2048":false,"gform-image-choice-sm":false,"gform-image-choice-md":false,"gform-image-choice-lg":false},"uagb_author_info":{"display_name":"pixelarbeiter","author_link":"https:\/\/www.stw-saarland.de\/fr\/author\/pixelarbeiter\/"},"uagb_comment_info":0,"uagb_excerpt":"Bonjour chers Instagram | YouTube | E-mail","_links":{"self":[{"href":"https:\/\/www.stw-saarland.de\/fr\/wp-json\/wp\/v2\/pages\/1998","targetHints":{"allow":["GET"]}}],"collection":[{"href":"https:\/\/www.stw-saarland.de\/fr\/wp-json\/wp\/v2\/pages"}],"about":[{"href":"https:\/\/www.stw-saarland.de\/fr\/wp-json\/wp\/v2\/types\/page"}],"author":[{"embeddable":true,"href":"https:\/\/www.stw-saarland.de\/fr\/wp-json\/wp\/v2\/users\/1"}],"replies":[{"embeddable":true,"href":"https:\/\/www.stw-saarland.de\/fr\/wp-json\/wp\/v2\/comments?post=1998"}],"version-history":[{"count":7,"href":"https:\/\/www.stw-saarland.de\/fr\/wp-json\/wp\/v2\/pages\/1998\/revisions"}],"predecessor-version":[{"id":8609,"href":"https:\/\/www.stw-saarland.de\/fr\/wp-json\/wp\/v2\/pages\/1998\/revisions\/8609"}],"wp:attachment":[{"href":"https:\/\/www.stw-saarland.de\/fr\/wp-json\/wp\/v2\/media?parent=1998"}],"curies":[{"name":"wp","href":"https:\/\/api.w.org\/{rel}","templated":true}]}}