{"id":2004,"date":"2024-06-01T10:02:47","date_gmt":"2024-06-01T08:02:47","guid":{"rendered":"https:\/\/www.stw-saarland.de\/conseil\/"},"modified":"2025-08-26T11:19:26","modified_gmt":"2025-08-26T09:19:26","slug":"conseil","status":"publish","type":"page","link":"https:\/\/www.stw-saarland.de\/fr\/conseil\/","title":{"rendered":"Conseil psychologique"},"content":{"rendered":"\n<div class=\"titelcontainer\">\n        <div class=\"text-container\">\n            <h1>Nous sommes l\u00e0 <span>!<\/span><\/h1>\n            <p>Nos psychologues vous aident si vous vous sentez concern\u00e9(e) par des probl\u00e8mes personnels ou li\u00e9s aux \u00e9tudes ou au travail\n. <br\/>Les consultations sont totalement <strong>confidentielles et gratuites.<\/strong><\/p>\n        <\/div>\n        <div class=\"image-container\">\n            <img decoding=\"async\" src=\"https:\/\/www.stw-saarland.de\/wp-content\/uploads\/2024\/10\/beratung_pfeil.svg\" alt=\"Conseil\"\/>\n        <\/div>\n    <\/div>\n\n<div class=\"wp-block-uagb-container uagb-block-0f5dfcf4 alignwide uagb-is-root-container\">\n<div class=\"wp-block-uagb-container uagb-block-9dff5caa\">\n<a href=\"https:\/\/www.stw-saarland.de\/fr\/conseil\/conseil-aux-etudiants\/\" class=\"box\">\n    <img decoding=\"async\" src=\"https:\/\/www.stw-saarland.de\/wp-content\/uploads\/2024\/06\/Button_Beratung.svg\" alt=\"Ic\u00f4ne\"\/>\n    <div class=\"box-title\">POUR LES \u00c9TUDIANTS <br\/><\/div>\n<\/a>\n<\/div>\n\n\n\n<div class=\"wp-block-uagb-container uagb-block-03730381\">\n<a href=\"https:\/\/www.stw-saarland.de\/fr\/conseil\/conseil-aux-employes\/\" class=\"box\">\n    <img decoding=\"async\" src=\"https:\/\/www.stw-saarland.de\/wp-content\/uploads\/2024\/06\/Button_Beratung.svg\" alt=\"Ic\u00f4ne\"\/>\n    <div class=\"box-title\">POUR <br\/>COLLABORATEURS<\/div>\n<\/a>\n<\/div>\n\n\n\n<div class=\"wp-block-uagb-container uagb-block-679de181\">\n<a href=\"https:\/\/www.stw-saarland.de\/fr\/conseil\/conseil-aux-employes-de-letat\/\" class=\"box\">\n    <img decoding=\"async\" src=\"https:\/\/www.stw-saarland.de\/wp-content\/uploads\/2024\/06\/Button_Beratung.svg\" alt=\"Ic\u00f4ne\"\/>\n    <div class=\"box-title\">POUR <br\/>PERSONNEL DE L&rsquo;\u00c9TAT<\/div>\n<\/a>\n<\/div>\n<\/div>\n","protected":false},"excerpt":{"rendered":"<p>Nous sommes l\u00e0 ! Nos psychologues vous aident si vous vous sentez concern\u00e9(e) par des probl\u00e8mes personnels ou li\u00e9s aux \u00e9tudes ou au travail . Les consultations sont totalement confidentielles et gratuites. POUR LES \u00c9TUDIANTS POUR COLLABORATEURS POUR PERSONNEL DE L&rsquo;\u00c9TAT<\/p>\n","protected":false},"author":1,"featured_media":0,"parent":0,"menu_order":0,"comment_status":"closed","ping_status":"closed","template":"","meta":{"_acf_changed":false,"inline_featured_image":false,"_uag_custom_page_level_css":"","footnotes":""},"class_list":["post-2004","page","type-page","status-publish"],"acf":[],"uagb_featured_image_src":{"full":false,"thumbnail":false,"medium":false,"medium_large":false,"large":false,"1536x1536":false,"2048x2048":false,"gform-image-choice-sm":false,"gform-image-choice-md":false,"gform-image-choice-lg":false},"uagb_author_info":{"display_name":"pixelarbeiter","author_link":"https:\/\/www.stw-saarland.de\/fr\/author\/pixelarbeiter\/"},"uagb_comment_info":0,"uagb_excerpt":"Nous sommes l\u00e0 ! Nos psychologues vous aident si vous vous sentez concern\u00e9(e) par des probl\u00e8mes personnels ou li\u00e9s aux \u00e9tudes ou au travail . Les consultations sont totalement confidentielles et gratuites. POUR LES \u00c9TUDIANTS POUR COLLABORATEURS POUR PERSONNEL DE L&rsquo;\u00c9TAT","_links":{"self":[{"href":"https:\/\/www.stw-saarland.de\/fr\/wp-json\/wp\/v2\/pages\/2004","targetHints":{"allow":["GET"]}}],"collection":[{"href":"https:\/\/www.stw-saarland.de\/fr\/wp-json\/wp\/v2\/pages"}],"about":[{"href":"https:\/\/www.stw-saarland.de\/fr\/wp-json\/wp\/v2\/types\/page"}],"author":[{"embeddable":true,"href":"https:\/\/www.stw-saarland.de\/fr\/wp-json\/wp\/v2\/users\/1"}],"replies":[{"embeddable":true,"href":"https:\/\/www.stw-saarland.de\/fr\/wp-json\/wp\/v2\/comments?post=2004"}],"version-history":[{"count":6,"href":"https:\/\/www.stw-saarland.de\/fr\/wp-json\/wp\/v2\/pages\/2004\/revisions"}],"predecessor-version":[{"id":7992,"href":"https:\/\/www.stw-saarland.de\/fr\/wp-json\/wp\/v2\/pages\/2004\/revisions\/7992"}],"wp:attachment":[{"href":"https:\/\/www.stw-saarland.de\/fr\/wp-json\/wp\/v2\/media?parent=2004"}],"curies":[{"name":"wp","href":"https:\/\/api.w.org\/{rel}","templated":true}]}}