{"id":2005,"date":"2024-06-01T10:01:22","date_gmt":"2024-06-01T08:01:22","guid":{"rendered":"https:\/\/www.stw-saarland.de\/gastro\/"},"modified":"2025-10-12T16:42:34","modified_gmt":"2025-10-12T14:42:34","slug":"gastro","status":"publish","type":"page","link":"https:\/\/www.stw-saarland.de\/fr\/gastro\/","title":{"rendered":"Gastro"},"content":{"rendered":"\n<div class=\"titelcontainer\">\n        <div class=\"text-container\">\n            <h1>L&rsquo;<span>estomac<\/span><br\/>\n  <span>gargouille ?<\/span>\n<\/h1>\n            <p>Alors vous \u00eates au bon endroit.<br\/>Choisissez votre <strong>LIEU !<\/strong><\/p>\n        <\/div>\n        <div class=\"image-container\">\n            <a href=\"https:\/\/www.youtube.com\/@studierendenwerksaarland6909\/videos\" target=\"_blank\" rel=\"noopener\"><img decoding=\"async\" src=\"https:\/\/www.stw-saarland.de\/wp-content\/uploads\/2024\/10\/gatroimg.svg\" alt=\"Vid\u00e9os et plus\"\/><\/a>\n        <\/div>\n    <\/div>\n\n<div class=\"wp-block-columns is-layout-flex wp-container-core-columns-is-layout-9d6595d7 wp-block-columns-is-layout-flex\">\n<div class=\"wp-block-column is-layout-flow wp-block-column-is-layout-flow\">\n<a href=\"#\" class=\"box standortsb\">\n    <img decoding=\"async\" src=\"https:\/\/www.stw-saarland.de\/wp-content\/uploads\/2024\/10\/mensasb_weiss.svg\" alt=\"Les restaurants universitaires \u00e0 Sarrebruck\"\/>\n    <div class=\"box-title\">SAARBR\u00dcCKEN<\/div>\n<\/a>\n<\/div>\n\n\n\n<div class=\"wp-block-column is-layout-flow wp-block-column-is-layout-flow\">\n<a href=\"#\" class=\"box standorthomburg\">\n    <img decoding=\"async\" src=\"https:\/\/www.stw-saarland.de\/wp-content\/uploads\/2024\/10\/homburg_weiss.svg\" alt=\"Les restaurants universitaires de Hombourg\"\/>\n    <div class=\"box-title\">HOMBURG<\/div>\n<\/a>\n<\/div>\n\n\n\n<div class=\"wp-block-column is-layout-flow wp-block-column-is-layout-flow\">\n<a href=\"https:\/\/www.stw-saarland.de\/fr\/gastro\/htw-saar-campus-goettelborn\/\" class=\"box standortgoettelborn\">\n    <img decoding=\"async\" src=\"https:\/\/www.stw-saarland.de\/wp-content\/uploads\/2024\/10\/goettelborn_weiss.svg\" alt=\"R\u00e9fectoires \u00e0 G\u00f6ttelborn\"\/>\n    <div class=\"box-title\">G\u00d6TTELBORN<\/div>\n<\/a>\n<\/div>\n<\/div>\n\n<p class=\"has-text-align-center homburgwahl has-medium-font-size\">Choisissez votre SITE en HOMBURG !<\/p>\n\n<div class=\"wp-block-columns homburgwahl is-layout-flex wp-container-core-columns-is-layout-9d6595d7 wp-block-columns-is-layout-flex\">\n<div class=\"wp-block-column is-layout-flow wp-block-column-is-layout-flow\">\n<a href=\"https:\/\/www.stw-saarland.de\/fr\/gastro\/cantine-de-hombourg\/\" class=\"box mensahombox\">\n    <img decoding=\"async\" class=\"mensa\" src=\"https:\/\/www.stw-saarland.de\/wp-content\/uploads\/2024\/10\/homburg_weiss.svg\" alt=\"Cantine de Hombourg\"\/>\n    <div class=\"box-title\">MENSA<br\/>Hombourg<\/div>\n<\/a>\n<\/div>\n\n\n\n<div class=\"wp-block-column is-layout-flow wp-block-column-is-layout-flow\">\n<a href=\"https:\/\/www.stw-saarland.de\/fr\/gastro\/cafeteria-hombourg\/\" class=\"box cafetebox\">\n    <img decoding=\"async\" src=\"https:\/\/www.stw-saarland.de\/wp-content\/uploads\/2024\/10\/cafete_weiss.svg\" alt=\"Cafete\"\/>\n    <div class=\"box-title\">CAFETE<\/div>\n<\/a>\n<\/div>\n<\/div>\n\n<p class=\"has-text-align-center sbwahl has-medium-font-size\">Choisissez votre SITE \u00e0 SAARBR\u00dcCKEN !<\/p>\n\n<div class=\"wp-block-columns sbwahl is-layout-flex wp-container-core-columns-is-layout-9d6595d7 wp-block-columns-is-layout-flex\">\n<div class=\"wp-block-column is-layout-flow wp-block-column-is-layout-flow\">\n<a href=\"https:\/\/www.stw-saarland.de\/fr\/gastro\/mensa-universite-de-la-sarre\/\" class=\"box mensabox\">\n    <img decoding=\"async\" class=\"mensa\" src=\"https:\/\/www.stw-saarland.de\/wp-content\/uploads\/2024\/10\/mensa_sb_weiss.svg\" alt=\"Cantine de Sarrebruck\"\/>\n    <div class=\"box-title\">MENSA<br\/> Sarrebruck<\/div>\n<\/a>\n<\/div>\n\n\n\n<div class=\"wp-block-column is-layout-flow wp-block-column-is-layout-flow\">\n<a href=\"https:\/\/www.stw-saarland.de\/fr\/gastro\/jardin-de-la-mensa\/\" class=\"box mensagartenbox\">\n    <img decoding=\"async\" src=\"https:\/\/www.stw-saarland.de\/wp-content\/uploads\/2024\/10\/mensagarten_weiss.svg\" alt=\"Jardin de la Mensa\"\/>\n    <div class=\"box-title\">JARDIN DU MENS<\/div>\n<\/a>\n<\/div>\n\n\n\n<div class=\"wp-block-column is-layout-flow wp-block-column-is-layout-flow\">\n<a href=\"https:\/\/www.stw-saarland.de\/fr\/gastro\/cafe-b4r1sta\/\" class=\"box baristabox\">\n    <img decoding=\"async\" src=\"https:\/\/www.stw-saarland.de\/wp-content\/uploads\/2024\/10\/barista_weiss.svg\" alt=\"B4RISTA\"\/>\n    <div class=\"box-title\">B4RISTA<\/div>\n<\/a>\n<\/div>\n<\/div>\n\n<div class=\"wp-block-columns sbwahl is-layout-flex wp-container-core-columns-is-layout-9d6595d7 wp-block-columns-is-layout-flex\">\n<div class=\"wp-block-column is-layout-flow wp-block-column-is-layout-flow\">\n<a href=\"https:\/\/www.stw-saarland.de\/fr\/gastro\/cafe-books-and-beans\/\" class=\"box bnbbox\">\n    <img decoding=\"async\" class=\"mensa\" src=\"https:\/\/www.stw-saarland.de\/wp-content\/uploads\/2024\/10\/bnb_weiss.svg\" alt=\"Mensa\"\/>\n    <div class=\"box-title\">BOOKS AND BEANS<\/div>\n<\/a>\n<\/div>\n\n\n\n<div class=\"wp-block-column is-layout-flow wp-block-column-is-layout-flow\">\n<a href=\"https:\/\/www.stw-saarland.de\/fr\/gastro\/htw-saar-campus-alt-saarbruecken\/\" class=\"box htwaltbox\">\n    <img decoding=\"async\" src=\"https:\/\/www.stw-saarland.de\/wp-content\/uploads\/2024\/10\/altsb_weiss.svg\" alt=\"htw ALT-SAARBR\u00dcCKEN (en allemand)\"\/>\n    <div class=\"box-title\">  htw saar<br\/>Campus Alt-SB<\/div>\n<\/a>\n<\/div>\n\n\n\n<div class=\"wp-block-column is-layout-flow wp-block-column-is-layout-flow\">\n<a href=\"https:\/\/www.stw-saarland.de\/fr\/gastro\/htw-saar-campus-rotenbuehl\/\" class=\"box htwrotenbbox\">\n    <img decoding=\"async\" src=\"https:\/\/www.stw-saarland.de\/wp-content\/uploads\/2024\/10\/rotenbuehl_weiss.svg\" alt=\"htw ROTENB\u00dcHL\"\/>\n    <div class=\"box-title\">htw saar<br\/>Campus Rotenb\u00fchl<\/div>\n<\/a>\n<\/div>\n<\/div>\n\n<div class=\"wp-block-columns sbwahl is-layout-flex wp-container-core-columns-is-layout-9d6595d7 wp-block-columns-is-layout-flex\">\n<div class=\"wp-block-column is-layout-flow wp-block-column-is-layout-flow\">\n<a href=\"https:\/\/www.stw-saarland.de\/fr\/gastro\/mensa-hochschule-fuer-musik\/\" class=\"box hfmbox\">\n    <img decoding=\"async\" src=\"https:\/\/www.stw-saarland.de\/wp-content\/uploads\/2024\/10\/hfm_weiss.svg\" alt=\"HfM\"\/>\n    <div class=\"box-title\">HfM<\/div>\n<\/a>\n<\/div>\n\n\n\n<div class=\"wp-block-column is-layout-flow wp-block-column-is-layout-flow\">\n<a href=\"https:\/\/www.stw-saarland.de\/fr\/gastro\/refectoire-de-lecole-superieure-des-beaux-arts-hbk\/\" class=\"box hbkbox\">\n    <img decoding=\"async\" src=\"https:\/\/www.stw-saarland.de\/wp-content\/uploads\/2024\/10\/hbk_weiss.svg\" alt=\"HBK\"\/>\n    <div class=\"box-title\">HBK<\/div>\n<\/a>\n<\/div>\n\n\n\n<div class=\"wp-block-column is-layout-flow wp-block-column-is-layout-flow\"><\/div>\n<\/div>\n<div class=\"lightweight-accordion\"><details><summary class=\"lightweight-accordion-title\"><span>SERVICE<\/span><\/summary><div class=\"lightweight-accordion-body\">\n\n<p><strong>Remboursement : UdS-Card\/htw saar-Card :<\/strong><\/p>\n\n\n\n<p>Si vous avez des questions sur le transfert ou le remboursement du cr\u00e9dit de votre carte UdS ou htw saar-card, en cas de perte de la carte ou de probl\u00e8mes avec les chargements et d\u00e9chargements, veuillez vous adresser \u00e0 notre bureau de caisse :  <\/p>\n\n\n\n<p><strong>Autoload :<\/strong><\/p>\n\n\n\n<p>Le syst\u00e8me Autoload offre une possibilit\u00e9 confortable de recharger automatiquement le cr\u00e9dit de la carte universitaire. Cette fonction permet de surveiller en permanence le cr\u00e9dit et de l&rsquo;augmenter \u00e0 temps afin de toujours disposer de suffisamment de moyens pour se restaurer. Pour utiliser le syst\u00e8me Autoload, il suffit aux utilisateurs de s&rsquo;inscrire au bureau de la caisse avec leur carte universitaire et leurs coordonn\u00e9es bancaires. Un cr\u00e9dit minimum individuel et un montant de revalorisation sont alors d\u00e9finis. En guise de remerciement, les utilisateurs* re\u00e7oivent 10% du montant de la revalorisation en cadeau lors du premier chargement.    <\/p>\n\n\n\n<p><strong>Mensabons<\/strong><\/p>\n\n\n\n<p>Le Studentenwerk offre une solution pratique pour la restauration des participants lors des congr\u00e8s et des visites de classes avec ses Mensabons de diff\u00e9rents types. Ces tickets permettent une solution de restauration simple et flexible qui r\u00e9pond aux besoins et aux pr\u00e9f\u00e9rences des groupes. L&rsquo;utilisation des Mensabons est tr\u00e8s simple : les organisateurs peuvent acheter les bons \u00e0 l&rsquo;avance aupr\u00e8s du Studentenwerk et les distribuer aux participants*. Ces derniers peuvent ensuite utiliser les bons dans les restaurants universitaires du Studentenwerk.<\/p>\n\n\n\n<p><strong>Le ch\u00e8que-cadeau Mensa :<\/strong><\/p>\n\n\n\n<p>Un cadeau id\u00e9al pour les usagers du restaurant universitaire : Notre bon Mensa joliment con\u00e7u peut \u00eatre \u00e9mis \u00e0 partir de 10,00 \u20ac, quel que soit le montant, et est utilisable dans tous les caf\u00e9s et restaurants universitaires du Studentenwerk.<\/p>\n\n\n\n<p><strong>Carte Kiko : les enfants mangent gratuitement<\/strong><\/p>\n\n\n\n<p>Le Studierendenwerk Saarland propose aux \u00e9tudiants ayant des enfants une assiette gratuite pour enfants (Kiko) dans ses restaurants universitaires. Voici les principales informations sur cette offre :<br\/>La carte Kiko donne droit aux enfants d&rsquo;\u00e9tudiants \u00e0 un repas gratuit dans les restaurants universitaires si l&rsquo;un des parents y mange \u00e9galement. <\/p>\n\n\n\n<p>Demande :<br\/>Documents requis : Certificat d&rsquo;inscription d&rsquo;un des parents et certificat de naissance ou carte d&rsquo;identit\u00e9 de l&rsquo;enfant.<\/p>\n\n\n\n<p>Validit\u00e9 :<br\/>Un semestre<\/p>\n\n\n\n<p>Points de distribution :<br\/>Universit\u00e9 de la Sarre : Bureau de la caisse \u00e0 Sarrebruck (b\u00e2timent D4.1) ou bureau des cartes \u00e0 Hombourg (b\u00e2timent 74), Hochschule f\u00fcr Technik und Wirtschaft : Familienb\u00fcro (G\u00f6benstra\u00dfe 40, b\u00e2timent 8)<\/p>\n\n\n\n<p>Utilisation :<br\/>Valable dans tous les restaurants universitaires du Studentenwerk (pas dans les caf\u00e9t\u00e9rias)<br\/>Pour tous les plats chauds sur une assiette sp\u00e9ciale pour enfants<br\/>Pr\u00e9sentation de la carte KIKO n\u00e9cessaire \u00e0 la distribution et \u00e0 la caisse<\/p>\n\n\n\n<p>Cette offre favorable aux familles soutient les \u00e9tudiants ayant des enfants et encourage une alimentation \u00e9quilibr\u00e9e pour leur prog\u00e9niture<strong>.<\/strong><\/p>\n\n\n\n<p><strong>N&rsquo;h\u00e9sitez pas \u00e0 nous contacter sur tous ces sujets :<\/strong><\/p>\n\n\n\n<p>Eisenberger Sandra<br\/>T\u00e9l. 0681\/302 2823<br\/><a href=\"mailto:s.eisenberger@stw-saarland.de\">s.eisenberger@stw-saarland.de<\/a><\/p>\n\n\n\n<p>Julia Neumann<br\/>T\u00e9l. 0681\/302 3132<br\/><a href=\"mailto:j.neumann@stw-saarland.de\">j.neumann@stw-saarland.de<\/a><\/p>\n\n\n\n<p>B\u00e2timent de la cantine D4.1<br\/>Bureau de la caisse, sous-sol, chambre 003<br\/>directement \u00e0 c\u00f4t\u00e9 du point de service<\/p>\n\n\n\n<p><strong>Horaires d&rsquo;ouverture :<\/strong><br\/><strong>Du lundi au vendredi de 10h00 \u00e0 12h30  <\/strong><\/p>\n\n<\/div><\/details><\/div>","protected":false},"excerpt":{"rendered":"<p>L&rsquo;estomac gargouille ? Alors vous \u00eates au bon endroit.Choisissez votre LIEU ! SAARBR\u00dcCKEN HOMBURG G\u00d6TTELBORN Choisissez votre SITE en HOMBURG ! MENSAHombourg CAFETE Choisissez votre SITE \u00e0 SAARBR\u00dcCKEN ! MENSA Sarrebruck JARDIN DU MENS B4RISTA BOOKS AND BEANS htw saarCampus Alt-SB htw saarCampus Rotenb\u00fchl HfM HBK<\/p>\n","protected":false},"author":1,"featured_media":0,"parent":0,"menu_order":0,"comment_status":"closed","ping_status":"closed","template":"","meta":{"_acf_changed":false,"inline_featured_image":false,"_uag_custom_page_level_css":"","footnotes":""},"class_list":["post-2005","page","type-page","status-publish"],"acf":[],"uagb_featured_image_src":{"full":false,"thumbnail":false,"medium":false,"medium_large":false,"large":false,"1536x1536":false,"2048x2048":false},"uagb_author_info":{"display_name":"pixelarbeiter","author_link":"https:\/\/www.stw-saarland.de\/fr\/author\/pixelarbeiter\/"},"uagb_comment_info":0,"uagb_excerpt":"L&rsquo;estomac gargouille ? Alors vous \u00eates au bon endroit.Choisissez votre LIEU ! SAARBR\u00dcCKEN HOMBURG G\u00d6TTELBORN Choisissez votre SITE en HOMBURG ! MENSAHombourg CAFETE Choisissez votre SITE \u00e0 SAARBR\u00dcCKEN ! MENSA Sarrebruck JARDIN DU MENS B4RISTA BOOKS AND BEANS htw saarCampus Alt-SB htw saarCampus Rotenb\u00fchl HfM HBK","_links":{"self":[{"href":"https:\/\/www.stw-saarland.de\/fr\/wp-json\/wp\/v2\/pages\/2005","targetHints":{"allow":["GET"]}}],"collection":[{"href":"https:\/\/www.stw-saarland.de\/fr\/wp-json\/wp\/v2\/pages"}],"about":[{"href":"https:\/\/www.stw-saarland.de\/fr\/wp-json\/wp\/v2\/types\/page"}],"author":[{"embeddable":true,"href":"https:\/\/www.stw-saarland.de\/fr\/wp-json\/wp\/v2\/users\/1"}],"replies":[{"embeddable":true,"href":"https:\/\/www.stw-saarland.de\/fr\/wp-json\/wp\/v2\/comments?post=2005"}],"version-history":[{"count":5,"href":"https:\/\/www.stw-saarland.de\/fr\/wp-json\/wp\/v2\/pages\/2005\/revisions"}],"predecessor-version":[{"id":9049,"href":"https:\/\/www.stw-saarland.de\/fr\/wp-json\/wp\/v2\/pages\/2005\/revisions\/9049"}],"wp:attachment":[{"href":"https:\/\/www.stw-saarland.de\/fr\/wp-json\/wp\/v2\/media?parent=2005"}],"curies":[{"name":"wp","href":"https:\/\/api.w.org\/{rel}","templated":true}]}}