{"id":2010,"date":"2024-06-01T10:03:14","date_gmt":"2024-06-01T08:03:14","guid":{"rendered":"https:\/\/www.stw-saarland.de\/a-propos-de-nous\/"},"modified":"2025-10-16T13:10:36","modified_gmt":"2025-10-16T11:10:36","slug":"a-propos-de-nous","status":"publish","type":"page","link":"https:\/\/www.stw-saarland.de\/fr\/a-propos-de-nous\/","title":{"rendered":"\u00c0 propos de nous"},"content":{"rendered":"\n<div class=\"titelcontainer\">\n        <div class=\"text-container\">\n            <h1>\u00c0 PROPOS DE <br\/>\n  <span>NOUS !<\/span>\n<\/h1>\n            <p>Vous trouverez ici des informations sur <strong>NOUS !<\/strong><\/p>\n        <\/div>\n        <div class=\"image-container\">\n           \n        <\/div>\n    <\/div>\n<div class=\"lightweight-accordion\"><details><summary class=\"lightweight-accordion-title\"><h2>Qui sommes-nous ?<\/h2><\/summary><div class=\"lightweight-accordion-body\">\n\n<p>Bienvenue au Studierendenwerk Saarland. Nous soutenons plus de 30.000 \u00e9tudiants en Sarre gr\u00e2ce \u00e0 notre offre vari\u00e9e en mati\u00e8re d&rsquo;\u00e9tudes. Alors que les \u00e9tablissements d&rsquo;enseignement sup\u00e9rieur s&rsquo;occupent de l&rsquo;enseignement et de la recherche, nous nous occupons des questions sociales, \u00e9conomiques et culturelles des \u00e9tudiants, en essayant de vous apporter le meilleur soutien et la meilleure assistance.<\/p>\n\n<\/div><\/details><\/div><div class=\"lightweight-accordion\"><details><summary class=\"lightweight-accordion-title\"><h2>O\u00d9 NOUS TROUVER<\/h2><\/summary><div class=\"lightweight-accordion-body\">\n\n<p>Studierendenwerk Saarland<br\/>Institution de droit public<br\/>Universit\u00e9 de la Sarre<br\/>Campus D4.1<br\/>66123 Sarrebruck<\/p>\n\n\n\n<p>T\u00e9l\u00e9phone : 0681\/302-2800<br\/>Fax : 0681\/302-2890<\/p>\n\n\n\n<p>Heures d&rsquo;ouverture du Service Point : lun &#8211; ven 9h00 &#8211; 12h00, lun &#8211; jeu 13h30 &#8211; 15h00<\/p>\n\n\n\n<p><a href=\"mailto:info@stw-saarland.de\">info@stw-saarland.de<\/a><\/p>\n\n\n\n<p>Site de Hombourg :<\/p>\n\n\n\n<p>Clinique universitaire de la Sarre<br\/>B\u00e2timent 74<br\/>Kirrbergerstra\u00dfe 100<br\/>66421 Homburg<\/p>\n\n\n\n<p>T\u00e9l\u00e9phone : 06841 1627 517 ou -483<\/p>\n\n<\/div><\/details><\/div><div class=\"lightweight-accordion\"><details><summary class=\"lightweight-accordion-title\"><h2>QUI FAIT QUOI ?<\/h2><\/summary><div class=\"lightweight-accordion-body\">\n\n<p>Le comit\u00e9 directeur g\u00e8re les affaires du Studierendenwerk Saarland.  <\/p>\n\n\n\n<p><strong>Conseil d&rsquo;administration<\/strong><\/p>\n\n\n\n<p>Carsten Rast<br\/>\n  <a href=\"mailto:c.rast@stw-saarland.de\">c.rast@stw-saarland.de<\/a>\n<\/p>\n\n\n\n<p>Une \u00e9quipe solide, r\u00e9partie dans un service d&rsquo;\u00e9tat-major et huit d\u00e9partements, aide notre conseil d&rsquo;administration \u00e0 r\u00e9aliser les objectifs de l&rsquo;entreprise :<\/p>\n\n\n\n<p><strong>D\u00e9partement des ressources humaines, du droit et de l&rsquo;administration g\u00e9n\u00e9rale<\/strong><\/p>\n\n\n\n<p>Wolfgang Hanauer<br\/>\n  <a href=\"mailto:w.hanauer@stw-saarland.de\">w.hanauer@stw-saarland.de<\/a>\n<\/p>\n\n\n\n<p><strong>D\u00e9partement Finance et Comptabilit\u00e9<\/strong><\/p>\n\n\n\n<p>Eva Christoffel<br\/>\n  <a href=\"mailto:e.christoffel@stw-saarland.de\">e.christoffel@stw-saarland.de<\/a>\n<\/p>\n\n\n\n<p><strong>D\u00e9partement de financement des \u00e9tudes<\/strong><\/p>\n\n\n\n<p>Elke Veith<br\/>\n  <a href=\"mailto:e.veith@stw-saarland.de\">e.veith@stw-saarland.de<\/a>\n<\/p>\n\n\n\n<p><strong>D\u00e9partement de la restauration universitaire<\/strong>:<\/p>\n\n\n\n<p>Patrick Adams<br\/>\n  <a href=\"mailto:p.adams@stw-saarland.de\">p.adams@stw-saarland.de<\/a>\n<\/p>\n\n\n\n<p><strong>D\u00e9partement du logement \u00e9tudiant<\/strong><\/p>\n\n\n\n<p>Artur Maul<br\/>\n  <a href=\"mailto:a.maul@stw-saarland.de\">a.maul@stw-saarland.de<\/a>\n<\/p>\n\n\n\n<p><strong>D\u00e9partement des services de conseil psychologique<\/strong><\/p>\n\n\n\n<p>Claudia Kemmer<br\/>\n  <a href=\"mailto:c.kemmer@stw-saarland.de\">c.kemmer@stw-saarland.de<\/a>\n<\/p>\n\n\n\n<p><strong>D\u00e9partement des garderies<\/strong><\/p>\n\n\n\n<p>Julian Jakoby<br\/>\n  <a href=\"mailto:j.jakoby@stw-saarland.de\">j.jakoby@stw-saarland.de<\/a>\n<\/p>\n\n\n\n<p><strong>D\u00e9partement des technologies de l&rsquo;information<\/strong><\/p>\n\n\n\n<p>Thomas Molitor<br\/>\n  <a href=\"mailto:t.molitor@stw-saarland.de\">t.molitor@stw-saarland.de<\/a>\n<\/p>\n\n\n\n<p><strong>Demandes de presse<\/strong><\/p>\n\n\n\n<p>Stephanie Arent<br\/><a href=\"mailto:t.molitor@stw-saarland.de\">s.arent@stw-saarland.de<\/a><\/p>\n\n<\/div><\/details><\/div><div class=\"lightweight-accordion\"><details><summary class=\"lightweight-accordion-title\"><h2>NOS OUTILS<\/h2><\/summary><div class=\"lightweight-accordion-body\">\n\n<p><strong>La loi sur les associations d&rsquo;\u00e9tudiants de la Sarre<\/strong><\/p>\n\n\n\n<p>En tant qu&rsquo;\u00e9tablissement de droit public, nos activit\u00e9s sont r\u00e9gies par une loi. Les bases juridiques et les missions du Studierendenwerk Saarland y sont d\u00e9finies <a href=\"https:\/\/recht.saarland.de\/bssl\/document\/jlr-StudWGSLpP1\" target=\"_blank\" rel=\"noopener\">: https:\/\/recht.saarland.de\/bssl\/document\/jlr-StudWGSLpP1<\/a> <\/p>\n\n\n\n<p><strong>Nos statuts &#8211; Le fondement de notre travail<\/strong><\/p>\n\n\n\n<p>Vous trouverez dans nos <a href=\"https:\/\/www.stw-saarland.de\/wp-content\/uploads\/2024\/10\/Satzung.pdf\">statuts<\/a> des informations d\u00e9taill\u00e9es sur les r\u00e8gles et les principes de notre travail. Nous vous invitons \u00e0 y jeter un coup d&rsquo;\u0153il et \u00e0 en savoir plus sur notre engagement envers vous. <\/p>\n\n\n\n<p><strong>Bar\u00e8me des contributions \u00e0 partir du semestre d&rsquo;\u00e9t\u00e9 2024<\/strong><\/p>\n\n\n\n<p>Vous trouverez ici le <a href=\"https:\/\/www.stw-saarland.de\/wp-content\/uploads\/2024\/11\/Beitragsordnung.pdf\" target=\"_blank\" rel=\"noreferrer noopener\">r\u00e8glement actuel des cotisations<\/a>. Vous y trouverez des informations sur l&rsquo;utilisation des cotisations et sur la mani\u00e8re dont nous les utilisons pour soutenir vos \u00e9tudes. <\/p>\n\n\n\n<p><strong>Rapport annuel 2024 &#8211; Un aper\u00e7u d&rsquo;une ann\u00e9e<\/strong><\/p>\n\n\n\n<p>La transparence nous tient \u00e0 c\u0153ur. Dans notre <a href=\"https:\/\/www.stw-saarland.de\/wp-content\/uploads\/2025\/10\/250929_Studierendenwerk_Geschaeftsbericht_einzelseiten_digital.pdf\" target=\"_blank\" rel=\"noreferrer noopener\">rapport annuel 2024<\/a>, nous vous donnons un aper\u00e7u complet de nos activit\u00e9s, de nos r\u00e9ussites et des d\u00e9fis que nous avons relev\u00e9s au cours de l&rsquo;ann\u00e9e d\u00e9crite. <\/p>\n\n<\/div><\/details><\/div><div class=\"lightweight-accordion\"><details><summary class=\"lightweight-accordion-title\"><h2>MARCH\u00c9 DE L&rsquo;EMPLOI<\/h2><\/summary><div class=\"lightweight-accordion-body\">\n\n<p><\/p>\n\n\n\n<p><\/p>\n\n\n\n<p><\/p>\n\n<\/div><\/details><\/div>","protected":false},"excerpt":{"rendered":"<p>\u00c0 PROPOS DE NOUS ! Vous trouverez ici des informations sur NOUS !<\/p>\n","protected":false},"author":1,"featured_media":0,"parent":0,"menu_order":0,"comment_status":"closed","ping_status":"closed","template":"","meta":{"_acf_changed":false,"inline_featured_image":false,"_uag_custom_page_level_css":"","footnotes":""},"class_list":["post-2010","page","type-page","status-publish"],"acf":[],"uagb_featured_image_src":{"full":false,"thumbnail":false,"medium":false,"medium_large":false,"large":false,"1536x1536":false,"2048x2048":false,"gform-image-choice-sm":false,"gform-image-choice-md":false,"gform-image-choice-lg":false},"uagb_author_info":{"display_name":"pixelarbeiter","author_link":"https:\/\/www.stw-saarland.de\/fr\/author\/pixelarbeiter\/"},"uagb_comment_info":0,"uagb_excerpt":"\u00c0 PROPOS DE NOUS ! Vous trouverez ici des informations sur NOUS !","_links":{"self":[{"href":"https:\/\/www.stw-saarland.de\/fr\/wp-json\/wp\/v2\/pages\/2010","targetHints":{"allow":["GET"]}}],"collection":[{"href":"https:\/\/www.stw-saarland.de\/fr\/wp-json\/wp\/v2\/pages"}],"about":[{"href":"https:\/\/www.stw-saarland.de\/fr\/wp-json\/wp\/v2\/types\/page"}],"author":[{"embeddable":true,"href":"https:\/\/www.stw-saarland.de\/fr\/wp-json\/wp\/v2\/users\/1"}],"replies":[{"embeddable":true,"href":"https:\/\/www.stw-saarland.de\/fr\/wp-json\/wp\/v2\/comments?post=2010"}],"version-history":[{"count":11,"href":"https:\/\/www.stw-saarland.de\/fr\/wp-json\/wp\/v2\/pages\/2010\/revisions"}],"predecessor-version":[{"id":9171,"href":"https:\/\/www.stw-saarland.de\/fr\/wp-json\/wp\/v2\/pages\/2010\/revisions\/9171"}],"wp:attachment":[{"href":"https:\/\/www.stw-saarland.de\/fr\/wp-json\/wp\/v2\/media?parent=2010"}],"curies":[{"name":"wp","href":"https:\/\/api.w.org\/{rel}","templated":true}]}}