{"id":2013,"date":"2024-06-13T07:10:33","date_gmt":"2024-06-13T05:10:33","guid":{"rendered":"https:\/\/www.stw-saarland.de\/conseil\/conseil-aux-etudiants\/"},"modified":"2025-08-26T11:59:02","modified_gmt":"2025-08-26T09:59:02","slug":"conseil-aux-etudiants","status":"publish","type":"page","link":"https:\/\/www.stw-saarland.de\/fr\/conseil\/conseil-aux-etudiants\/","title":{"rendered":"CONSEIL AUX \u00c9TUDIANTS"},"content":{"rendered":"\n<h2 class=\"wp-block-heading\" style=\"font-size:40px\">CONSEIL PSYCHOLOGIQUE POUR <strong>LES \u00c9TUDIANTS<\/strong><br><\/h2>\n\n\n<div class=\"lightweight-accordion\"><details><summary class=\"lightweight-accordion-title\"><h2>Offre de conseil<\/h2><\/summary><div class=\"lightweight-accordion-body\">\n\n<p><\/p>\n\n\n\n<p>Le service de conseil psychologique et psychoth\u00e9rapeutique (PPB) est ouvert \u00e0 tous les \u00e9tudiants de l&rsquo;Universit\u00e9 de la Sarre, de la Hochschule f\u00fcr Technik und Wirtschaft des Saarlandes, de la Hochschule der Bildenden K\u00fcnste Saar et de la Hochschule f\u00fcr Musik Saar, qui peuvent y recourir gratuitement et en toute confidentialit\u00e9.<\/p>\n\n\n\n<p>Nous conseillons sur les probl\u00e8mes d&rsquo;\u00e9tudes et\/ou personnels, par exemple<\/p>\n\n\n\n<ul class=\"wp-block-list\">\n<li>l&rsquo;anxi\u00e9t\u00e9 li\u00e9e aux examens et aux concours<\/li>\n\n\n\n<li>Troubles de l&rsquo;apprentissage et de la concentration<\/li>\n\n\n\n<li>inhibition de l&rsquo;\u00e9criture, peur de parler<\/li>\n\n\n\n<li>Insatisfaction par rapport \u00e0 la situation personnelle et\/ou \u00e9tudiante<\/li>\n\n\n\n<li>une estime de soi faible ou tr\u00e8s fluctuante<\/li>\n\n\n\n<li>humeur d\u00e9pressive<\/li>\n\n\n\n<li>Manque d&rsquo;orientation ou de motivation<\/li>\n\n\n\n<li>\u00c9viter ou reporter les projets importants<\/li>\n\n\n\n<li>Difficult\u00e9s relationnelles<\/li>\n\n\n\n<li>Peurs<\/li>\n\n\n\n<li>troubles sexuels et psychosomatiques<\/li>\n\n\n\n<li>les conflits de couple et de famille, etc.<\/li>\n<\/ul>\n\n\n\n<p>Outre les entretiens individuels, nous proposons \u00e9galement des groupes sur diff\u00e9rents th\u00e8mes.<\/p>\n\n\n\n<p>En outre, une consultation ouverte est organis\u00e9e une fois par semaine sur chaque site.<\/p>\n\n<\/div><\/details><\/div>\n\n<div class=\"lightweight-accordion\"><details><summary class=\"lightweight-accordion-title\"><h2>Offres de groupe<\/h2><\/summary><div class=\"lightweight-accordion-body\">\n\n<p><\/p>\n\n\n\n<h4 class=\"wp-block-heading\">Courageux \u00e0 l&rsquo;examen : oui, je peux le faire !<\/h4>\n\n\n\n<p>Un certain degr\u00e9 d&rsquo;anxi\u00e9t\u00e9 et de nervosit\u00e9 avant ou pendant un examen peut \u00eatre interpr\u00e9t\u00e9 comme raisonnable et normal compte tenu de l&rsquo;importance de l&rsquo;examen. Toutefois, si cela se transforme en anxi\u00e9t\u00e9 qui affecte les performances, voire en incapacit\u00e9 \u00e0 passer un examen, il est temps de prendre des mesures pour y rem\u00e9dier. <\/p>\n\n\n\n<p>Ce groupe offre la possibilit\u00e9 de r\u00e9duire la peur des examens \u00e0 un niveau appropri\u00e9 et de promouvoir une approche constructive de la situation d&rsquo;examen. Pour surmonter la peur de l&rsquo;examen, les id\u00e9es limitantes sont analys\u00e9es et corrig\u00e9es, une m\u00e9thode de relaxation et des strat\u00e9gies de pr\u00e9paration ad\u00e9quate \u00e0 l&rsquo;examen sont enseign\u00e9es. <\/p>\n\n\n\n<p>Pour simplifier, nous voulons travailler \u00e0 acqu\u00e9rir une attitude de soutien envers nous-m\u00eames afin de relever les d\u00e9fis avec succ\u00e8s. Les dates pour le semestre d&rsquo;\u00e9t\u00e9 ne sont pas encore fix\u00e9es, mais les pr\u00e9-inscriptions sont d\u00e9j\u00e0 possibles aupr\u00e8s du secr\u00e9tariat de la PPB.<\/p>\n\n\n\n<p>Date limite d&rsquo;inscription : 05 mai 2025<\/p>\n\n\n\n<p>D\u00e9but : lundi 12 mai 2025<\/p>\n\n\n\n<p>Heure : 16h30 &#8211; 18h00<\/p>\n\n\n\n<p>Dates : 4 dates, en continu<\/p>\n\n\n\n<p>Direction : Serkan Sertkaya, dipl\u00f4m\u00e9 en psychologie<\/p>\n\n\n\n<hr class=\"wp-block-separator has-alpha-channel-opacity\"\/>\n\n\n\n<h4 class=\"wp-block-heading\">Self-care : je prends soin de moi !<\/h4>\n\n\n\n<p>Dans l&rsquo;agitation de la vie quotidienne ou dans des p\u00e9riodes aussi difficiles que la pand\u00e9mie, nous n&rsquo;avons pas toujours le temps de nous arr\u00eater et d&rsquo;\u00e9couter ce qui se passe en nous. De quoi ai-je besoin en ce moment pour me sentir bien et d\u00e9velopper tout mon potentiel ? <\/p>\n\n\n\n<p>Au lieu de cela, nous marchons sur des \u0153ufs et fonctionnons au ralenti.<\/p>\n\n\n\n<p>En prenant soin de soi, nous pouvons \u00e9quilibrer le stress et r\u00e9tablir ou maintenir notre bien-\u00eatre physique et mental afin de mener une vie plus saine et plus heureuse.<\/p>\n\n\n\n<p>Dans le groupe, nous voulons apprendre ensemble \u00e0 reconna\u00eetre et \u00e0 utiliser les facteurs de r\u00e9silience, \u00e0 identifier les forces et les ressources et \u00e0 identifier le critique int\u00e9rieur ou l&rsquo;accompagnateur affectueux. Il s&rsquo;agit d&rsquo;une part d&rsquo;\u00e9liminer un critique int\u00e9rieur \u00e9ventuellement trop puissant et d&rsquo;autre part d&rsquo;\u00e9tablir le compagnon aimant et de le mettre davantage en avant. Dans l&rsquo;ensemble, il s&rsquo;agit d&rsquo;avoir une bonne relation avec soi-m\u00eame, d&rsquo;\u00eatre bienveillant envers soi-m\u00eame et de prendre soin de soi.   Les dates pour le semestre d&rsquo;\u00e9t\u00e9 ne sont pas encore fix\u00e9es, mais les pr\u00e9-inscriptions sont d\u00e9j\u00e0 possibles aupr\u00e8s du secr\u00e9tariat de la PPB.<\/p>\n\n\n\n<p>Date limite d&rsquo;inscription : 23.04.2025<\/p>\n\n\n\n<p>D\u00e9but : mercredi 30.04.2025<\/p>\n\n\n\n<p>Heure : 14h15 &#8211; 15h45<\/p>\n\n\n\n<p>Dates : 4 dates, en continu<\/p>\n\n\n\n<p>Direction : Nicole Gattermann, psychologue dipl\u00f4m\u00e9e<\/p>\n\n<\/div><\/details><\/div>\n\n<div class=\"lightweight-accordion\"><details><summary class=\"lightweight-accordion-title\"><h2>Inscription &amp; contact<\/h2><\/summary><div class=\"lightweight-accordion-body\">\n\n<p><\/p>\n\n\n\n<p>Il est possible de prendre rendez-vous pour un premier entretien par t\u00e9l\u00e9phone, en personne ou par e-mail.<\/p>\n\n\n\n<p>Tous les rendez-vous, y compris ceux qui ont lieu \u00e0 la htw saar ou \u00e0 Hombourg, sont pris par l&rsquo;interm\u00e9diaire du secr\u00e9tariat du campus de Sarrebruck.<\/p>\n\n\n\n<p>T\u00e9l. : 0681 \/ 302-2515 (du lundi au vendredi, de 9h00 \u00e0 12h00 et le lundi de 13h00 \u00e0 15h00)<\/p>\n\n\n\n<p>E-mail : ppb(at)stw-saarland.de<\/p>\n\n\n\n<p>Si vous nous contactez par e-mail, veuillez noter que les e-mails non crypt\u00e9s ne constituent pas un moyen de communication s\u00e9curis\u00e9 et, dans la mesure du possible, ne nous transmettez pas d&rsquo;informations personnelles\/confidentielles par ce biais.<\/p>\n\n\n\n<p><strong>Adresse postale :<\/strong><\/p>\n\n\n\n<p>Service de consultation psychologique et psychoth\u00e9rapeutique<br>Studierendenwerk Saarland<br>Anstalt des \u00f6ffentlichen Rechts<br>Campus B 6.2<br>66123 Saarbr\u00fccken<\/p>\n\n\n\n<p><strong>Campus de Sarrebruck<\/strong><\/p>\n\n\n\n<p>B\u00e2timent B 6.2<\/p>\n\n\n\n<p>Heures d&rsquo;ouverture du secr\u00e9tariat :<\/p>\n\n\n\n<p>Lundi-vendredi : 09:00 &#8211; 12:00 et lundi 13:00 &#8211; 15:000<\/p>\n\n\n\n<p>Heures de consultation ouvertes :<\/p>\n\n\n\n<p>Mercredi 12:00 &#8211; 13:00 heures<\/p>\n\n\n\n<p><strong>Campus de Hombourg<\/strong><\/p>\n\n\n\n<p>B\u00e2timent 74 (Mensa), \u00e9tage sup\u00e9rieur<\/p>\n\n\n\n<p>Rendez-vous sur rendez-vous :<\/p>\n\n\n\n<p>mardi : 08:00 &#8211; 14:00 heures<\/p>\n\n\n\n<p>Heures de consultation ouvertes :<\/p>\n\n\n\n<p>Mardi 12:00 &#8211; 13:00 (uniquement en p\u00e9riode de cours)<\/p>\n\n\n\n<p><strong>htw saar, Campus Alt-Saarbr\u00fccken<\/strong><\/p>\n\n\n\n<p>Maison du savoir (b\u00e2timent 11), salle 11.02.06<\/p>\n\n\n\n<p>Rendez-vous sur rendez-vous :<\/p>\n\n\n\n<p>le jeudi : 09h00 &#8211; 15h00<\/p>\n\n\n\n<p>Heures de consultation ouvertes :<\/p>\n\n\n\n<p>Jeudi 12:00 &#8211; 13:00 (uniquement en p\u00e9riode de cours)<\/p>\n\n<\/div><\/details><\/div>\n\n<div class=\"lightweight-accordion\"><details><summary class=\"lightweight-accordion-title\"><h2>\u00c9quipe<\/h2><\/summary><div class=\"lightweight-accordion-body\">\n\n<p><\/p>\n\n\n\n<div class=\"wp-block-group is-vertical is-layout-flex wp-container-core-group-is-layout-8cf370e7 wp-block-group-is-layout-flex\">\n<p><strong>Secr\u00e9tariat<\/strong>:<\/p>\n\n\n\n<p>Simone Maus<br>ppb(at)stw-saarland.de<\/p>\n<\/div>\n\n\n\n<p><\/p>\n\n\n\n<div class=\"wp-block-group is-vertical is-layout-flex wp-container-core-group-is-layout-8cf370e7 wp-block-group-is-layout-flex\">\n<p><strong>Direction<\/strong>:<\/p>\n\n\n\n<p>Claudia Kemmer, psychologue dipl\u00f4m\u00e9e PP <br>ppb(at)stw-saarland.de<\/p>\n<\/div>\n\n\n\n<p><\/p>\n\n\n\n<div class=\"wp-block-group is-vertical is-layout-flex wp-container-core-group-is-layout-8cf370e7 wp-block-group-is-layout-flex\">\n<h6 class=\"wp-block-heading\"><strong>Collaborateurs<\/strong>:<\/h6>\n\n\n\n<p>Nicole Gattermann, psychologue dipl\u00f4m\u00e9e PP<\/p>\n\n\n\n<p>Mich\u00e8le Herges, M. Sc. Psych.  PP<\/p>\n\n\n\n<p>Britt Juhnke, psychologue dipl\u00f4m\u00e9e PP<\/p>\n\n\n\n<p>Claudia Kachel, M. Sc. Psych. <\/p>\n\n\n\n<p>Ann-Christin Schuler, M. Sc. Psych.  PP<\/p>\n\n\n\n<p>Serkan Sertkaya, psychologue dipl\u00f4m\u00e9 PP  <\/p>\n<\/div>\n\n<\/div><\/details><\/div>\n\n<div class=\"lightweight-accordion\"><details><summary class=\"lightweight-accordion-title\"><h2>Consultations ouvertes<\/h2><\/summary><div class=\"lightweight-accordion-body\">\n\n<p><\/p>\n\n\n\n<p>En plus des premiers entretiens, nous proposons une fois par semaine une heure de consultation ouverte sur chaque site. Pendant ce temps, il est possible d&rsquo;avoir une br\u00e8ve consultation (environ 15 \u00e0 20 minutes) sans rendez-vous pr\u00e9alable.   <br>La consultation ouverte est destin\u00e9e aux personnes qui cherchent des conseils et qui ne sont pas encore clientes de la PPB. Elle offre une alternative lorsque le temps d&rsquo;attente pour un premier entretien semble trop long.<\/p>\n\n\n\n<p>Les consultations ouvertes sont propos\u00e9es ces jours-l\u00e0 :<\/p>\n\n\n\n<ul class=\"wp-block-list\">\n<li>UdS, Campus Saarbr\u00fccken : mercredi, 12 &#8211; 13 heures<\/li>\n\n\n\n<li>UdS, Campus Homburg : mardi, 12 &#8211; 13 heures (pas pendant les vacances universitaires)<\/li>\n\n\n\n<li>htw saar, Campus Alt-Saarbr\u00fccken : jeudi, 12 &#8211; 13 heures (pas pendant les vacances universitaires)<\/li>\n<\/ul>\n\n\n\n<p>Sur le campus de l&rsquo;UdS \u00e0 Sarrebruck, une inscription personnelle est n\u00e9cessaire avant 12h30.<\/p>\n\n\n\n<p>Veuillez noter que le nombre de personnes pouvant \u00eatre conseill\u00e9es pendant les heures de consultation ouvertes est limit\u00e9.  <\/p>\n\n<\/div><\/details><\/div>\n\n\n<p class=\"has-text-align-center\"><a href=\"https:\/\/www.stw-saarland.de\/beratung\/\" data-type=\"page\" data-id=\"357\">retour \u00e0 l&rsquo;aper\u00e7u<\/a><\/p>\n","protected":false},"excerpt":{"rendered":"<p>CONSEIL PSYCHOLOGIQUE POUR LES \u00c9TUDIANTS<\/p>\n","protected":false},"author":1,"featured_media":0,"parent":2004,"menu_order":0,"comment_status":"closed","ping_status":"closed","template":"","meta":{"_acf_changed":false,"inline_featured_image":false,"_uag_custom_page_level_css":"","footnotes":""},"class_list":["post-2013","page","type-page","status-publish"],"acf":[],"uagb_featured_image_src":{"full":false,"thumbnail":false,"medium":false,"medium_large":false,"large":false,"1536x1536":false,"2048x2048":false},"uagb_author_info":{"display_name":"pixelarbeiter","author_link":"https:\/\/www.stw-saarland.de\/fr\/author\/pixelarbeiter\/"},"uagb_comment_info":0,"uagb_excerpt":"CONSEIL PSYCHOLOGIQUE POUR LES \u00c9TUDIANTS","_links":{"self":[{"href":"https:\/\/www.stw-saarland.de\/fr\/wp-json\/wp\/v2\/pages\/2013","targetHints":{"allow":["GET"]}}],"collection":[{"href":"https:\/\/www.stw-saarland.de\/fr\/wp-json\/wp\/v2\/pages"}],"about":[{"href":"https:\/\/www.stw-saarland.de\/fr\/wp-json\/wp\/v2\/types\/page"}],"author":[{"embeddable":true,"href":"https:\/\/www.stw-saarland.de\/fr\/wp-json\/wp\/v2\/users\/1"}],"replies":[{"embeddable":true,"href":"https:\/\/www.stw-saarland.de\/fr\/wp-json\/wp\/v2\/comments?post=2013"}],"version-history":[{"count":10,"href":"https:\/\/www.stw-saarland.de\/fr\/wp-json\/wp\/v2\/pages\/2013\/revisions"}],"predecessor-version":[{"id":8010,"href":"https:\/\/www.stw-saarland.de\/fr\/wp-json\/wp\/v2\/pages\/2013\/revisions\/8010"}],"up":[{"embeddable":true,"href":"https:\/\/www.stw-saarland.de\/fr\/wp-json\/wp\/v2\/pages\/2004"}],"wp:attachment":[{"href":"https:\/\/www.stw-saarland.de\/fr\/wp-json\/wp\/v2\/media?parent=2013"}],"curies":[{"name":"wp","href":"https:\/\/api.w.org\/{rel}","templated":true}]}}