{"id":2016,"date":"2024-06-01T10:03:39","date_gmt":"2024-06-01T08:03:39","guid":{"rendered":"https:\/\/www.stw-saarland.de\/culture\/"},"modified":"2025-06-05T13:24:40","modified_gmt":"2025-06-05T11:24:40","slug":"culture","status":"publish","type":"page","link":"https:\/\/www.stw-saarland.de\/fr\/culture\/","title":{"rendered":"Culture"},"content":{"rendered":"\n<div class=\"titelcontainer\">\n        <div class=\"text-container\">\n            <h1><span>CULTURE<\/span>!<\/h1>\n            <p><strong>TH\u00c9\u00c2TRE, RENCONTRES, ESPACES <\/strong>et plus encore&#8230;<\/p>\n        <\/div>\n        <div class=\"image-container\">\n            <img decoding=\"async\" class=\"imgjuhu\" src=\"https:\/\/www.stw-saarland.de\/wp-content\/uploads\/2024\/10\/juhu-1.svg\" alt=\"Youpi !\"\/>\n        <\/div>\n    <\/div>\n<div class=\"lightweight-accordion\"><details><summary class=\"lightweight-accordion-title\"><h2>SALLE DE TH\u00c9\u00c2TRE<\/h2><\/summary><div class=\"lightweight-accordion-body\">\n\n<p>La salle de th\u00e9\u00e2tre du Studentenwerk se trouve au rez-de-chauss\u00e9e du b\u00e2timent D4.1 du restaurant universitaire. Elle a environ 280 places assises et est \u00e9quip\u00e9e d&rsquo;un syst\u00e8me de sonorisation et d&rsquo;\u00e9clairage. <\/p>\n\n\n\n<p>La salle de th\u00e9\u00e2tre peut \u00eatre utilis\u00e9e gratuitement par les \u00e9tudiants pour des r\u00e9p\u00e9titions de th\u00e9\u00e2tre, des repr\u00e9sentations th\u00e9\u00e2trales, etc.  <\/p>\n\n\n\n<p>Plusieurs troupes de th\u00e9\u00e2tre utilisent d\u00e9j\u00e0 la salle de th\u00e9\u00e2tre pour leurs r\u00e9p\u00e9titions hebdomadaires :<\/p>\n\n\n\n<p>La troupe de th\u00e9\u00e2tre germanophone Thunis <a href=\"https:\/\/www.thunis.eu\/\" target=\"_blank\" rel=\"noopener\">: https:\/\/www.thunis.eu\/<\/a><\/p>\n\n\n\n<p>La compagnie de th\u00e9\u00e2tre hispanophone Los Mutantes <a href=\"http:\/\/www.losmutantes.de\/wordpress\/\" target=\"_blank\" rel=\"noopener\">: http:\/\/www.losmutantes.de\/wordpress\/<\/a><\/p>\n\n\n\n<p>Ceux qui souhaitent utiliser la salle de th\u00e9\u00e2tre peuvent utiliser la <a href=\"https:\/\/www.stw-saarland.de\/wp-content\/uploads\/2024\/10\/Antrag-Theatersaal-09.2024.pdf\">demande Salle de th\u00e9\u00e2tre<\/a> \u00e0 cet effet<strong>.<\/strong><\/p>\n\n\n\n<p>D&rsquo;autres questions ?<\/p>\n\n\n\n<p>Interlocuteur aupr\u00e8s du Studierendenwerk :<\/p>\n\n\n\n<p>Katrin Kurtz, t\u00e9l\u00e9phone : 0681\/302-2837, e-mail : k.kurtz(at)stw-saarland.de<\/p>\n\n<\/div><\/details><\/div><div class=\"lightweight-accordion\"><details><summary class=\"lightweight-accordion-title\"><h2>FORUM INTERNATIONAL<\/h2><\/summary><div class=\"lightweight-accordion-body\">\n\n<p>Vous voulez faire une pause ? Discuter ensemble du travail de groupe ? Se reposer tout simplement ou organiser ensemble une manifestation culturelle en tant que groupe universitaire accr\u00e9dit\u00e9 ? Pour cela, le FORUM international est \u00e0 votre disposition dans le b\u00e2timent D4.1 :   <\/p>\n\n\n\n<p>Comme salle de s\u00e9jour : du lundi au jeudi : 10h \u00e0 15h30, le vendredi jusqu&rsquo;\u00e0 12h30,<\/p>\n\n\n\n<p>comme espace culturel : \u00e0 partir de 17h<\/p>\n\n\n\n<p>O\u00f9 : b\u00e2timent D4 1 (Mensa) au sous-sol.<\/p>\n\n\n\n<p>D&rsquo;autres questions ?<\/p>\n\n\n\n<p>Interlocuteur aupr\u00e8s du Studierendenwerk :<\/p>\n\n\n\n<p>Katrin Kurtz, t\u00e9l\u00e9phone : 0681\/302-2837, e-mail : k.kurtz(at)stw-saarland.de<\/p>\n\n<\/div><\/details><\/div><div class=\"lightweight-accordion\"><details><summary class=\"lightweight-accordion-title\"><h2>\u00c9V\u00c9NEMENTS ACTUELS<\/h2><\/summary><div class=\"lightweight-accordion-body\">\n\n<p>Tous les mercredis \u00e0 partir de 17h, le FORUM international accueille le MENSABAR. Vous pouvez y rencontrer et faire connaissance avec des gens de mani\u00e8re informelle tout en profitant d&rsquo;un programme \u00e9tudiant : quiz de pub, karaok\u00e9, soir\u00e9e jeux. Venez y faire un tour ! MENSABAR est une coop\u00e9ration du Studierendenwerk, de l&rsquo;AStA de l&rsquo;UdS et de l&rsquo;IO. Pour savoir ce qui se passe en janvier, cliquez ici    <\/p>\n\n\n\n<div class=\"wp-block-uagb-image uagb-block-8775ddf2 wp-block-uagb-image--layout-default wp-block-uagb-image--effect-static wp-block-uagb-image--align-none\"><figure class=\"wp-block-uagb-image__figure\"><img decoding=\"async\" srcset=\"https:\/\/www.stw-saarland.de\/wp-content\/uploads\/2025\/01\/MensaBar_Januar25-819x1024.jpeg ,https:\/\/www.stw-saarland.de\/wp-content\/uploads\/2025\/01\/MensaBar_Januar25.jpeg 780w, https:\/\/www.stw-saarland.de\/wp-content\/uploads\/2025\/01\/MensaBar_Januar25.jpeg 360w\" sizes=\"auto, (max-width: 480px) 150px\" src=\"https:\/\/www.stw-saarland.de\/wp-content\/uploads\/2025\/01\/MensaBar_Januar25-819x1024.jpeg\" alt=\"\" class=\"uag-image-3770\" width=\"1080\" height=\"1350\" title=\"MensaBar_Janvier25\" loading=\"lazy\" role=\"img\"><\/figure><\/div>\n\n<\/div><\/details><\/div>\n<div style=\"height:40px\" aria-hidden=\"true\" class=\"wp-block-spacer\"><\/div>\n\t\t\t\t\t<div\n\t\t\t\t\t\tclass=\"wp-block-uagb-image-gallery uagb-block-ac6e6073     \"\n\t\t\t\t\t\tstyle=\"\"\n\t\t\t\t\t>\n\t\t\t\t\t\t\t\t\t\t\t<div class=\"spectra-image-gallery spectra-image-gallery__layout--carousel\">\n\t\t\t\t\t\t\t\t<div class=\"uagb-slick-carousel uagb-block-ac6e6073\">\n\t\t\t\t\t\t\t\t\t\t\t\t<div class='spectra-image-gallery__media-wrapper' data-spectra-gallery-image-id='2361'>\n\t\t\t\t\t\t\t<div class=\"spectra-image-gallery__media spectra-image-gallery__media--carousel\">\n\t\t\t\t<picture>\n\t\t\t\t\t<source media=\"(min-width: 1024px)\" srcset=\"https:\/\/www.stw-saarland.de\/wp-content\/uploads\/2024\/11\/kultur_1.webp\">\n\t\t\t\t\t<source media=\"(min-width: 768px)\" srcset=\"https:\/\/www.stw-saarland.de\/wp-content\/uploads\/2024\/11\/kultur_1.webp\">\n\t\t\t\t\t<img decoding=\"async\" class=\"spectra-image-gallery__media-thumbnail spectra-image-gallery__media-thumbnail--carousel\" src=\"https:\/\/www.stw-saarland.de\/wp-content\/uploads\/2024\/11\/kultur_1-300x197.webp\" alt=\"\" loading=\"lazy\" \/>\n\t\t\t\t<\/picture>\n\t\t\t\t<div class=\"spectra-image-gallery__media-thumbnail-blurrer\"><\/div>\n\t\t\t\t\t\t\t\t\t\t\t<div class=\"spectra-image-gallery__media-thumbnail-caption-wrapper spectra-image-gallery__media-thumbnail-caption-wrapper--overlay\"><\/div>\n\t\t\t\t\t\t\t\t<\/div>\n\t\t\t\t\t\t<\/div>\n\t\t\t\t\t\t<div class='spectra-image-gallery__media-wrapper' data-spectra-gallery-image-id='2364'>\n\t\t\t\t\t\t\t<div class=\"spectra-image-gallery__media spectra-image-gallery__media--carousel\">\n\t\t\t\t<picture>\n\t\t\t\t\t<source media=\"(min-width: 1024px)\" srcset=\"https:\/\/www.stw-saarland.de\/wp-content\/uploads\/2024\/11\/kultur_2.webp\">\n\t\t\t\t\t<source media=\"(min-width: 768px)\" srcset=\"https:\/\/www.stw-saarland.de\/wp-content\/uploads\/2024\/11\/kultur_2.webp\">\n\t\t\t\t\t<img decoding=\"async\" class=\"spectra-image-gallery__media-thumbnail spectra-image-gallery__media-thumbnail--carousel\" src=\"https:\/\/www.stw-saarland.de\/wp-content\/uploads\/2024\/11\/kultur_2-300x197.webp\" alt=\"\" loading=\"lazy\" \/>\n\t\t\t\t<\/picture>\n\t\t\t\t<div class=\"spectra-image-gallery__media-thumbnail-blurrer\"><\/div>\n\t\t\t\t\t\t\t\t\t\t\t<div class=\"spectra-image-gallery__media-thumbnail-caption-wrapper spectra-image-gallery__media-thumbnail-caption-wrapper--overlay\"><\/div>\n\t\t\t\t\t\t\t\t<\/div>\n\t\t\t\t\t\t<\/div>\n\t\t\t\t\t\t<div class='spectra-image-gallery__media-wrapper' data-spectra-gallery-image-id='3093'>\n\t\t\t\t\t\t\t<div class=\"spectra-image-gallery__media spectra-image-gallery__media--carousel\">\n\t\t\t\t<picture>\n\t\t\t\t\t<source media=\"(min-width: 1024px)\" srcset=\"https:\/\/www.stw-saarland.de\/wp-content\/uploads\/2024\/11\/Gesamtansicht-1024x707.jpg\">\n\t\t\t\t\t<source media=\"(min-width: 768px)\" srcset=\"https:\/\/www.stw-saarland.de\/wp-content\/uploads\/2024\/11\/Gesamtansicht-1024x707.jpg\">\n\t\t\t\t\t<img decoding=\"async\" class=\"spectra-image-gallery__media-thumbnail spectra-image-gallery__media-thumbnail--carousel\" src=\"https:\/\/www.stw-saarland.de\/wp-content\/uploads\/2024\/11\/Gesamtansicht-300x207.jpg\" alt=\"\" loading=\"lazy\" \/>\n\t\t\t\t<\/picture>\n\t\t\t\t<div class=\"spectra-image-gallery__media-thumbnail-blurrer\"><\/div>\n\t\t\t\t\t\t\t\t\t\t\t<div class=\"spectra-image-gallery__media-thumbnail-caption-wrapper spectra-image-gallery__media-thumbnail-caption-wrapper--overlay\"><\/div>\n\t\t\t\t\t\t\t\t<\/div>\n\t\t\t\t\t\t<\/div>\n\t\t\t\t\t\t\t\t\t\t\t<\/div>\n\t\t\t\t\t\t\t<\/div>\n\t\t\t\t\t\t\t\t\t\t\t<\/div>\n\t\t\t\t\t\t\t\t\t\t\t<div class='spectra-image-gallery__control-lightbox' tabindex='0'>\n\t\t\t\t\t\t\t\t\t\t\t<div class=\"swiper spectra-image-gallery__control-lightbox--main\" dir=\"\">\n\t\t\t\t\t<div class=\"swiper-wrapper\">\n\t\t\t\t\t\t\t\t\t\t\t\t\t\n\t\t\t\t\t\t\t<div class=\"swiper-slide\">\n\t\t\t\t\t\t\t\t<img class=\"swiper-lazy\" data-src=\"https:\/\/www.stw-saarland.de\/wp-content\/uploads\/2024\/11\/kultur_1.webp\" alt=\"\"\/>\n\t\t\t\t\t\t\t\t<div class=\"swiper-lazy-preloader swiper-lazy-preloader-white\"><\/div>\n\t\t\t\t\t\t\t\t\t\t\t\t\t\t\t<\/div>\n\t\t\t\t\t\t\t\t\t\t\t\t\t\n\t\t\t\t\t\t\t<div class=\"swiper-slide\">\n\t\t\t\t\t\t\t\t<img class=\"swiper-lazy\" data-src=\"https:\/\/www.stw-saarland.de\/wp-content\/uploads\/2024\/11\/kultur_2.webp\" alt=\"\"\/>\n\t\t\t\t\t\t\t\t<div class=\"swiper-lazy-preloader swiper-lazy-preloader-white\"><\/div>\n\t\t\t\t\t\t\t\t\t\t\t\t\t\t\t<\/div>\n\t\t\t\t\t\t\t\t\t\t\t\t\t\n\t\t\t\t\t\t\t<div class=\"swiper-slide\">\n\t\t\t\t\t\t\t\t<img class=\"swiper-lazy\" data-src=\"https:\/\/www.stw-saarland.de\/wp-content\/uploads\/2024\/11\/Gesamtansicht.jpg\" alt=\"\"\/>\n\t\t\t\t\t\t\t\t<div class=\"swiper-lazy-preloader swiper-lazy-preloader-white\"><\/div>\n\t\t\t\t\t\t\t\t\t\t\t\t\t\t\t<\/div>\n\t\t\t\t\t\t\t\t\t\t\t<\/div>\n\t\t\t\t\t<div class=\"swiper-button-next\"><\/div>\n\t\t\t\t\t<div class=\"swiper-button-prev\"><\/div>\n\t\t\t\t<\/div>\t\t\t\n\t\t\t\t\t\t\t\t\t\t\t\t\t\t\t\t\t\t\t\t\t\t\t\t\t\t\t\t\t\t\t\t<button class='spectra-image-gallery__control-lightbox--close' aria-label=\"Close\">\n\t\t\t\t\t\t\t\t\t\t\t\t\t<svg xmlns=\"https:\/\/www.w3.org\/2000\/svg\" viewBox= \"0 0 320 512\"><path d=\"M310.6 361.4c12.5 12.5 12.5 32.75 0 45.25C304.4 412.9 296.2 416 288 416s-16.38-3.125-22.62-9.375L160 301.3L54.63 406.6C48.38 412.9 40.19 416 32 416S15.63 412.9 9.375 406.6c-12.5-12.5-12.5-32.75 0-45.25l105.4-105.4L9.375 150.6c-12.5-12.5-12.5-32.75 0-45.25s32.75-12.5 45.25 0L160 210.8l105.4-105.4c12.5-12.5 32.75-12.5 45.25 0s12.5 32.75 0 45.25l-105.4 105.4L310.6 361.4z\"><\/path><\/svg>\n\t\t\t\t\t\t\t\t\t\t\t\t<\/button>\n\t\t\t\t\t\t\t\t\t\t\t\t\t<\/div>\n\t\t\t\t\t\t\t\t\t\n<img decoding=\"async\" class=\"imgyippie\" src=\"https:\/\/www.stw-saarland.de\/wp-content\/uploads\/2024\/11\/jippie.svg\" alt=\"Yippie\"\/>\n  <img decoding=\"async\" class=\"imgyeah\" src=\"https:\/\/www.stw-saarland.de\/wp-content\/uploads\/2024\/11\/yeah.svg\" alt=\"yeah\"\/>\n","protected":false},"excerpt":{"rendered":"<p>CULTURE! TH\u00c9\u00c2TRE, RENCONTRES, ESPACES et plus encore&#8230;<\/p>\n","protected":false},"author":1,"featured_media":0,"parent":0,"menu_order":0,"comment_status":"closed","ping_status":"closed","template":"","meta":{"_acf_changed":false,"inline_featured_image":false,"_uag_custom_page_level_css":"","footnotes":""},"class_list":["post-2016","page","type-page","status-publish"],"acf":[],"uagb_featured_image_src":{"full":false,"thumbnail":false,"medium":false,"medium_large":false,"large":false,"1536x1536":false,"2048x2048":false},"uagb_author_info":{"display_name":"pixelarbeiter","author_link":"https:\/\/www.stw-saarland.de\/fr\/author\/pixelarbeiter\/"},"uagb_comment_info":0,"uagb_excerpt":"CULTURE! TH\u00c9\u00c2TRE, RENCONTRES, ESPACES et plus encore&#8230;","_links":{"self":[{"href":"https:\/\/www.stw-saarland.de\/fr\/wp-json\/wp\/v2\/pages\/2016","targetHints":{"allow":["GET"]}}],"collection":[{"href":"https:\/\/www.stw-saarland.de\/fr\/wp-json\/wp\/v2\/pages"}],"about":[{"href":"https:\/\/www.stw-saarland.de\/fr\/wp-json\/wp\/v2\/types\/page"}],"author":[{"embeddable":true,"href":"https:\/\/www.stw-saarland.de\/fr\/wp-json\/wp\/v2\/users\/1"}],"replies":[{"embeddable":true,"href":"https:\/\/www.stw-saarland.de\/fr\/wp-json\/wp\/v2\/comments?post=2016"}],"version-history":[{"count":4,"href":"https:\/\/www.stw-saarland.de\/fr\/wp-json\/wp\/v2\/pages\/2016\/revisions"}],"predecessor-version":[{"id":6293,"href":"https:\/\/www.stw-saarland.de\/fr\/wp-json\/wp\/v2\/pages\/2016\/revisions\/6293"}],"wp:attachment":[{"href":"https:\/\/www.stw-saarland.de\/fr\/wp-json\/wp\/v2\/media?parent=2016"}],"curies":[{"name":"wp","href":"https:\/\/api.w.org\/{rel}","templated":true}]}}