{"id":2023,"date":"2024-09-07T20:15:26","date_gmt":"2024-09-07T18:15:26","guid":{"rendered":"https:\/\/www.stw-saarland.de\/conseil\/conseil-aux-employes\/"},"modified":"2025-07-17T11:05:33","modified_gmt":"2025-07-17T09:05:33","slug":"conseil-aux-employes","status":"publish","type":"page","link":"https:\/\/www.stw-saarland.de\/fr\/conseil\/conseil-aux-employes\/","title":{"rendered":"CONSEIL AUX EMPLOY\u00c9S"},"content":{"rendered":"\n<h2 class=\"wp-block-heading\" style=\"font-size:50px\">CONSEIL POUR LES<strong>EMPLOY\u00c9S<\/strong><br\/><strong><\/strong><\/h2>\n<div class=\"lightweight-accordion\"><details><summary class=\"lightweight-accordion-title\"><h2>Offre de conseil<\/h2><\/summary><div class=\"lightweight-accordion-body\">\n\n<p><\/p>\n\n\n\n<p>Le service de conseil psychologique et psychoth\u00e9rapeutique (PPB) est ouvert \u00e0 tous les employ\u00e9s de l&rsquo;Universit\u00e9 de la Sarre et de la Hochschule f\u00fcr Technik und Wirtschaft des Saarlandes, qui peuvent y recourir gratuitement et en toute confidentialit\u00e9. Les employ\u00e9s de la Hochschule der Bildenden K\u00fcnste Saar et de la Hochschule f\u00fcr Musik Saar sont pri\u00e9s de s&rsquo;adresser au <a href=\"https:\/\/www.stw-saarland.de\/fr\/conseil\/conseil-aux-employes-de-letat\/\">service de conseil psychosocial<\/a> (PSB).<\/p>\n\n\n\n<p>Nous conseillons sur les probl\u00e8mes professionnels et\/ou personnels, par exemple<\/p>\n\n\n\n<ul class=\"wp-block-list\">\n<li>Troubles de la concentration<\/li>\n\n\n\n<li>Insatisfaction de la situation personnelle et\/ou professionnelle<\/li>\n\n\n\n<li>Probl\u00e8mes sur le lieu de travail<\/li>\n\n\n\n<li>une estime de soi faible ou tr\u00e8s fluctuante<\/li>\n\n\n\n<li>humeur d\u00e9pressive<\/li>\n\n\n\n<li>Manque d&rsquo;orientation ou de motivation<\/li>\n\n\n\n<li>\u00c9viter ou reporter les projets importants<\/li>\n\n\n\n<li>Difficult\u00e9s relationnelles<\/li>\n\n\n\n<li>Peurs<\/li>\n\n\n\n<li>troubles sexuels et psychosomatiques<\/li>\n\n\n\n<li>les conflits de couple et de famille, etc.<\/li>\n<\/ul>\n\n\n\n<p>Les consultations se d\u00e9roulent principalement sous forme d&rsquo;entretiens individuels. Toutefois, des m\u00e9diations ou des offres de groupe sont \u00e9galement possibles. <\/p>\n\n<\/div><\/details><\/div><div class=\"lightweight-accordion\"><details><summary class=\"lightweight-accordion-title\"><h2>Inscription &amp; contact<\/h2><\/summary><div class=\"lightweight-accordion-body\">\n\n<p><\/p>\n\n\n\n<p>Il est possible de prendre rendez-vous pour un premier entretien par t\u00e9l\u00e9phone, en personne ou par e-mail.<\/p>\n\n\n\n<p>Tous les rendez-vous de premier entretien sont pris par l&rsquo;interm\u00e9diaire du secr\u00e9tariat du campus de Sarrebruck, quel que soit le site o\u00f9 ils ont lieu.<\/p>\n\n\n\n<p>T\u00e9l. : 0681 \/ 302-2515 (du lundi au vendredi, de 9h00 \u00e0 12h00 et le lundi de 13h00 \u00e0 15h00)<\/p>\n\n\n\n<p>E-mail : ppb(at)stw-saarland.de<\/p>\n\n\n\n<p>Si vous nous contactez par e-mail, veuillez noter que les e-mails non crypt\u00e9s ne constituent pas un moyen de communication s\u00e9curis\u00e9 et, dans la mesure du possible, ne nous transmettez pas d&rsquo;informations personnelles\/confidentielles par ce biais.<\/p>\n\n\n\n<p><strong>Adresse postale :<\/strong><\/p>\n\n\n\n<p>Service de consultation psychologique et psychoth\u00e9rapeutique<br\/>Studierendenwerk Saarland<br\/>Anstalt des \u00f6ffentlichen Rechts<br\/>Campus B 6.2<br\/>66123 Saarbr\u00fccken<\/p>\n\n\n\n<p><strong>Campus de Sarrebruck<\/strong><\/p>\n\n\n\n<p>B\u00e2timent B 6.2<\/p>\n\n\n\n<p>Heures d&rsquo;ouverture du secr\u00e9tariat :<\/p>\n\n\n\n<p>Lundi-vendredi : 09:00 &#8211; 12:00 et lundi \u00e0 vendredi 13:00 &#8211; 15:00<\/p>\n\n\n\n<p>Heures de consultation ouvertes :<\/p>\n\n\n\n<p>Mercredi 12:00 &#8211; 13:00 heures<\/p>\n\n\n\n<p><strong>Campus de Hombourg<\/strong><\/p>\n\n\n\n<p>B\u00e2timent 74 (Mensa), \u00e9tage sup\u00e9rieur<\/p>\n\n\n\n<p>Rendez-vous sur rendez-vous :<\/p>\n\n\n\n<p>mardi : 09:00 &#8211; 16:00 heures<\/p>\n\n\n\n<p>Heures de consultation ouvertes :<\/p>\n\n\n\n<p>Mardi 12:00 &#8211; 13:00 heures<\/p>\n\n\n\n<p><strong>htw saar, Campus Alt-Saarbr\u00fccken<\/strong><\/p>\n\n\n\n<p>Maison du savoir (b\u00e2timent 11), salle 11.02.06<\/p>\n\n\n\n<p>Rendez-vous sur rendez-vous :<\/p>\n\n\n\n<p>le jeudi : 09h00 &#8211; 15h00<\/p>\n\n\n\n<p>Heures de consultation ouvertes :<\/p>\n\n\n\n<p>Jeudi 12:00 &#8211; 13:00 heures<\/p>\n\n<\/div><\/details><\/div><div class=\"lightweight-accordion\"><details><summary class=\"lightweight-accordion-title\"><h2>\u00c9quipe<\/h2><\/summary><div class=\"lightweight-accordion-body\">\n\n<p><\/p>\n\n\n\n<p><strong>Secr\u00e9tariat<\/strong>:<\/p>\n\n\n\n<p>Simone Maus<br\/>ppb(at)stw-saarland.de<\/p>\n\n\n\n<p><strong>Direction<\/strong>:<\/p>\n\n\n\n<p>Claudia Kemmer, psychologue dipl\u00f4m\u00e9e PP<br\/>ppb(at)stw-saarland.de<\/p>\n\n\n\n<h6 class=\"wp-block-heading\"><strong>Collaborateurs<\/strong>:<\/h6>\n\n\n\n<p>Nicole Gattermann, psychologue dipl\u00f4m\u00e9e PP<br\/>Mich\u00e8le Herges, M. Sc. Psych. PP<br\/>Britt Juhnke, psychologue dipl\u00f4m\u00e9e PP<br\/>Claudia Kachel, M. Sc. Psych.<br\/>Ann-Christin Schuler, M. Sc. Psych. PP<br\/>Serkan Sertkaya, psychologue dipl\u00f4m\u00e9 PP     <\/p>\n\n<\/div><\/details><\/div><div class=\"lightweight-accordion\"><details><summary class=\"lightweight-accordion-title\"><h2>Consultations ouvertes<\/h2><\/summary><div class=\"lightweight-accordion-body\">\n\n<p><\/p>\n\n\n\n<p>En plus des premiers entretiens, nous proposons une fois par semaine une heure de consultation ouverte sur chaque site. Pendant ce temps, il est possible d&rsquo;avoir une br\u00e8ve consultation (environ 15 \u00e0 20 minutes) sans rendez-vous pr\u00e9alable.   <br\/>La consultation ouverte est destin\u00e9e aux personnes qui cherchent des conseils et qui ne sont pas encore clientes de la PPB. Elle offre une alternative lorsque le temps d&rsquo;attente pour un premier entretien semble trop long.<\/p>\n\n\n\n<p>Les consultations ouvertes sont propos\u00e9es ces jours-l\u00e0 :<\/p>\n\n\n\n<ul class=\"wp-block-list\">\n<li>UdS, Campus Saarbr\u00fccken : mercredi, 12 &#8211; 13 heures<\/li>\n\n\n\n<li>UdS, Campus Homburg : mardi, 12 &#8211; 13 heures (pas pendant les vacances universitaires)<\/li>\n\n\n\n<li>htw saar, Campus Alt-Saarbr\u00fccken : jeudi, 12 &#8211; 13 heures (pas pendant les vacances universitaires)<\/li>\n<\/ul>\n\n\n\n<p>Sur le campus de l&rsquo;UdS \u00e0 Sarrebruck, une inscription personnelle est n\u00e9cessaire avant 12h30.<\/p>\n\n\n\n<p>Veuillez noter que le nombre de personnes pouvant \u00eatre conseill\u00e9es pendant les heures de consultation ouvertes est limit\u00e9.<\/p>\n\n<\/div><\/details><\/div>\n<p class=\"has-text-align-center\"><a href=\"https:\/\/www.stw-saarland.de\/beratung\/\" data-type=\"page\" data-id=\"357\">retour \u00e0 l&rsquo;aper\u00e7u<\/a><\/p>\n\n<p><\/p>\n","protected":false},"excerpt":{"rendered":"<p>CONSEIL POUR LESEMPLOY\u00c9S<\/p>\n","protected":false},"author":1,"featured_media":0,"parent":2004,"menu_order":0,"comment_status":"closed","ping_status":"closed","template":"","meta":{"_acf_changed":false,"inline_featured_image":false,"_uag_custom_page_level_css":"","footnotes":""},"class_list":["post-2023","page","type-page","status-publish"],"acf":[],"uagb_featured_image_src":{"full":false,"thumbnail":false,"medium":false,"medium_large":false,"large":false,"1536x1536":false,"2048x2048":false,"gform-image-choice-sm":false,"gform-image-choice-md":false,"gform-image-choice-lg":false},"uagb_author_info":{"display_name":"pixelarbeiter","author_link":"https:\/\/www.stw-saarland.de\/fr\/author\/pixelarbeiter\/"},"uagb_comment_info":0,"uagb_excerpt":"CONSEIL POUR LESEMPLOY\u00c9S","_links":{"self":[{"href":"https:\/\/www.stw-saarland.de\/fr\/wp-json\/wp\/v2\/pages\/2023","targetHints":{"allow":["GET"]}}],"collection":[{"href":"https:\/\/www.stw-saarland.de\/fr\/wp-json\/wp\/v2\/pages"}],"about":[{"href":"https:\/\/www.stw-saarland.de\/fr\/wp-json\/wp\/v2\/types\/page"}],"author":[{"embeddable":true,"href":"https:\/\/www.stw-saarland.de\/fr\/wp-json\/wp\/v2\/users\/1"}],"replies":[{"embeddable":true,"href":"https:\/\/www.stw-saarland.de\/fr\/wp-json\/wp\/v2\/comments?post=2023"}],"version-history":[{"count":10,"href":"https:\/\/www.stw-saarland.de\/fr\/wp-json\/wp\/v2\/pages\/2023\/revisions"}],"predecessor-version":[{"id":7243,"href":"https:\/\/www.stw-saarland.de\/fr\/wp-json\/wp\/v2\/pages\/2023\/revisions\/7243"}],"up":[{"embeddable":true,"href":"https:\/\/www.stw-saarland.de\/fr\/wp-json\/wp\/v2\/pages\/2004"}],"wp:attachment":[{"href":"https:\/\/www.stw-saarland.de\/fr\/wp-json\/wp\/v2\/media?parent=2023"}],"curies":[{"name":"wp","href":"https:\/\/api.w.org\/{rel}","templated":true}]}}