{"id":2027,"date":"2024-09-07T20:35:42","date_gmt":"2024-09-07T18:35:42","guid":{"rendered":"https:\/\/www.stw-saarland.de\/conseil\/conseil-aux-employes-de-letat\/"},"modified":"2025-07-17T11:49:34","modified_gmt":"2025-07-17T09:49:34","slug":"conseil-aux-employes-de-letat","status":"publish","type":"page","link":"https:\/\/www.stw-saarland.de\/fr\/conseil\/conseil-aux-employes-de-letat\/","title":{"rendered":"CONSEIL AUX EMPLOY\u00c9S DE L&rsquo;\u00c9TAT"},"content":{"rendered":"\n<h2 class=\"wp-block-heading\" style=\"font-size:50px\">CONSEIL POUR<br\/> PERSONNEL DES LANDS<\/h2>\n<div class=\"lightweight-accordion\"><details><summary class=\"lightweight-accordion-title\"><h2>Offre de conseil<\/h2><\/summary><div class=\"lightweight-accordion-body\">\n\n<p><\/p>\n\n\n\n<p>Le service de conseil psychosocial (PSB) offre \u00e0 tous les membres du personnel du Land* la possibilit\u00e9 d&rsquo;obtenir une aide rapide et non bureaucratique. La consultation est gratuite, le Land de Sarre prend en charge les frais. <\/p>\n\n\n\n<p>* A l&rsquo;exception du personnel de la police p\u00e9nitentiaire, qui est pris en charge par un service psychologique sp\u00e9cifique.<\/p>\n\n\n\n<p>L&rsquo;\u00e9quipe du centre de conseil est compos\u00e9e de psychologues qui disposent d&rsquo;un large \u00e9ventail de m\u00e9thodes de conseil et de th\u00e9rapie. Tous les membres du personnel sont tenus au secret professionnel. <\/p>\n\n\n\n<p>Nous proposons des conseils psychologiques et des interventions de crise en cas de probl\u00e8mes personnels et\/ou professionnels, tels que<\/p>\n\n\n\n<ul class=\"wp-block-list\">\n<li>Insatisfaction de la situation personnelle et\/ou professionnelle<\/li>\n\n\n\n<li>une estime de soi faible ou fluctuante<\/li>\n\n\n\n<li>humeur d\u00e9pressive<\/li>\n\n\n\n<li>Peurs<\/li>\n\n\n\n<li>Burnout<\/li>\n\n\n\n<li>probl\u00e8mes sexuels<\/li>\n\n\n\n<li>les troubles psychosomatiques<\/li>\n\n\n\n<li>Conflits de couple et de famille<\/li>\n\n\n\n<li>probl\u00e8mes de conciliation de la vie familiale et professionnelle<\/li>\n\n\n\n<li>Surmenage d\u00fb \u00e0 une charge de travail \u00e9lev\u00e9e<\/li>\n\n\n\n<li>Probl\u00e8mes avec les sup\u00e9rieurs ou les coll\u00e8gues<\/li>\n\n\n\n<li>Harc\u00e8lement moral<\/li>\n<\/ul>\n\n\n\n<p>Les consultations se d\u00e9roulent principalement sous forme d&rsquo;entretiens individuels. Toutefois, en cas de conflit au sein d&rsquo;une \u00e9quipe ou d&rsquo;un service, des offres de groupe et des m\u00e9diations sont \u00e9galement possibles. <\/p>\n\n\n\n<p>Une consultation t\u00e9l\u00e9phonique ouverte est propos\u00e9e une fois par semaine.<\/p>\n\n<\/div><\/details><\/div><div class=\"lightweight-accordion\"><details><summary class=\"lightweight-accordion-title\"><h2>Inscription &amp; contact<\/h2><\/summary><div class=\"lightweight-accordion-body\">\n\n<p><\/p>\n\n\n\n<p>Il est possible de prendre rendez-vous pour un premier entretien par t\u00e9l\u00e9phone ou par e-mail.<\/p>\n\n\n\n<p>T\u00e9l. : 0681 \/ 302-2511 (lundi &#8211; vendredi, 9h00 &#8211; 12h30 et lundi : 13h00 &#8211; 15h00)<\/p>\n\n\n\n<p>E-mail : psb(at)stw-saarland.de<\/p>\n\n\n\n<p>Si vous nous contactez par e-mail, veuillez noter que les e-mails non crypt\u00e9s ne constituent pas un moyen de communication s\u00e9curis\u00e9 et, dans la mesure du possible, ne nous transmettez pas d&rsquo;informations personnelles\/confidentielles par ce biais.<\/p>\n\n\n\n<div class=\"wp-block-group is-vertical is-layout-flex wp-container-core-group-is-layout-8cf370e7 wp-block-group-is-layout-flex\">\n<p><strong>Adresse :<\/strong><\/p>\n\n\n\n<p>Service de conseil psychosocial (PSB)<br\/>Studierendenwerk Saarland<br\/>Institution de droit public<br\/>Campus B 6.3<br\/>66123 Saarbr\u00fccken<\/p>\n<\/div>\n\n\n\n<p><\/p>\n\n<\/div><\/details><\/div><div class=\"lightweight-accordion\"><details><summary class=\"lightweight-accordion-title\"><h2>\u00c9quipe<\/h2><\/summary><div class=\"lightweight-accordion-body\">\n\n<p><\/p>\n\n\n\n<div class=\"wp-block-group is-vertical is-layout-flex wp-container-core-group-is-layout-8cf370e7 wp-block-group-is-layout-flex\">\n<p><strong>Secr\u00e9tariat\/inscription :<\/strong><\/p>\n\n\n\n<p>Lissy Bambach<br\/>psb(at)stw-saarland.de<\/p>\n<\/div>\n\n\n\n<p><\/p>\n\n\n\n<div class=\"wp-block-group is-vertical is-layout-flex wp-container-core-group-is-layout-8cf370e7 wp-block-group-is-layout-flex\">\n<p><strong>Direction :<\/strong><\/p>\n\n\n\n<p>Claudia Kemmer, psychologue dipl\u00f4m\u00e9e PP<br\/>psb(at)stw-saarland.de<\/p>\n<\/div>\n\n\n\n<p><\/p>\n\n\n\n<div class=\"wp-block-group is-vertical is-layout-flex wp-container-core-group-is-layout-8cf370e7 wp-block-group-is-layout-flex\">\n<p><strong>Collaborateurs :<\/strong><\/p>\n\n\n\n<p>Viola Geissel, M. Sc. Psych. PP<br\/>Eva Lauk, Dipl. Psych.<\/p>\n<\/div>\n\n\n\n<p><\/p>\n\n<\/div><\/details><\/div><div class=\"lightweight-accordion\"><details><summary class=\"lightweight-accordion-title\"><h2>Consultations t\u00e9l\u00e9phoniques ouvertes<\/h2><\/summary><div class=\"lightweight-accordion-body\">\n\n<p>Afin de pouvoir r\u00e9pondre rapidement aux demandes urgentes, la PSB propose une permanence t\u00e9l\u00e9phonique ouverte tous les mardis de 10h \u00e0 11h. Vous pouvez nous contacter sans rendez-vous au 0681\/302 2511 pour un premier entretien rapide. <\/p>\n\n<\/div><\/details><\/div><div class=\"lightweight-accordion\"><details><summary class=\"lightweight-accordion-title\"><h2>Questions et r\u00e9ponses<\/h2><\/summary><div class=\"lightweight-accordion-body\">\n\n<p><\/p>\n\n\n\n<p><em>Quelle est la r\u00e9gularit\u00e9 des entretiens de conseil ?<\/em><\/p>\n\n\n\n<p>Il n&rsquo;y a pas de fr\u00e9quence d\u00e9finie. Vous en discuterez avec votre conseiller(\u00e8re) en fonction de vos besoins. <\/p>\n\n\n\n<p><em>Combien de consultations puis-je avoir au total ?<\/em><\/p>\n\n\n\n<p>Vous disposez en moyenne de jusqu&rsquo;\u00e0 cinq rendez-vous.<\/p>\n\n\n\n<p><em>Combien de temps dure une consultation ?<\/em><\/p>\n\n\n\n<p>Une consultation dure 45 \u00e0 50 minutes.<\/p>\n\n\n\n<p><em>Les entretiens de conseil peuvent-ils \u00eatre comptabilis\u00e9s comme temps de travail ?<\/em><\/p>\n\n\n\n<p>Nous ne pouvons pas r\u00e9pondre \u00e0 cette question de mani\u00e8re g\u00e9n\u00e9rale. Nous vous prions de vous adresser individuellement \u00e0 votre employeur. <\/p>\n\n\n\n<p><em>Mon employeur est-il au courant de mes rendez-vous d&rsquo;entretien ?<\/em><\/p>\n\n\n\n<p>La perception des entretiens de conseil est confidentielle. Nous sommes tenus au secret professionnel. Votre employeur n&rsquo;en est inform\u00e9 que si vous l&rsquo;informez vous-m\u00eame.  <\/p>\n\n\n\n<p><em>Comment acc\u00e9der au service de conseil psychosocial du Studentenwerk ?<\/em><\/p>\n\n\n\n<p>Vous trouverez le service de consultation sur le campus de l&rsquo;Universit\u00e9 de la Sarre, dans le b\u00e2timent B 6.3<br\/>Nous vous fournirons volontiers un itin\u00e9raire d\u00e9taill\u00e9 lors de la prise de rendez-vous.<\/p>\n\n\n\n<p><em>Y a-t-il des possibilit\u00e9s de stationnement sur place ?<\/em><\/p>\n\n\n\n<p>Vous pouvez vous garer dans le parking pour visiteurs P2, Uni Mitte (entr\u00e9e devant la porte principale \u00e0 droite). Des frais minimes s&rsquo;appliquent. <\/p>\n\n\n\n<p><em>La CSP propose-t-elle \u00e9galement des psychoth\u00e9rapies ?<\/em><\/p>\n\n\n\n<p>PSB offre des conseils psychologiques et des interventions de crise en cas de probl\u00e8mes personnels et\/ou professionnels. La psychoth\u00e9rapie ne fait pas partie de notre offre. <\/p>\n\n\n\n<p><em>Pouvez-vous trouver des places en th\u00e9rapie ?<\/em><\/p>\n\n\n\n<p>Nous vous aiderons volontiers \u00e0 trouver un lieu de traitement appropri\u00e9. Il n&rsquo;est malheureusement pas possible de trouver directement un lieu de traitement. <\/p>\n\n\n\n<p><em>La CSP propose-t-elle \u00e9galement des supervisions de cas ?<\/em><\/p>\n\n\n\n<p>Nous ne proposons pas de supervision sp\u00e9cifique li\u00e9e \u00e0 un cas particulier.<\/p>\n\n\n\n<p><em>Outre les entretiens individuels, quelles sont les autres offres auxquelles je peux avoir acc\u00e8s aupr\u00e8s de la CSP ?<\/em><\/p>\n\n\n\n<p>Vous pouvez \u00e9galement nous contacter pour des questions concernant des conflits entre plusieurs membres de l&rsquo;\u00e9quipe ou lorsqu&rsquo;une m\u00e9diation est n\u00e9cessaire.<\/p>\n\n<\/div><\/details><\/div>\n<p class=\"has-text-align-center\"><a href=\"https:\/\/www.stw-saarland.de\/beratung\/\" data-type=\"page\" data-id=\"357\">retour \u00e0 l&rsquo;aper\u00e7u<\/a><\/p>\n","protected":false},"excerpt":{"rendered":"<p>CONSEIL POUR PERSONNEL DES LANDS<\/p>\n","protected":false},"author":1,"featured_media":0,"parent":2004,"menu_order":0,"comment_status":"closed","ping_status":"closed","template":"","meta":{"_acf_changed":false,"inline_featured_image":false,"_uag_custom_page_level_css":"","footnotes":""},"class_list":["post-2027","page","type-page","status-publish"],"acf":[],"uagb_featured_image_src":{"full":false,"thumbnail":false,"medium":false,"medium_large":false,"large":false,"1536x1536":false,"2048x2048":false},"uagb_author_info":{"display_name":"pixelarbeiter","author_link":"https:\/\/www.stw-saarland.de\/fr\/author\/pixelarbeiter\/"},"uagb_comment_info":0,"uagb_excerpt":"CONSEIL POUR PERSONNEL DES LANDS","_links":{"self":[{"href":"https:\/\/www.stw-saarland.de\/fr\/wp-json\/wp\/v2\/pages\/2027","targetHints":{"allow":["GET"]}}],"collection":[{"href":"https:\/\/www.stw-saarland.de\/fr\/wp-json\/wp\/v2\/pages"}],"about":[{"href":"https:\/\/www.stw-saarland.de\/fr\/wp-json\/wp\/v2\/types\/page"}],"author":[{"embeddable":true,"href":"https:\/\/www.stw-saarland.de\/fr\/wp-json\/wp\/v2\/users\/1"}],"replies":[{"embeddable":true,"href":"https:\/\/www.stw-saarland.de\/fr\/wp-json\/wp\/v2\/comments?post=2027"}],"version-history":[{"count":8,"href":"https:\/\/www.stw-saarland.de\/fr\/wp-json\/wp\/v2\/pages\/2027\/revisions"}],"predecessor-version":[{"id":7258,"href":"https:\/\/www.stw-saarland.de\/fr\/wp-json\/wp\/v2\/pages\/2027\/revisions\/7258"}],"up":[{"embeddable":true,"href":"https:\/\/www.stw-saarland.de\/fr\/wp-json\/wp\/v2\/pages\/2004"}],"wp:attachment":[{"href":"https:\/\/www.stw-saarland.de\/fr\/wp-json\/wp\/v2\/media?parent=2027"}],"curies":[{"name":"wp","href":"https:\/\/api.w.org\/{rel}","templated":true}]}}