{"id":2063,"date":"2024-10-28T15:25:07","date_gmt":"2024-10-28T14:25:07","guid":{"rendered":"https:\/\/www.stw-saarland.de\/habiter\/residence-etudiante-e\/"},"modified":"2025-06-05T13:18:30","modified_gmt":"2025-06-05T11:18:30","slug":"residence-etudiante-e","status":"publish","type":"page","link":"https:\/\/www.stw-saarland.de\/fr\/habiter\/residence-etudiante-e\/","title":{"rendered":"R\u00e9sidence \u00e9tudiante E"},"content":{"rendered":"\n<div class=\"titelcontainer\">\n        <div class=\"text-container\">\n            <h1>R\u00e9sidence <br\/> E<\/h1>\n        <\/div>\n        <div class=\"image-container\">\n            <img decoding=\"async\" src=\"https:\/\/www.stw-saarland.de\/wp-content\/uploads\/2024\/10\/icon_wohnen.svg\" alt=\"Maison Icon\"\/>\n        <\/div>\n    <\/div>\n\n<div style=\"height:70px\" aria-hidden=\"true\" class=\"wp-block-spacer wohnspace\"><\/div>\n\n<div class=\"wp-block-columns is-layout-flex wp-container-core-columns-is-layout-9d6595d7 wp-block-columns-is-layout-flex\">\n<div class=\"wp-block-column is-layout-flow wp-block-column-is-layout-flow\" style=\"flex-basis:70%\">\n<h3 class=\"wp-block-heading\">Appartements<\/h3>\n\n\n\n<table id=\"tablepress-5\" class=\"tablepress tablepress-id-5\">\n<thead>\n<tr class=\"row-1\">\n\t<th class=\"column-1\">Zimmertyp<\/th><th class=\"column-2\">Anzahl<\/th><th class=\"column-3\">Personen<\/th><th class=\"column-4\">Wohnfl\u00e4che<\/th><th class=\"column-5\">Mietpreis<\/th>\n<\/tr>\n<\/thead>\n<tbody class=\"row-striping row-hover\">\n<tr class=\"row-2\">\n\t<td class=\"column-1\">Einzelapartment<\/td><td class=\"column-2\">72<\/td><td class=\"column-3\">1<\/td><td class=\"column-4\">20 m\u00b2<\/td><td class=\"column-5\">370 \u20ac<\/td>\n<\/tr>\n<\/tbody>\n<\/table>\n<!-- #tablepress-5 from cache -->\n\n\n<p>Autres \u00e9quipements de la r\u00e9sidence : <br\/>bar \u00e0 domicile, acc\u00e8s Internet, parking pour v\u00e9los, acc\u00e8s pour personnes handicap\u00e9es, appartements accessibles aux personnes handicap\u00e9es au rez-de-chauss\u00e9e, connexion satellite, places de parking devant l&rsquo;immeuble, buanderie et s\u00e9choir.<\/p>\n\n\n\n<p><strong>Chambre pour une personne<\/strong><br\/>Equipement :<br\/>Meubl\u00e9 avec armoire, lit avec sommier, container, \u00e9tag\u00e8re, table, chaises, kitchenette, petite salle de bain avec douche, WC et lavabo.<\/p>\n<\/div>\n\n\n\n<div class=\"wp-block-column is-layout-flow wp-block-column-is-layout-flow\" style=\"flex-basis:30%\">\n<div class=\"wp-block-uagb-image uagb-block-915f8b6a wp-block-uagb-image--layout-default wp-block-uagb-image--effect-static wp-block-uagb-image--align-none\"><figure class=\"wp-block-uagb-image__figure\"><img decoding=\"async\" srcset=\"https:\/\/www.stw-saarland.de\/wp-content\/uploads\/2024\/10\/wohnheim_e.webp ,https:\/\/www.stw-saarland.de\/wp-content\/uploads\/2024\/10\/wohnheim_e.webp 780w, https:\/\/www.stw-saarland.de\/wp-content\/uploads\/2024\/10\/wohnheim_e.webp 360w\" sizes=\"auto, (max-width: 480px) 150px\" src=\"https:\/\/www.stw-saarland.de\/wp-content\/uploads\/2024\/10\/wohnheim_e.webp\" alt=\"\" class=\"uag-image-1940\" width=\"201\" height=\"300\" title=\"r\u00e9sidence_e\" loading=\"lazy\" role=\"img\"><\/figure><\/div>\n\n\n\n<div style=\"height:10px\" aria-hidden=\"true\" class=\"wp-block-spacer\"><\/div>\n\n\n\n<div class=\"wp-block-uagb-info-box uagb-block-2efff286 uagb-infobox__content-wrap  uagb-infobox-icon-left uagb-infobox-left uagb-infobox-stacked-tablet uagb-infobox-image-valign-top wp-block-uagb-info-box--has-margin\"><div class=\"uagb-infobox-margin-wrapper\"><div class=\"uagb-ifb-icon-wrap\"><svg xmlns=\"https:\/\/www.w3.org\/2000\/svg\" viewbox=\"0 0 576 512\"><path d=\"M384 476.1L192 421.2V35.93L384 90.79V476.1zM416 88.37L543.1 37.53C558.9 31.23 576 42.84 576 59.82V394.6C576 404.4 570 413.2 560.9 416.9L416 474.8V88.37zM15.09 95.13L160 37.17V423.6L32.91 474.5C17.15 480.8 0 469.2 0 452.2V117.4C0 107.6 5.975 98.78 15.09 95.13V95.13z\"><\/path><\/svg><\/div><div class=\"uagb-ifb-content\"><div class=\"uagb-ifb-title-wrap\"><h4 class=\"uagb-ifb-title\">O\u00f9 ?<\/h4><\/div><p class=\"uagb-ifb-desc\"><a href=\"https:\/\/maps.app.goo.gl\/okJrH6Pj4PJDaeuB8\" target=\"_blank\" rel=\"noopener\">R\u00e9sidence \u00ab\u00a0E\u00a0\u00bb<br\/>B\u00e2timent D 4.5 du campus <br\/>66123 Saarbr\u00fccken  <\/a><\/p><\/div><\/div><\/div>\n\n\n\n<div class=\"wp-block-uagb-info-box uagb-block-62c0fc10 uagb-infobox__content-wrap  uagb-infobox-icon-left uagb-infobox-left uagb-infobox-stacked-tablet uagb-infobox-image-valign-top\"><div class=\"uagb-ifb-icon-wrap\"><svg xmlns=\"https:\/\/www.w3.org\/2000\/svg\" viewbox=\"0 0 512 512\"><path d=\"M511.2 387l-23.25 100.8c-3.266 14.25-15.79 24.22-30.46 24.22C205.2 512 0 306.8 0 54.5c0-14.66 9.969-27.2 24.22-30.45l100.8-23.25C139.7-2.602 154.7 5.018 160.8 18.92l46.52 108.5c5.438 12.78 1.77 27.67-8.98 36.45L144.5 207.1c33.98 69.22 90.26 125.5 159.5 159.5l44.08-53.8c8.688-10.78 23.69-14.51 36.47-8.975l108.5 46.51C506.1 357.2 514.6 372.4 511.2 387z\"><\/path><\/svg><\/div><div class=\"uagb-ifb-content\"><div class=\"uagb-ifb-title-wrap\"><h4 class=\"uagb-ifb-title\">Personne \u00e0 contacter<\/h4><\/div><p class=\"uagb-ifb-desc\">Julia Dalikou-Schlicker<br\/>j.dalikou-schlicker@stw-saarland.de<br\/>0681 \/ 302-2581<br\/><br\/>Heures de bureau :<br\/>mar. 08:30 &#8211; 11:30<br\/>jeu. 08:30 &#8211; 10:30<br\/>ferm\u00e9 le vendredi <br\/><\/p><\/div><\/div>\n\n\n\n<div class=\"wp-block-uagb-info-box uagb-block-088a3302 uagb-infobox__content-wrap  uagb-infobox-icon-left uagb-infobox-left uagb-infobox-stacked-tablet uagb-infobox-image-valign-top\"><div class=\"uagb-ifb-icon-wrap\"><svg xmlns=\"https:\/\/www.w3.org\/2000\/svg\" viewbox=\"0 0 512 512\"><path d=\"M331.8 224.1c28.29 0 54.88 10.99 74.86 30.97l19.59 19.59c40.01-17.74 71.25-53.3 81.62-96.65c5.725-23.92 5.34-47.08 .2148-68.4c-2.613-10.88-16.43-14.51-24.34-6.604l-68.9 68.9h-75.6V97.2l68.9-68.9c7.912-7.912 4.275-21.73-6.604-24.34c-21.32-5.125-44.48-5.51-68.4 .2148c-55.3 13.23-98.39 60.22-107.2 116.4C224.5 128.9 224.2 137 224.3 145l82.78 82.86C315.2 225.1 323.5 224.1 331.8 224.1zM384 278.6c-23.16-23.16-57.57-27.57-85.39-13.9L191.1 158L191.1 95.99l-127.1-95.99L0 63.1l96 127.1l62.04 .0077l106.7 106.6c-13.67 27.82-9.251 62.23 13.91 85.39l117 117.1c14.62 14.5 38.21 14.5 52.71-.0016l52.75-52.75c14.5-14.5 14.5-38.08-.0016-52.71L384 278.6zM227.9 307L168.7 247.9l-148.9 148.9c-26.37 26.37-26.37 69.08 0 95.45C32.96 505.4 50.21 512 67.5 512s34.54-6.592 47.72-19.78l119.1-119.1C225.5 352.3 222.6 329.4 227.9 307zM64 472c-13.25 0-24-10.75-24-24c0-13.26 10.75-24 24-24S88 434.7 88 448C88 461.3 77.25 472 64 472z\"><\/path><\/svg><\/div><div class=\"uagb-ifb-content\"><div class=\"uagb-ifb-title-wrap\"><h4 class=\"uagb-ifb-title\">Concierge<\/h4><\/div><p class=\"uagb-ifb-desc\">Ren\u00e9 Meyer<br\/>0159 \/ 04083764<br\/><a href=\"mailto:a.bach@stw-saarland.de\">r.meyer@stw-saarland.de<\/a><\/p><\/div><\/div>\n<\/div>\n<\/div>\n\n<p class=\"has-text-align-center\"><a href=\"https:\/\/www.stw-saarland.de\/fr\/habiter\/\" data-type=\"page\" data-id=\"353\">Retour \u00e0 l&rsquo;aper\u00e7u<\/a><\/p>\n\n<p><\/p>\n","protected":false},"excerpt":{"rendered":"<p>R\u00e9sidence E Appartements Autres \u00e9quipements de la r\u00e9sidence : bar \u00e0 domicile, acc\u00e8s Internet, parking pour v\u00e9los, acc\u00e8s pour personnes handicap\u00e9es, appartements accessibles aux personnes handicap\u00e9es au rez-de-chauss\u00e9e, connexion satellite, places de parking devant l&rsquo;immeuble, buanderie et s\u00e9choir. Chambre pour une personneEquipement :Meubl\u00e9 avec armoire, lit avec sommier, container, \u00e9tag\u00e8re, table, chaises, kitchenette, petite salle &#8230; <a title=\"R\u00e9sidence \u00e9tudiante E\" class=\"read-more\" href=\"https:\/\/www.stw-saarland.de\/fr\/habiter\/residence-etudiante-e\/\" aria-label=\"En savoir plus sur R\u00e9sidence \u00e9tudiante E\">Lire plus<\/a><\/p>\n","protected":false},"author":1,"featured_media":0,"parent":2034,"menu_order":0,"comment_status":"closed","ping_status":"closed","template":"","meta":{"_acf_changed":false,"inline_featured_image":false,"_uag_custom_page_level_css":"","footnotes":""},"class_list":["post-2063","page","type-page","status-publish"],"acf":[],"uagb_featured_image_src":{"full":false,"thumbnail":false,"medium":false,"medium_large":false,"large":false,"1536x1536":false,"2048x2048":false,"gform-image-choice-sm":false,"gform-image-choice-md":false,"gform-image-choice-lg":false},"uagb_author_info":{"display_name":"pixelarbeiter","author_link":"https:\/\/www.stw-saarland.de\/fr\/author\/pixelarbeiter\/"},"uagb_comment_info":0,"uagb_excerpt":"R\u00e9sidence E Appartements Autres \u00e9quipements de la r\u00e9sidence : bar \u00e0 domicile, acc\u00e8s Internet, parking pour v\u00e9los, acc\u00e8s pour personnes handicap\u00e9es, appartements accessibles aux personnes handicap\u00e9es au rez-de-chauss\u00e9e, connexion satellite, places de parking devant l&rsquo;immeuble, buanderie et s\u00e9choir. Chambre pour une personneEquipement :Meubl\u00e9 avec armoire, lit avec sommier, container, \u00e9tag\u00e8re, table, chaises, kitchenette, petite salle\u2026","_links":{"self":[{"href":"https:\/\/www.stw-saarland.de\/fr\/wp-json\/wp\/v2\/pages\/2063","targetHints":{"allow":["GET"]}}],"collection":[{"href":"https:\/\/www.stw-saarland.de\/fr\/wp-json\/wp\/v2\/pages"}],"about":[{"href":"https:\/\/www.stw-saarland.de\/fr\/wp-json\/wp\/v2\/types\/page"}],"author":[{"embeddable":true,"href":"https:\/\/www.stw-saarland.de\/fr\/wp-json\/wp\/v2\/users\/1"}],"replies":[{"embeddable":true,"href":"https:\/\/www.stw-saarland.de\/fr\/wp-json\/wp\/v2\/comments?post=2063"}],"version-history":[{"count":3,"href":"https:\/\/www.stw-saarland.de\/fr\/wp-json\/wp\/v2\/pages\/2063\/revisions"}],"predecessor-version":[{"id":6279,"href":"https:\/\/www.stw-saarland.de\/fr\/wp-json\/wp\/v2\/pages\/2063\/revisions\/6279"}],"up":[{"embeddable":true,"href":"https:\/\/www.stw-saarland.de\/fr\/wp-json\/wp\/v2\/pages\/2034"}],"wp:attachment":[{"href":"https:\/\/www.stw-saarland.de\/fr\/wp-json\/wp\/v2\/media?parent=2063"}],"curies":[{"name":"wp","href":"https:\/\/api.w.org\/{rel}","templated":true}]}}