{"id":2099,"date":"2024-10-06T11:05:25","date_gmt":"2024-10-06T09:05:25","guid":{"rendered":"https:\/\/www.stw-saarland.de\/gastro\/jardin-de-la-mensa\/"},"modified":"2024-11-10T10:23:40","modified_gmt":"2024-11-10T09:23:40","slug":"jardin-de-la-mensa","status":"publish","type":"page","link":"https:\/\/www.stw-saarland.de\/fr\/gastro\/jardin-de-la-mensa\/","title":{"rendered":"Jardin de la Mensa"},"content":{"rendered":"\n<div class=\"titelcontainer\">\n        <div class=\"text-container\">\n            <h1>MENSA<br\/><span>GARTEN<\/span><\/h1>\n        <\/div>\n        <div class=\"image-container\">\n           \n        <\/div>\n    <\/div>\n\n\n\n<div class=\"wp-block-columns is-layout-flex wp-container-core-columns-is-layout-9d6595d7 wp-block-columns-is-layout-flex\">\n<div class=\"wp-block-column is-layout-flow wp-block-column-is-layout-flow\" style=\"flex-basis:66.66%\"><!DOCTYPE html>\r\n<html lang=\"fr\">\r\n<head>\r\n    <meta charset=\"UTF-8\">\r\n    <title>Speiseplan - Mensagarten<\/title>\r\n    <link rel=\"stylesheet\" href=\"https:\/\/cdn.jsdelivr.net\/npm\/uikit@3.21.9\/dist\/css\/uikit.min.css\" \/>\r\n\r\n    <style>\r\n        \/* Ihr CSS-Stil *\/\r\n    <\/style>\r\n<\/head>\r\n<body>\r\n\r\n<div>\r\n    <a href=\"\/fr\/wp-json\/wp\/v2\/pages\/2099?week=0&#038;location=mensagarten&#038;language=fr\" class=\"uk-button weekbtn uk-button-default\">Semaine Actuelle<\/a>\r\n    <a href=\"\/fr\/wp-json\/wp\/v2\/pages\/2099?week=1&#038;location=mensagarten&#038;language=fr\" class=\"uk-button weekbtn uk-button-default\">Semaine Prochaine<\/a>\r\n<\/div>\r\n\r\n<div class=\"uk-card uk-card-body\">\r\n    <h3 class=\"uk-card-title\">C'est le week-end.<\/h3>\r\n<\/div>\r\n<ul class=\"uk-tab\" uk-tab>\r\n    <\/ul>\r\n<ul class=\"uk-switcher uk-margin\">\r\n    <\/ul>\r\n\r\n<script src=\"https:\/\/cdn.jsdelivr.net\/npm\/uikit@3.21.9\/dist\/js\/uikit.min.js\"><\/script>\r\n<script src=\"https:\/\/cdn.jsdelivr.net\/npm\/uikit@3.21.9\/dist\/js\/uikit-icons.min.js\"><\/script>\r\n<\/body>\r\n<\/html>\r\n\n\n\n<div class=\"wp-block-uagb-faq uagb-faq__outer-wrap uagb-block-0456e5c7 uagb-faq-icon-row uagb-faq-layout-accordion uagb-faq-expand-first-false uagb-faq-inactive-other-true uagb-faq__wrap uagb-buttons-layout-wrap uagb-faq-equal-height     \" data-faqtoggle=\"true\" role=\"tablist\"><div class=\"wp-block-uagb-faq-child uagb-faq-child__outer-wrap uagb-faq-item uagb-block-dd417c13 \" role=\"tab\" tabindex=\"0\"><div class=\"uagb-faq-questions-button uagb-faq-questions\">\t\t\t<span class=\"uagb-icon uagb-faq-icon-wrap\">\n\t\t\t\t\t\t\t\t<svg xmlns=\"https:\/\/www.w3.org\/2000\/svg\" viewBox= \"0 0 448 512\"><path d=\"M432 256c0 17.69-14.33 32.01-32 32.01H256v144c0 17.69-14.33 31.99-32 31.99s-32-14.3-32-31.99v-144H48c-17.67 0-32-14.32-32-32.01s14.33-31.99 32-31.99H192v-144c0-17.69 14.33-32.01 32-32.01s32 14.32 32 32.01v144h144C417.7 224 432 238.3 432 256z\"><\/path><\/svg>\n\t\t\t\t\t\t\t<\/span>\n\t\t\t\t\t\t<span class=\"uagb-icon-active uagb-faq-icon-wrap\">\n\t\t\t\t\t\t\t\t<svg xmlns=\"https:\/\/www.w3.org\/2000\/svg\" viewBox= \"0 0 448 512\"><path d=\"M400 288h-352c-17.69 0-32-14.32-32-32.01s14.31-31.99 32-31.99h352c17.69 0 32 14.3 32 31.99S417.7 288 400 288z\"><\/path><\/svg>\n\t\t\t\t\t\t\t<\/span>\n\t\t\t<span class=\"uagb-question\">Additifs<\/span><\/div><div class=\"uagb-faq-content\"><p>1 avec colorant<br>2 avec conservateur<br>3 avec antioxydant<br>4 avec exhausteur de go\u00fbt<br>5 sulfur\u00e9s<br>6 noirci<br>7 cir\u00e9<br>8 avec phosphate<br>9 avec \u00e9dulcorant<br>10 contient une source de ph\u00e9nylalanine<br>11 avec des prot\u00e9ines de lait<br>12 avec teneur en volaille<br>13 avec de la viande de porc<br>14 avec alcool<br>15 peut contenir des traces de noix<br>16 sans viande de porc<br>17 avec de l&rsquo;ail<br>18 V\u00e9g\u00e9tarien<br>19 Aliments biologiques<br>20 Poudre \u00e0 lever<br>21 sans lactose<br>22 nourriture v\u00e9g\u00e9talienne<br>23 poisson issu de la p\u00eache durable<\/p><\/div><\/div><div class=\"wp-block-uagb-faq-child uagb-faq-child__outer-wrap uagb-faq-item uagb-block-5d472082 \" role=\"tab\" tabindex=\"0\"><div class=\"uagb-faq-questions-button uagb-faq-questions\">\t\t\t<span class=\"uagb-icon uagb-faq-icon-wrap\">\n\t\t\t\t\t\t\t\t<svg xmlns=\"https:\/\/www.w3.org\/2000\/svg\" viewBox= \"0 0 448 512\"><path d=\"M432 256c0 17.69-14.33 32.01-32 32.01H256v144c0 17.69-14.33 31.99-32 31.99s-32-14.3-32-31.99v-144H48c-17.67 0-32-14.32-32-32.01s14.33-31.99 32-31.99H192v-144c0-17.69 14.33-32.01 32-32.01s32 14.32 32 32.01v144h144C417.7 224 432 238.3 432 256z\"><\/path><\/svg>\n\t\t\t\t\t\t\t<\/span>\n\t\t\t\t\t\t<span class=\"uagb-icon-active uagb-faq-icon-wrap\">\n\t\t\t\t\t\t\t\t<svg xmlns=\"https:\/\/www.w3.org\/2000\/svg\" viewBox= \"0 0 448 512\"><path d=\"M400 288h-352c-17.69 0-32-14.32-32-32.01s14.31-31.99 32-31.99h352c17.69 0 32 14.3 32 31.99S417.7 288 400 288z\"><\/path><\/svg>\n\t\t\t\t\t\t\t<\/span>\n\t\t\t<span class=\"uagb-question\">Allerg\u00e8nes<\/span><\/div><div class=\"uagb-faq-content\"><p><strong>En<\/strong> Cacahu\u00e8te<br><br><strong>Fi <\/strong>Poisson<br><br><strong>Ei <\/strong>\u0152uf de poule<br><br><strong>Kr<\/strong> Crustac\u00e9s et coquillages<br><br><strong>Lu<\/strong> Lupin<br><br><strong>La <\/strong>Lait et lactose<br><br><strong>Sw <\/strong>Dioxyde de soufre (\u00ab SO2 \u00bb) et sulfites<br><br><strong>Sl<\/strong> C\u00e9leri<br><br><strong>Sf <\/strong>Moutarde<br><br><strong>Se <\/strong>S\u00e9same<br><br><strong>So <\/strong>Soja<br><br><strong>Wt <\/strong>Mollusques<br><br><strong>We<\/strong> Bl\u00e9<br><br><strong>Ro<\/strong> Seigle<br><br><strong>Ge <\/strong>Orge<br><br><strong>Avoine<\/strong><br><br><strong>Di <\/strong>\u00c9peautre<br><br><strong>Ka<\/strong> Kamut<br><br><strong>Ma <\/strong>Amande<br><br><strong>Noisettes<\/strong><br><br><strong>Wa<\/strong> Noix<br><br><strong>Kas <\/strong>Noix de cajou<br><br><strong>Pe <\/strong>Noix de p\u00e9can<br><br><strong>Pa<\/strong> Noix du Br\u00e9sil<br><br><strong>Pi<\/strong> Pistaches<br><br><strong>Mq<\/strong> Noix de macadamia ou du Queensland<\/p><\/div><\/div><\/div>\n\n\n<p class=\"has-text-align-center\"><a href=\"https:\/\/www.stw-saarland.de\/fr\/gastro\/\" data-type=\"page\" data-id=\"351\">Retour \u00e0 l&rsquo;aper\u00e7u<\/a><\/p>\n<\/div>\n\n\n\n<div class=\"wp-block-column is-layout-flow wp-block-column-is-layout-flow\" style=\"flex-basis:33.33%\">\n<div class=\"wp-block-uagb-info-box uagb-block-63b6c7db uagb-infobox__content-wrap  uagb-infobox-icon-left uagb-infobox-left uagb-infobox-stacked-tablet uagb-infobox-image-valign-top wp-block-uagb-info-box--has-margin\"><div class=\"uagb-infobox-margin-wrapper\"><div class=\"uagb-ifb-icon-wrap\"><svg xmlns=\"https:\/\/www.w3.org\/2000\/svg\" viewBox=\"0 0 448 512\"><path d=\"M400 32h-352C21.49 32 0 53.49 0 80v352C0 458.5 21.49 480 48 480h245.5c16.97 0 33.25-6.744 45.26-18.75l90.51-90.51C441.3 358.7 448 342.5 448 325.5V80C448 53.49 426.5 32 400 32zM64 96h320l-.001 224H320c-17.67 0-32 14.33-32 32v64H64V96z\"><\/path><\/svg><\/div><div class=\"uagb-ifb-content\"><div class=\"uagb-ifb-title-wrap\"><h4 class=\"uagb-ifb-title\">Quoi ?<\/h4><\/div><p class=\"uagb-ifb-desc\">Le Mensagarten est un foodtruck situ\u00e9 en pleine nature dans l&rsquo;ancien jardin botanique de l&rsquo;UdS. Dans cet endroit agr\u00e9able et calme, nous proposons des pizzas et des p\u00e2tes qui changent tous les jours d&rsquo;avril \u00e0 octobre, dans une ambiance de Biergarten. Le Mensagarten est ferm\u00e9 \u00e0 la fin de l&rsquo;automne et en hiver.  <\/p><\/div><\/div><\/div>\n\n\n\n<div class=\"wp-block-uagb-info-box uagb-block-2efff286 uagb-infobox__content-wrap  uagb-infobox-icon-left uagb-infobox-left uagb-infobox-stacked-tablet uagb-infobox-image-valign-top wp-block-uagb-info-box--has-margin\"><div class=\"uagb-infobox-margin-wrapper\"><div class=\"uagb-ifb-icon-wrap\"><svg xmlns=\"https:\/\/www.w3.org\/2000\/svg\" viewBox=\"0 0 576 512\"><path d=\"M384 476.1L192 421.2V35.93L384 90.79V476.1zM416 88.37L543.1 37.53C558.9 31.23 576 42.84 576 59.82V394.6C576 404.4 570 413.2 560.9 416.9L416 474.8V88.37zM15.09 95.13L160 37.17V423.6L32.91 474.5C17.15 480.8 0 469.2 0 452.2V117.4C0 107.6 5.975 98.78 15.09 95.13V95.13z\"><\/path><\/svg><\/div><div class=\"uagb-ifb-content\"><div class=\"uagb-ifb-title-wrap\"><h4 class=\"uagb-ifb-title\">O\u00f9 ?<\/h4><\/div><p class=\"uagb-ifb-desc\"><a href=\"https:\/\/maps.app.goo.gl\/6hKvxBsseieb8kPG6\" target=\"_blank\" rel=\"noopener\">Derri\u00e8re le b\u00e2timent A1.7 (ancien jardin botanique) <\/a><br><a href=\"https:\/\/maps.app.goo.gl\/6hKvxBsseieb8kPG6\" target=\"_blank\" rel=\"noopener\">Campus de l&rsquo;Universit\u00e9 de la Sarre<\/a><br><a href=\"https:\/\/maps.app.goo.gl\/6hKvxBsseieb8kPG6\" target=\"_blank\" rel=\"noopener\">66123 Sarrebruck<\/a><\/p><\/div><\/div><\/div>\n\n\n\n<div class=\"wp-block-uagb-info-box uagb-block-62c0fc10 uagb-infobox__content-wrap  uagb-infobox-icon-left uagb-infobox-left uagb-infobox-stacked-tablet uagb-infobox-image-valign-top\"><div class=\"uagb-ifb-icon-wrap\"><svg xmlns=\"https:\/\/www.w3.org\/2000\/svg\" viewBox=\"0 0 512 512\"><path d=\"M511.2 387l-23.25 100.8c-3.266 14.25-15.79 24.22-30.46 24.22C205.2 512 0 306.8 0 54.5c0-14.66 9.969-27.2 24.22-30.45l100.8-23.25C139.7-2.602 154.7 5.018 160.8 18.92l46.52 108.5c5.438 12.78 1.77 27.67-8.98 36.45L144.5 207.1c33.98 69.22 90.26 125.5 159.5 159.5l44.08-53.8c8.688-10.78 23.69-14.51 36.47-8.975l108.5 46.51C506.1 357.2 514.6 372.4 511.2 387z\"><\/path><\/svg><\/div><div class=\"uagb-ifb-content\"><div class=\"uagb-ifb-title-wrap\"><h4 class=\"uagb-ifb-title\">T\u00e9l\u00e9phone<\/h4><\/div><p class=\"uagb-ifb-desc\">0681 302 2821<\/p><\/div><\/div>\n\n\n\n<div class=\"wp-block-uagb-info-box uagb-block-088a3302 uagb-infobox__content-wrap  uagb-infobox-icon-left uagb-infobox-left uagb-infobox-stacked-tablet uagb-infobox-image-valign-top\"><div class=\"uagb-ifb-icon-wrap\"><svg xmlns=\"https:\/\/www.w3.org\/2000\/svg\" viewBox=\"0 0 512 512\"><path d=\"M464 64C490.5 64 512 85.49 512 112C512 127.1 504.9 141.3 492.8 150.4L275.2 313.6C263.8 322.1 248.2 322.1 236.8 313.6L19.2 150.4C7.113 141.3 0 127.1 0 112C0 85.49 21.49 64 48 64H464zM217.6 339.2C240.4 356.3 271.6 356.3 294.4 339.2L512 176V384C512 419.3 483.3 448 448 448H64C28.65 448 0 419.3 0 384V176L217.6 339.2z\"><\/path><\/svg><\/div><div class=\"uagb-ifb-content\"><div class=\"uagb-ifb-title-wrap\"><h4 class=\"uagb-ifb-title\">E-mail<\/h4><\/div><p class=\"uagb-ifb-desc\"><a href=\"mailto:mensaCampus@stw-saarland.de\">e-mail<\/a><\/p><\/div><\/div>\n\n\n\n<div class=\"wp-block-uagb-info-box uagb-block-2797eba9 uagb-infobox__content-wrap  uagb-infobox-icon-left uagb-infobox-left uagb-infobox-stacked-tablet uagb-infobox-image-valign-top\"><div class=\"uagb-ifb-icon-wrap\"><svg xmlns=\"https:\/\/www.w3.org\/2000\/svg\" viewBox=\"0 0 512 512\"><path d=\"M256 512C114.6 512 0 397.4 0 256C0 114.6 114.6 0 256 0C397.4 0 512 114.6 512 256C512 397.4 397.4 512 256 512zM232 256C232 264 236 271.5 242.7 275.1L338.7 339.1C349.7 347.3 364.6 344.3 371.1 333.3C379.3 322.3 376.3 307.4 365.3 300L280 243.2V120C280 106.7 269.3 96 255.1 96C242.7 96 231.1 106.7 231.1 120L232 256z\"><\/path><\/svg><\/div><div class=\"uagb-ifb-content\"><div class=\"uagb-ifb-title-wrap\"><h4 class=\"uagb-ifb-title\">Heures d&rsquo;ouverture<\/h4><\/div><p class=\"uagb-ifb-desc\">D&rsquo;avril \u00e0 octobre par temps sec<br>Lundi &#8211; vendredi : <br>11h00 &#8211; 15h00<\/p><\/div><\/div>\n<\/div>\n<\/div>\n","protected":false},"excerpt":{"rendered":"<p>MENSAGARTEN<\/p>\n","protected":false},"author":1,"featured_media":0,"parent":2005,"menu_order":0,"comment_status":"closed","ping_status":"closed","template":"","meta":{"_acf_changed":false,"inline_featured_image":false,"_uag_custom_page_level_css":"","footnotes":""},"class_list":["post-2099","page","type-page","status-publish"],"acf":[],"uagb_featured_image_src":{"full":false,"thumbnail":false,"medium":false,"medium_large":false,"large":false,"1536x1536":false,"2048x2048":false},"uagb_author_info":{"display_name":"pixelarbeiter","author_link":"https:\/\/www.stw-saarland.de\/fr\/author\/pixelarbeiter\/"},"uagb_comment_info":0,"uagb_excerpt":"MENSAGARTEN","_links":{"self":[{"href":"https:\/\/www.stw-saarland.de\/fr\/wp-json\/wp\/v2\/pages\/2099","targetHints":{"allow":["GET"]}}],"collection":[{"href":"https:\/\/www.stw-saarland.de\/fr\/wp-json\/wp\/v2\/pages"}],"about":[{"href":"https:\/\/www.stw-saarland.de\/fr\/wp-json\/wp\/v2\/types\/page"}],"author":[{"embeddable":true,"href":"https:\/\/www.stw-saarland.de\/fr\/wp-json\/wp\/v2\/users\/1"}],"replies":[{"embeddable":true,"href":"https:\/\/www.stw-saarland.de\/fr\/wp-json\/wp\/v2\/comments?post=2099"}],"version-history":[{"count":3,"href":"https:\/\/www.stw-saarland.de\/fr\/wp-json\/wp\/v2\/pages\/2099\/revisions"}],"predecessor-version":[{"id":2631,"href":"https:\/\/www.stw-saarland.de\/fr\/wp-json\/wp\/v2\/pages\/2099\/revisions\/2631"}],"up":[{"embeddable":true,"href":"https:\/\/www.stw-saarland.de\/fr\/wp-json\/wp\/v2\/pages\/2005"}],"wp:attachment":[{"href":"https:\/\/www.stw-saarland.de\/fr\/wp-json\/wp\/v2\/media?parent=2099"}],"curies":[{"name":"wp","href":"https:\/\/api.w.org\/{rel}","templated":true}]}}