{"id":2638,"date":"2024-10-29T15:29:08","date_gmt":"2024-10-29T14:29:08","guid":{"rendered":"https:\/\/www.stw-saarland.de\/gastro\/cafeteria-hombourg\/"},"modified":"2025-07-23T07:47:20","modified_gmt":"2025-07-23T05:47:20","slug":"cafeteria-hombourg","status":"publish","type":"page","link":"https:\/\/www.stw-saarland.de\/fr\/gastro\/cafeteria-hombourg\/","title":{"rendered":"Caf\u00e9t\u00e9ria Hombourg"},"content":{"rendered":"\n<div class=\"titelcontainer\">\n        <div class=\"text-container\">\n            <h1>Cafete<br\/> Hombourg<\/h1>\n           \n        <\/div>\n        <div class=\"image-container\">\n           \n        <\/div>\n    <\/div>\n\n<div class=\"wp-block-columns is-layout-flex wp-container-core-columns-is-layout-9d6595d7 wp-block-columns-is-layout-flex\">\n<div class=\"wp-block-column is-layout-flow wp-block-column-is-layout-flow\" style=\"flex-basis:66.66%\">\n<p>Situ\u00e9 dans la charmante cave vo\u00fbt\u00e9e du b\u00e2timent 74, le caf\u00e9 offre un m\u00e9lange unique de charme rustique et d&rsquo;ambiance moderne. Nos places assises ext\u00e9rieures sont dispos\u00e9es en une terrasse accueillante en demi-cercle, parfaite pour des r\u00e9unions d\u00e9contract\u00e9es en plein air. <\/p>\n\n\n\n<p>Dans notre agr\u00e9able caf\u00e9t\u00e9ria, vous pouvez vous attendre \u00e0 une offre vari\u00e9e de snacks et de plats. Des boissons chaudes et froides rafra\u00eechissantes aux d\u00e9licieux snacks et plats pour les petites et grandes faims. <\/p>\n\n\n\n<p>Des sandwichs, des p\u00e2tisseries fra\u00eechement sorties du four, de d\u00e9licieux g\u00e2teaux et du porridge sain pour bien commencer la journ\u00e9e, aux snacks sal\u00e9s et au menu de saison pour les longues journ\u00e9es \u00e0 l&rsquo;universit\u00e9, chacun y trouvera son compte !<\/p>\n\n\n\n<p>Amateurs de caf\u00e9*, attention ! Nous vous proposons une s\u00e9lection de sp\u00e9cialit\u00e9s de caf\u00e9 et de chocolat chaud. Nous sommes \u00e9galement pr\u00eats \u00e0 servir le premier petit-d\u00e9jeuner \u00e0 partir de 8h00. Profitez d&rsquo;une atmosph\u00e8re d\u00e9tendue et rechargez vos batteries pour la journ\u00e9e.   <\/p>\n\n\n\n<p class=\"has-text-align-center\" style=\"font-size:35px\"><\/p>\n\n\n\n<p class=\"has-text-align-center\"><a href=\"https:\/\/www.stw-saarland.de\/gastro\/\" data-type=\"page\" data-id=\"351\">Zur\u00fcck zur \u00dcbersicht<\/a><\/p>\n<\/div>\n\n\n\n<div class=\"wp-block-column is-layout-flow wp-block-column-is-layout-flow\" style=\"flex-basis:33.33%\">\n<div class=\"wp-block-uagb-info-box uagb-block-63b6c7db uagb-infobox__content-wrap  uagb-infobox-icon-left uagb-infobox-left uagb-infobox-stacked-tablet uagb-infobox-image-valign-top wp-block-uagb-info-box--has-margin\"><div class=\"uagb-infobox-margin-wrapper\"><div class=\"uagb-ifb-icon-wrap\"><svg xmlns=\"https:\/\/www.w3.org\/2000\/svg\" viewbox=\"0 0 576 512\"><path d=\"M384 476.1L192 421.2V35.93L384 90.79V476.1zM416 88.37L543.1 37.53C558.9 31.23 576 42.84 576 59.82V394.6C576 404.4 570 413.2 560.9 416.9L416 474.8V88.37zM15.09 95.13L160 37.17V423.6L32.91 474.5C17.15 480.8 0 469.2 0 452.2V117.4C0 107.6 5.975 98.78 15.09 95.13V95.13z\"><\/path><\/svg><\/div><div class=\"uagb-ifb-content\"><div class=\"uagb-ifb-title-wrap\"><h4 class=\"uagb-ifb-title\">O\u00f9 ?<\/h4><\/div><p class=\"uagb-ifb-desc\"><a href=\"https:\/\/maps.app.goo.gl\/rp2GCRXTAE4uTaN67\" target=\"_blank\" rel=\"noopener\">H\u00f4pital universitaire<br\/>Homburg<br\/>B\u00e2timent 74<\/a><br\/><a href=\"https:\/\/maps.app.goo.gl\/rp2GCRXTAE4uTaN67\" target=\"_blank\" rel=\"noopener\">Sous-sol ,<\/a><br\/><a href=\"https:\/\/maps.app.goo.gl\/rp2GCRXTAE4uTaN67\" target=\"_blank\" rel=\"noopener\">Kirrbergerstra\u00dfe 100<br\/>66421 Homburg\/Saar<\/a><\/p><\/div><\/div><\/div>\n\n\n\n<div class=\"wp-block-uagb-info-box uagb-block-62c0fc10 uagb-infobox__content-wrap  uagb-infobox-icon-left uagb-infobox-left uagb-infobox-stacked-tablet uagb-infobox-image-valign-top\"><div class=\"uagb-ifb-icon-wrap\"><svg xmlns=\"https:\/\/www.w3.org\/2000\/svg\" viewbox=\"0 0 512 512\"><path d=\"M511.2 387l-23.25 100.8c-3.266 14.25-15.79 24.22-30.46 24.22C205.2 512 0 306.8 0 54.5c0-14.66 9.969-27.2 24.22-30.45l100.8-23.25C139.7-2.602 154.7 5.018 160.8 18.92l46.52 108.5c5.438 12.78 1.77 27.67-8.98 36.45L144.5 207.1c33.98 69.22 90.26 125.5 159.5 159.5l44.08-53.8c8.688-10.78 23.69-14.51 36.47-8.975l108.5 46.51C506.1 357.2 514.6 372.4 511.2 387z\"><\/path><\/svg><\/div><div class=\"uagb-ifb-content\"><div class=\"uagb-ifb-title-wrap\"><h4 class=\"uagb-ifb-title\">T\u00e9l\u00e9phone<\/h4><\/div><p class=\"uagb-ifb-desc\">06841 1627 483<\/p><\/div><\/div>\n\n\n\n<div class=\"wp-block-uagb-info-box uagb-block-088a3302 uagb-infobox__content-wrap  uagb-infobox-icon-left uagb-infobox-left uagb-infobox-stacked-tablet uagb-infobox-image-valign-top\"><div class=\"uagb-ifb-icon-wrap\"><svg xmlns=\"https:\/\/www.w3.org\/2000\/svg\" viewbox=\"0 0 512 512\"><path d=\"M464 64C490.5 64 512 85.49 512 112C512 127.1 504.9 141.3 492.8 150.4L275.2 313.6C263.8 322.1 248.2 322.1 236.8 313.6L19.2 150.4C7.113 141.3 0 127.1 0 112C0 85.49 21.49 64 48 64H464zM217.6 339.2C240.4 356.3 271.6 356.3 294.4 339.2L512 176V384C512 419.3 483.3 448 448 448H64C28.65 448 0 419.3 0 384V176L217.6 339.2z\"><\/path><\/svg><\/div><div class=\"uagb-ifb-content\"><div class=\"uagb-ifb-title-wrap\"><h4 class=\"uagb-ifb-title\">E-mail<\/h4><\/div><p class=\"uagb-ifb-desc\"><a href=\"mailto:mensa.homburg@stw-saarland.de\">mensa.homburg@stw-saarland.de<\/a><br\/><br\/><a href=\"mailto:mensa.homburg@stw-saarland.de\">Location de vaisselle<\/a><\/p><\/div><\/div>\n\n\n\n<div class=\"wp-block-uagb-info-box uagb-block-2797eba9 uagb-infobox__content-wrap  uagb-infobox-icon-left uagb-infobox-left uagb-infobox-stacked-tablet uagb-infobox-image-valign-top\"><div class=\"uagb-ifb-icon-wrap\"><svg xmlns=\"https:\/\/www.w3.org\/2000\/svg\" viewbox=\"0 0 512 512\"><path d=\"M256 512C114.6 512 0 397.4 0 256C0 114.6 114.6 0 256 0C397.4 0 512 114.6 512 256C512 397.4 397.4 512 256 512zM232 256C232 264 236 271.5 242.7 275.1L338.7 339.1C349.7 347.3 364.6 344.3 371.1 333.3C379.3 322.3 376.3 307.4 365.3 300L280 243.2V120C280 106.7 269.3 96 255.1 96C242.7 96 231.1 106.7 231.1 120L232 256z\"><\/path><\/svg><\/div><div class=\"uagb-ifb-content\"><div class=\"uagb-ifb-title-wrap\"><h4 class=\"uagb-ifb-title\">Heures d&rsquo;ouverture<\/h4><\/div><p class=\"uagb-ifb-desc\">Lundi &#8211; vendredi : <br\/>08h00 &#8211; 15h00<\/p><\/div><\/div>\n<\/div>\n<\/div>\n","protected":false},"excerpt":{"rendered":"<p>Cafete Hombourg Situ\u00e9 dans la charmante cave vo\u00fbt\u00e9e du b\u00e2timent 74, le caf\u00e9 offre un m\u00e9lange unique de charme rustique et d&rsquo;ambiance moderne. Nos places assises ext\u00e9rieures sont dispos\u00e9es en une terrasse accueillante en demi-cercle, parfaite pour des r\u00e9unions d\u00e9contract\u00e9es en plein air. Dans notre agr\u00e9able caf\u00e9t\u00e9ria, vous pouvez vous attendre \u00e0 une offre vari\u00e9e &#8230; <a title=\"Caf\u00e9t\u00e9ria Hombourg\" class=\"read-more\" href=\"https:\/\/www.stw-saarland.de\/fr\/gastro\/cafeteria-hombourg\/\" aria-label=\"En savoir plus sur Caf\u00e9t\u00e9ria Hombourg\">Lire plus<\/a><\/p>\n","protected":false},"author":1,"featured_media":0,"parent":2005,"menu_order":0,"comment_status":"closed","ping_status":"closed","template":"","meta":{"_acf_changed":false,"inline_featured_image":false,"_uag_custom_page_level_css":"","footnotes":""},"class_list":["post-2638","page","type-page","status-publish"],"acf":[],"uagb_featured_image_src":{"full":false,"thumbnail":false,"medium":false,"medium_large":false,"large":false,"1536x1536":false,"2048x2048":false},"uagb_author_info":{"display_name":"pixelarbeiter","author_link":"https:\/\/www.stw-saarland.de\/fr\/author\/pixelarbeiter\/"},"uagb_comment_info":0,"uagb_excerpt":"Cafete Hombourg Situ\u00e9 dans la charmante cave vo\u00fbt\u00e9e du b\u00e2timent 74, le caf\u00e9 offre un m\u00e9lange unique de charme rustique et d&rsquo;ambiance moderne. Nos places assises ext\u00e9rieures sont dispos\u00e9es en une terrasse accueillante en demi-cercle, parfaite pour des r\u00e9unions d\u00e9contract\u00e9es en plein air. Dans notre agr\u00e9able caf\u00e9t\u00e9ria, vous pouvez vous attendre \u00e0 une offre vari\u00e9e\u2026","_links":{"self":[{"href":"https:\/\/www.stw-saarland.de\/fr\/wp-json\/wp\/v2\/pages\/2638","targetHints":{"allow":["GET"]}}],"collection":[{"href":"https:\/\/www.stw-saarland.de\/fr\/wp-json\/wp\/v2\/pages"}],"about":[{"href":"https:\/\/www.stw-saarland.de\/fr\/wp-json\/wp\/v2\/types\/page"}],"author":[{"embeddable":true,"href":"https:\/\/www.stw-saarland.de\/fr\/wp-json\/wp\/v2\/users\/1"}],"replies":[{"embeddable":true,"href":"https:\/\/www.stw-saarland.de\/fr\/wp-json\/wp\/v2\/comments?post=2638"}],"version-history":[{"count":4,"href":"https:\/\/www.stw-saarland.de\/fr\/wp-json\/wp\/v2\/pages\/2638\/revisions"}],"predecessor-version":[{"id":7333,"href":"https:\/\/www.stw-saarland.de\/fr\/wp-json\/wp\/v2\/pages\/2638\/revisions\/7333"}],"up":[{"embeddable":true,"href":"https:\/\/www.stw-saarland.de\/fr\/wp-json\/wp\/v2\/pages\/2005"}],"wp:attachment":[{"href":"https:\/\/www.stw-saarland.de\/fr\/wp-json\/wp\/v2\/media?parent=2638"}],"curies":[{"name":"wp","href":"https:\/\/api.w.org\/{rel}","templated":true}]}}