{"id":9273,"date":"2025-10-22T11:55:00","date_gmt":"2025-10-22T09:55:00","guid":{"rendered":"https:\/\/www.stw-saarland.de\/declaration-daccessibilite\/"},"modified":"2025-10-23T18:15:36","modified_gmt":"2025-10-23T16:15:36","slug":"declaration-daccessibilite","status":"publish","type":"page","link":"https:\/\/www.stw-saarland.de\/fr\/declaration-daccessibilite\/","title":{"rendered":"D\u00e9claration d&rsquo;accessibilit\u00e9"},"content":{"rendered":"\n<p>En tant qu&rsquo;exploitant du site Web, nous (Studierendenwerk Saarland) nous effor\u00e7ons de concevoir le site Web en conformit\u00e9 avec les dispositions applicables en mati\u00e8re d&rsquo;accessibilit\u00e9. La l\u00e9gislation suivante s&rsquo;applique \u00e0 nous : <\/p>\n\n<p>Loi n\u00b0 1541 sur l&rsquo;\u00e9galit\u00e9 des personnes handicap\u00e9es en Sarre (Saarl\u00e4ndisches Behindertengleichstellungsgesetz &#8211; SBGG) et d\u00e9cret sarrois sur l&rsquo;\u00e9galit\u00e9 des personnes handicap\u00e9es (SBGVO)<\/p>\n\n<h2 class=\"wp-block-heading\">Site web<\/h2>\n\n<p>La pr\u00e9sente d\u00e9claration d&rsquo;accessibilit\u00e9 s&rsquo;applique au site <a href=\"https:\/\/www.stw-saarland.de\/fr\/\">https:\/\/www.stw-saarland.de\/.<\/a><\/p>\n\n<h3 class=\"wp-block-heading\">Derni\u00e8re mise \u00e0 jour du site<\/h3>\n\n<p>Le contenu de ce site web a \u00e9t\u00e9 r\u00e9vis\u00e9 pour la derni\u00e8re fois le 05.10.2025 sur des points essentiels.<\/p>\n\n<h2 class=\"wp-block-heading\">Commentaires et coordonn\u00e9es<\/h2>\n\n<p>Vous avez remarqu\u00e9 des lacunes dans l&rsquo;accessibilit\u00e9 du contenu de notre site web ou vous avez des commentaires ou des questions sur l&rsquo;accessibilit\u00e9 ? N&rsquo;h\u00e9sitez pas \u00e0 nous contacter : <\/p>\n\n<p>Campus de Sarrebruck, b\u00e2timent D 4.1<br\/>66123 Sarrebruck<br\/>T\u00e9l\u00e9phone : 0681\/302-2800<br\/>Fax : 0681\/302-2890<br\/>EMail : info@stw-saarland.de<\/p>\n\n<h2 class=\"wp-block-heading\">\u00c9tat de la compatibilit\u00e9 avec les exigences<\/h2>\n\n<p>Ce site n&rsquo;est pas enti\u00e8rement conforme aux r\u00e8gles d&rsquo;accessibilit\u00e9 qui nous sont applicables. En particulier : <\/p>\n\n<h3 class=\"wp-block-heading\">Incompatibilit\u00e9 avec la l\u00e9gislation sur l&rsquo;accessibilit\u00e9<\/h3>\n\n<p>Les contenus mentionn\u00e9s ci-dessous ne sont pas conformes aux dispositions l\u00e9gales applicables en mati\u00e8re d&rsquo;accessibilit\u00e9 :<\/p>\n\n<p><strong>Les documents PDF ou Word d\u00e9pos\u00e9s sur le site ne sont parfois pas enti\u00e8rement accessibles.<\/strong><\/p>\n\n<p>Application <strong>sp\u00e9cialis\u00e9e externe pour les demandes de logement et les d\u00e9clarations de sinistre<\/strong><br\/>Une application sp\u00e9cialis\u00e9e externe d&rsquo;un tiers est int\u00e9gr\u00e9e \u00e0 notre site Web par iFrame, via laquelle<\/p>\n\n<ul class=\"wp-block-list\">\n<li>la <strong>demande de logement en r\u00e9sidence universitaire<\/strong> et<\/li>\n\n\n\n<li>la <strong>d\u00e9claration de sinistre dans les r\u00e9sidences<\/strong><br\/>soit trait\u00e9e.<\/li>\n<\/ul>\n\n<p>Cette application est <strong>g\u00e9r\u00e9e par un fournisseur externe<\/strong> qui n&rsquo;est <strong>pas sous la responsabilit\u00e9 du Studierendenwerk Saarland<\/strong>.<br\/>En l&rsquo;\u00e9tat actuel, l&rsquo;application ne r\u00e9pond <strong>pas enti\u00e8rement aux exigences d&rsquo;accessibilit\u00e9<\/strong>.<\/p>\n\n<p>Comme le Studierendenwerk Saarland n&rsquo;a aucune influence sur la mise en \u0153uvre technique de ce syst\u00e8me externe, nous ne pouvons actuellement <strong>pas proposer d&rsquo;alternative accessible \u00e0 cette application m\u00e9tier<\/strong>.<br\/>Les utilisateurs qui rencontrent des difficult\u00e9s d&rsquo;utilisation peuvent toutefois <strong>nous contacter par e-mail ou par t\u00e9l\u00e9phone<\/strong> pour obtenir de l&rsquo;aide :<\/p>\n\n<ul class=\"wp-block-list\">\n<li>Courrier \u00e9lectronique : <a href=\"mailto:wohnen@stw-saarland.de\"><\/a><a href=\"mailto:wohnen@stw-saarland.de\">wohnen@stw-saarland.de<\/a><\/li>\n\n\n\n<li>T\u00e9l\u00e9phone : 0681-302 2581<\/li>\n<\/ul>\n\n<p>Nous sommes en contact avec le fournisseur afin de travailler \u00e0 l&rsquo;am\u00e9lioration de l&rsquo;accessibilit\u00e9.<\/p>\n\n<h3 class=\"wp-block-heading\">Charge disproportionn\u00e9e<\/h3>\n\n<p>Les contenus suivants ne sont pas mis \u00e0 disposition sans barri\u00e8res, car cela nous imposerait une charge disproportionn\u00e9e :<\/p>\n\n<p>Le Studierendenwerk ne dispose pas actuellement de ressources humaines et financi\u00e8res suffisantes pour rendre accessibles tous les documents existants. Il manque notamment du personnel form\u00e9 et les moyens techniques n\u00e9cessaires pour rendre ces fichiers accessibles ult\u00e9rieurement \u00e0 l&rsquo;\u00e9chelle de l&rsquo;ensemble du site. <br\/><br\/>Conform\u00e9ment \u00e0 l&rsquo;article 4, paragraphe 3, du BbgBITV, nous invoquons dans ces cas une charge disproportionn\u00e9e.<br\/><br\/>Nous nous effor\u00e7ons toutefois de d\u00e9velopper en permanence des informations accessibles et de rendre les nouveaux documents publi\u00e9s accessibles dans la mesure du possible.<\/p>\n\n<h3 class=\"wp-block-heading\">M\u00e9thode d&rsquo;\u00e9valuation<\/h3>\n\n<p>L&rsquo;\u00e9valuation de l&rsquo;accessibilit\u00e9 de ce site a \u00e9t\u00e9 r\u00e9alis\u00e9e en juin 2025 au moyen d&rsquo;un auto-test r\u00e9alis\u00e9 avec l&rsquo;outil en ligne accessibilitychecker.org.<\/p>\n\n<p>Lors de la v\u00e9rification, toutes les barri\u00e8res identifi\u00e9es par l&rsquo;outil ont \u00e9t\u00e9 analys\u00e9es et corrig\u00e9es par la suite. La d\u00e9claration est bas\u00e9e sur cette auto-\u00e9valuation. <\/p>\n\n<h2 class=\"wp-block-heading\">Mesures suppl\u00e9mentaires pour am\u00e9liorer l&rsquo;accessibilit\u00e9 de notre site Web<\/h2>\n\n<p>Nous nous effor\u00e7ons constamment d&rsquo;am\u00e9liorer l&rsquo;accessibilit\u00e9 de notre site Web. Voici ce que nous faisons actuellement : <\/p>\n\n<p>Une barre d&rsquo;outils d&rsquo;accessibilit\u00e9 a \u00e9t\u00e9 int\u00e9gr\u00e9e afin d&rsquo;am\u00e9liorer l&rsquo;utilisation du site par les personnes handicap\u00e9es. Celle-ci offre de nombreuses possibilit\u00e9s de r\u00e9glage, telles que l&rsquo;augmentation des contrastes, l&rsquo;adaptation de la taille des caract\u00e8res, l&rsquo;am\u00e9lioration de la lisibilit\u00e9 ainsi que la navigation \u00e0 l&rsquo;aide du clavier.<br\/><br\/>L&rsquo;ic\u00f4ne correspondante pour ouvrir la barre d&rsquo;outils se trouve en bas \u00e0 droite de l&rsquo;\u00e9cran et est visible sur toutes les pages. Cette fonctionnalit\u00e9 est fournie par l&rsquo;outil OneTap Accessibility. <\/p>\n\n<h2 class=\"wp-block-heading\">Proc\u00e9dure d&rsquo;application<\/h2>\n\n<p>Si vous estimez que vous \u00eates d\u00e9savantag\u00e9 par une accessibilit\u00e9 insuffisante de notre site Web, vous pouvez contacter l&rsquo;organisme d&rsquo;ex\u00e9cution comp\u00e9tent. Vous pouvez le contacter \u00e0 l&rsquo;adresse suivante <\/p>\n\n<p>Minist\u00e8re des Affaires sociales, de la Sant\u00e9, des Femmes et de la Famille &#8211; Ref. B1<br\/>Franz-Josef-R\u00f6der-Stra\u00dfe 23<br\/>66119 Saarbr\u00fccken <\/p>\n\n<p>T\u00e9l\u00e9phone : 0681 501-3343<\/p>\n\n<h2 class=\"wp-block-heading\">R\u00e9daction de la pr\u00e9sente d\u00e9claration d&rsquo;accessibilit\u00e9<\/h2>\n\n<p>Cette d\u00e9claration a \u00e9t\u00e9 \u00e9tablie le 22.10.2025.<\/p>\n\n<p>La d\u00e9claration a \u00e9t\u00e9 v\u00e9rifi\u00e9e pour la derni\u00e8re fois le 22.10.2025.<\/p>\n","protected":false},"excerpt":{"rendered":"<p>En tant qu&rsquo;exploitant du site Web, nous (Studierendenwerk Saarland) nous effor\u00e7ons de concevoir le site Web en conformit\u00e9 avec les dispositions applicables en mati\u00e8re d&rsquo;accessibilit\u00e9. La l\u00e9gislation suivante s&rsquo;applique \u00e0 nous : Loi n\u00b0 1541 sur l&rsquo;\u00e9galit\u00e9 des personnes handicap\u00e9es en Sarre (Saarl\u00e4ndisches Behindertengleichstellungsgesetz &#8211; SBGG) et d\u00e9cret sarrois sur l&rsquo;\u00e9galit\u00e9 des personnes handicap\u00e9es (SBGVO) &#8230; <a title=\"D\u00e9claration d&rsquo;accessibilit\u00e9\" class=\"read-more\" href=\"https:\/\/www.stw-saarland.de\/fr\/declaration-daccessibilite\/\" aria-label=\"En savoir plus sur D\u00e9claration d&rsquo;accessibilit\u00e9\">Lire plus<\/a><\/p>\n","protected":false},"author":1,"featured_media":0,"parent":0,"menu_order":0,"comment_status":"closed","ping_status":"closed","template":"","meta":{"_acf_changed":false,"inline_featured_image":false,"_uag_custom_page_level_css":"","footnotes":""},"class_list":["post-9273","page","type-page","status-publish"],"acf":[],"uagb_featured_image_src":{"full":false,"thumbnail":false,"medium":false,"medium_large":false,"large":false,"1536x1536":false,"2048x2048":false,"gform-image-choice-sm":false,"gform-image-choice-md":false,"gform-image-choice-lg":false},"uagb_author_info":{"display_name":"pixelarbeiter","author_link":"https:\/\/www.stw-saarland.de\/fr\/author\/pixelarbeiter\/"},"uagb_comment_info":0,"uagb_excerpt":"En tant qu&rsquo;exploitant du site Web, nous (Studierendenwerk Saarland) nous effor\u00e7ons de concevoir le site Web en conformit\u00e9 avec les dispositions applicables en mati\u00e8re d&rsquo;accessibilit\u00e9. La l\u00e9gislation suivante s&rsquo;applique \u00e0 nous : Loi n\u00b0 1541 sur l&rsquo;\u00e9galit\u00e9 des personnes handicap\u00e9es en Sarre (Saarl\u00e4ndisches Behindertengleichstellungsgesetz &#8211; SBGG) et d\u00e9cret sarrois sur l&rsquo;\u00e9galit\u00e9 des personnes handicap\u00e9es (SBGVO)\u2026","_links":{"self":[{"href":"https:\/\/www.stw-saarland.de\/fr\/wp-json\/wp\/v2\/pages\/9273","targetHints":{"allow":["GET"]}}],"collection":[{"href":"https:\/\/www.stw-saarland.de\/fr\/wp-json\/wp\/v2\/pages"}],"about":[{"href":"https:\/\/www.stw-saarland.de\/fr\/wp-json\/wp\/v2\/types\/page"}],"author":[{"embeddable":true,"href":"https:\/\/www.stw-saarland.de\/fr\/wp-json\/wp\/v2\/users\/1"}],"replies":[{"embeddable":true,"href":"https:\/\/www.stw-saarland.de\/fr\/wp-json\/wp\/v2\/comments?post=9273"}],"version-history":[{"count":7,"href":"https:\/\/www.stw-saarland.de\/fr\/wp-json\/wp\/v2\/pages\/9273\/revisions"}],"predecessor-version":[{"id":9338,"href":"https:\/\/www.stw-saarland.de\/fr\/wp-json\/wp\/v2\/pages\/9273\/revisions\/9338"}],"wp:attachment":[{"href":"https:\/\/www.stw-saarland.de\/fr\/wp-json\/wp\/v2\/media?parent=9273"}],"curies":[{"name":"wp","href":"https:\/\/api.w.org\/{rel}","templated":true}]}}